{"id":887,"date":"2019-01-13T12:32:54","date_gmt":"2019-01-13T12:32:54","guid":{"rendered":"http:\/\/www.adalia.ac.ma\/?page_id=887"},"modified":"2023-11-06T07:50:37","modified_gmt":"2023-11-06T07:50:37","slug":"ose-en-afrique-2","status":"publish","type":"page","link":"https:\/\/www.adalia.ac.ma\/en\/fr\/faculty\/lab\/ose-en-afrique-2\/","title":{"rendered":"Observatory of Support for Entrepreneurship in Africa"},"content":{"rendered":"<div class=\"fusion-fullwidth fullwidth-box fusion-builder-row-1 fusion-flex-container nonhundred-percent-fullwidth non-hundred-percent-height-scrolling\" style=\"--awb-border-radius-top-left:0px;--awb-border-radius-top-right:0px;--awb-border-radius-bottom-right:0px;--awb-border-radius-bottom-left:0px;--awb-flex-wrap:wrap;\" ><div class=\"fusion-builder-row fusion-row fusion-flex-align-items-flex-start fusion-flex-content-wrap\" style=\"max-width:1144px;margin-left: calc(-4% \/ 2 );margin-right: calc(-4% \/ 2 );\"><div class=\"fusion-layout-column fusion_builder_column fusion-builder-column-0 fusion_builder_column_1_1 1_1 fusion-flex-column\" style=\"--awb-bg-size:cover;--awb-width-large:100%;--awb-margin-top-large:0px;--awb-spacing-right-large:1.92%;--awb-margin-bottom-large:20px;--awb-spacing-left-large:1.92%;--awb-width-medium:100%;--awb-spacing-right-medium:1.92%;--awb-spacing-left-medium:1.92%;--awb-width-small:100%;--awb-spacing-right-small:1.92%;--awb-spacing-left-small:1.92%;\"><div class=\"fusion-column-wrapper fusion-flex-justify-content-flex-start fusion-content-layout-column\"><div class=\"fusion-title title fusion-title-1 fusion-sep-none fusion-title-text fusion-title-size-two\"><h2 class=\"fusion-title-heading title-heading-left\" style=\"margin:0;\">Research Program: Observatory of Support for Entrepreneurship in Africa (OSE in Africa)<\/h2><\/div><\/div><\/div><div class=\"fusion-layout-column fusion_builder_column fusion-builder-column-1 fusion_builder_column_2_3 2_3 fusion-flex-column\" style=\"--awb-bg-size:cover;--awb-width-large:66.666666666667%;--awb-margin-top-large:0px;--awb-spacing-right-large:2.88%;--awb-margin-bottom-large:20px;--awb-spacing-left-large:2.88%;--awb-width-medium:66.666666666667%;--awb-spacing-right-medium:2.88%;--awb-spacing-left-medium:2.88%;--awb-width-small:100%;--awb-spacing-right-small:1.92%;--awb-spacing-left-small:1.92%;\"><div class=\"fusion-column-wrapper fusion-flex-justify-content-flex-start fusion-content-layout-column\"><div class=\"fusion-image-element\" style=\"--awb-caption-title-font-family:var(--h2_typography-font-family);--awb-caption-title-font-weight:var(--h2_typography-font-weight);--awb-caption-title-font-style:var(--h2_typography-font-style);--awb-caption-title-size:var(--h2_typography-font-size);--awb-caption-title-transform:var(--h2_typography-text-transform);--awb-caption-title-line-height:var(--h2_typography-line-height);--awb-caption-title-letter-spacing:var(--h2_typography-letter-spacing);\"><span class=\"fusion-imageframe imageframe-none imageframe-1 hover-type-none\"><a class=\"fusion-no-lightbox\" href=\"http:\/\/ose.adalia.ac.ma\/\" target=\"_self\" aria-label=\"ose-afric-logo-rvb\"><img decoding=\"async\" width=\"1920\" height=\"1080\" src=\"http:\/\/www.adalia.ac.ma\/wp-content\/uploads\/2022\/02\/ose-afric-logo-rvb.png\" alt class=\"img-responsive wp-image-1773\" srcset=\"https:\/\/www.adalia.ac.ma\/wp-content\/uploads\/2022\/02\/ose-afric-logo-rvb-200x113.png 200w, https:\/\/www.adalia.ac.ma\/wp-content\/uploads\/2022\/02\/ose-afric-logo-rvb-400x225.png 400w, https:\/\/www.adalia.ac.ma\/wp-content\/uploads\/2022\/02\/ose-afric-logo-rvb-600x338.png 600w, https:\/\/www.adalia.ac.ma\/wp-content\/uploads\/2022\/02\/ose-afric-logo-rvb-800x450.png 800w, https:\/\/www.adalia.ac.ma\/wp-content\/uploads\/2022\/02\/ose-afric-logo-rvb-1200x675.png 1200w, https:\/\/www.adalia.ac.ma\/wp-content\/uploads\/2022\/02\/ose-afric-logo-rvb.png 1920w\" sizes=\"(max-width: 640px) 100vw, 800px\" \/><\/a><\/span><\/div><div class=\"fusion-text fusion-text-1\"><p>The ADALIA Institute Research Faculty leads an applied research program in favor of Innovation and Entrepreneurship in Africa through the creation and development of the Observatory of Support for Entrepreneurship in Africa (OSE in Africa\u00a9 ).<\/p>\n<p>This research program includes the following components:<\/p>\n<ul>\n<li>Census of entrepreneurship support structures in Africa;<\/li>\n<li>Analysis of their activity;<\/li>\n<li>Establishment of a Mapping of the Entrepreneurial Ecosystem in Morocco using the network method;<\/li>\n<li>Qualitative and quantitative analyses;<\/li>\n<li>Carrying out studies.<\/li>\n<\/ul>\n<h1>The national reporting roadmap<\/h1>\n<p>We have already identified more than 1,500 African entrepreneurial ecosystem actors, who have many characteristics and functions. Reports are available for the periods 2008 to 2023 for Tunisia (12 in French and 12 in English) and Morocco (12 in French and 12 in English). See here for data collection and reporting for other nations.<\/p>\n<h1>Pan-African reports<\/h1>\n<p>Pan-African reports from 2008 to 2023 will be available at the end of the first quarter of 2025.<\/p>\n<h1>Consulting<\/h1>\n<p>Our team of advisors is currently available, please contact us.<\/p>\n<h1>Training programs<\/h1>\n<p>By the end of the first quarter of 2024, training programs for management stakeholders and entrepreneurs will be available.<\/p>\n<h1>The online platform for entrepreneurs<\/h1>\n<p>By the end of 2024, the consolidated directory of African Entrepreneurial Ecosystem Actors will be available, including search and contact functions.<\/p>\n<\/div><div class=\"fusion-image-element\" style=\"--awb-caption-title-font-family:var(--h2_typography-font-family);--awb-caption-title-font-weight:var(--h2_typography-font-weight);--awb-caption-title-font-style:var(--h2_typography-font-style);--awb-caption-title-size:var(--h2_typography-font-size);--awb-caption-title-transform:var(--h2_typography-text-transform);--awb-caption-title-line-height:var(--h2_typography-line-height);--awb-caption-title-letter-spacing:var(--h2_typography-letter-spacing);\"><span class=\"fusion-imageframe imageframe-none imageframe-2 hover-type-none\"><img decoding=\"async\" width=\"1024\" height=\"576\" title=\"OSE-en-Afrique-2022-slides-04\" src=\"http:\/\/www.adalia.ac.ma\/wp-content\/uploads\/2022\/02\/OSE-en-Afrique-2022-slides-04-1024x576.jpg\" alt class=\"img-responsive wp-image-1807\" srcset=\"https:\/\/www.adalia.ac.ma\/wp-content\/uploads\/2022\/02\/OSE-en-Afrique-2022-slides-04-200x113.jpg 200w, https:\/\/www.adalia.ac.ma\/wp-content\/uploads\/2022\/02\/OSE-en-Afrique-2022-slides-04-400x225.jpg 400w, https:\/\/www.adalia.ac.ma\/wp-content\/uploads\/2022\/02\/OSE-en-Afrique-2022-slides-04-600x338.jpg 600w, https:\/\/www.adalia.ac.ma\/wp-content\/uploads\/2022\/02\/OSE-en-Afrique-2022-slides-04-800x450.jpg 800w, https:\/\/www.adalia.ac.ma\/wp-content\/uploads\/2022\/02\/OSE-en-Afrique-2022-slides-04-1200x675.jpg 1200w, https:\/\/www.adalia.ac.ma\/wp-content\/uploads\/2022\/02\/OSE-en-Afrique-2022-slides-04.jpg 1920w\" sizes=\"(max-width: 640px) 100vw, 800px\" \/><\/span><\/div><\/div><\/div><div class=\"fusion-layout-column fusion_builder_column fusion-builder-column-2 fusion_builder_column_1_3 1_3 fusion-flex-column\" style=\"--awb-bg-size:cover;--awb-width-large:33.333333333333%;--awb-margin-top-large:0px;--awb-spacing-right-large:5.76%;--awb-margin-bottom-large:20px;--awb-spacing-left-large:5.76%;--awb-width-medium:33.333333333333%;--awb-spacing-right-medium:5.76%;--awb-spacing-left-medium:5.76%;--awb-width-small:100%;--awb-spacing-right-small:1.92%;--awb-spacing-left-small:1.92%;\"><div class=\"fusion-column-wrapper fusion-flex-justify-content-flex-start fusion-content-layout-column\"><div class=\"fusion-separator fusion-full-width-sep\" style=\"align-self: center;margin-left: auto;margin-right: auto;margin-top:10px;width:100%;\"><\/div><div class=\"fusion-text fusion-text-2\"><p>OSE in Africa is the African \u201cStartuper Portal\u201d containing:<\/p>\n<ul>\n<li>The database of entrepreneurship support structures in Morocco (Incubators, Co-Working spaces, Investment Funds, FabLab, etc.);<\/li>\n<li>The database of entrepreneurship support programs<\/li>\n<li>Sectoral studies and guides for evolving in the Ecosystem<\/li>\n<\/ul>\n<\/div><div class=\"fusion-image-element\" style=\"--awb-caption-title-font-family:var(--h2_typography-font-family);--awb-caption-title-font-weight:var(--h2_typography-font-weight);--awb-caption-title-font-style:var(--h2_typography-font-style);--awb-caption-title-size:var(--h2_typography-font-size);--awb-caption-title-transform:var(--h2_typography-text-transform);--awb-caption-title-line-height:var(--h2_typography-line-height);--awb-caption-title-letter-spacing:var(--h2_typography-letter-spacing);\"><span class=\"fusion-imageframe imageframe-none imageframe-3 hover-type-none\"><img decoding=\"async\" width=\"1370\" height=\"1932\" title=\"Capture d\u2019e\u0301cran 2023-11-05 a\u0300 15.30.46\" src=\"https:\/\/www.adalia.ac.ma\/wp-content\/uploads\/2023\/11\/Capture-decran-2023-11-05-a-15.30.46-1.png\" alt class=\"img-responsive wp-image-2299\" srcset=\"https:\/\/www.adalia.ac.ma\/wp-content\/uploads\/2023\/11\/Capture-decran-2023-11-05-a-15.30.46-1-200x282.png 200w, https:\/\/www.adalia.ac.ma\/wp-content\/uploads\/2023\/11\/Capture-decran-2023-11-05-a-15.30.46-1-400x564.png 400w, https:\/\/www.adalia.ac.ma\/wp-content\/uploads\/2023\/11\/Capture-decran-2023-11-05-a-15.30.46-1-600x846.png 600w, https:\/\/www.adalia.ac.ma\/wp-content\/uploads\/2023\/11\/Capture-decran-2023-11-05-a-15.30.46-1-800x1128.png 800w, https:\/\/www.adalia.ac.ma\/wp-content\/uploads\/2023\/11\/Capture-decran-2023-11-05-a-15.30.46-1-1200x1692.png 1200w, https:\/\/www.adalia.ac.ma\/wp-content\/uploads\/2023\/11\/Capture-decran-2023-11-05-a-15.30.46-1.png 1370w\" sizes=\"(max-width: 640px) 100vw, 400px\" \/><\/span><\/div><\/div><\/div><\/div><\/div>","protected":false},"excerpt":{"rendered":"","protected":false},"author":1,"featured_media":0,"parent":247,"menu_order":0,"comment_status":"closed","ping_status":"closed","template":"100-width.php","meta":{"footnotes":""},"class_list":["post-887","page","type-page","status-publish","hentry"],"yoast_head":"<!-- This site is optimized with the Yoast SEO plugin v27.6 - https:\/\/yoast.com\/product\/yoast-seo-wordpress\/ -->\n<title>Observatoire des Soutiens \u00e0 l&#039;Entrepreneuriat en Afrique - ADALIA Institute<\/title>\n<meta name=\"description\" content=\"D\u00e9couvrez l&#039;ADALIA Institute, une \u00e9cole d&#039;enseignement sup\u00e9rieur situ\u00e9e \u00e0 Casablanca. Nous proposons des formations en Licence, Master et Doctorat dans des domaines vari\u00e9s. Notre objectif est de former des professionnels comp\u00e9tents et innovants, pr\u00eats \u00e0 relever les d\u00e9fis du monde professionnel. D\u00e9couvrez notre programme acad\u00e9mique et nos options de financement. Inscrivez-vous d\u00e8s maintenant pour donner un coup de pouce \u00e0 votre carri\u00e8re !\" \/>\n<meta name=\"robots\" content=\"index, follow, max-snippet:-1, max-image-preview:large, max-video-preview:-1\" \/>\n<link rel=\"canonical\" href=\"https:\/\/www.adalia.ac.ma\/en\/faculty\/lab\/ose-en-afrique-2\/\" \/>\n<meta property=\"og:locale\" content=\"en_US\" \/>\n<meta property=\"og:type\" content=\"article\" \/>\n<meta property=\"og:title\" content=\"Observatoire des Soutiens \u00e0 l&#039;Entrepreneuriat en Afrique - ADALIA Institute\" \/>\n<meta property=\"og:description\" content=\"D\u00e9couvrez l&#039;ADALIA Institute, une \u00e9cole d&#039;enseignement sup\u00e9rieur situ\u00e9e \u00e0 Casablanca. Nous proposons des formations en Licence, Master et Doctorat dans des domaines vari\u00e9s. Notre objectif est de former des professionnels comp\u00e9tents et innovants, pr\u00eats \u00e0 relever les d\u00e9fis du monde professionnel. D\u00e9couvrez notre programme acad\u00e9mique et nos options de financement. Inscrivez-vous d\u00e8s maintenant pour donner un coup de pouce \u00e0 votre carri\u00e8re !\" \/>\n<meta property=\"og:url\" content=\"https:\/\/www.adalia.ac.ma\/en\/faculty\/lab\/ose-en-afrique-2\/\" \/>\n<meta property=\"og:site_name\" content=\"ADALIA Institute\" \/>\n<meta property=\"article:publisher\" content=\"https:\/\/www.facebook.com\/adalia.business.school\/\" \/>\n<meta property=\"article:modified_time\" content=\"2023-11-06T07:50:37+00:00\" \/>\n<meta name=\"twitter:card\" content=\"summary_large_image\" \/>\n<meta name=\"twitter:label1\" content=\"Est. reading time\" \/>\n\t<meta name=\"twitter:data1\" content=\"3 minutes\" \/>\n<script type=\"application\/ld+json\" class=\"yoast-schema-graph\">{\"@context\":\"https:\\\/\\\/schema.org\",\"@graph\":[{\"@type\":\"WebPage\",\"@id\":\"https:\\\/\\\/www.adalia.ac.ma\\\/fr\\\/faculty\\\/lab\\\/ose-en-afrique-2\\\/\",\"url\":\"https:\\\/\\\/www.adalia.ac.ma\\\/fr\\\/faculty\\\/lab\\\/ose-en-afrique-2\\\/\",\"name\":\"Observatoire des Soutiens \u00e0 l'Entrepreneuriat en Afrique - ADALIA Institute\",\"isPartOf\":{\"@id\":\"https:\\\/\\\/www.adalia.ac.ma\\\/#website\"},\"datePublished\":\"2019-01-13T12:32:54+00:00\",\"dateModified\":\"2023-11-06T07:50:37+00:00\",\"description\":\"D\u00e9couvrez l'ADALIA Institute, une \u00e9cole d'enseignement sup\u00e9rieur situ\u00e9e \u00e0 Casablanca. Nous proposons des formations en Licence, Master et Doctorat dans des domaines vari\u00e9s. Notre objectif est de former des professionnels comp\u00e9tents et innovants, pr\u00eats \u00e0 relever les d\u00e9fis du monde professionnel. D\u00e9couvrez notre programme acad\u00e9mique et nos options de financement. Inscrivez-vous d\u00e8s maintenant pour donner un coup de pouce \u00e0 votre carri\u00e8re !\",\"breadcrumb\":{\"@id\":\"https:\\\/\\\/www.adalia.ac.ma\\\/fr\\\/faculty\\\/lab\\\/ose-en-afrique-2\\\/#breadcrumb\"},\"inLanguage\":\"en-US\",\"potentialAction\":[{\"@type\":\"ReadAction\",\"target\":[\"https:\\\/\\\/www.adalia.ac.ma\\\/fr\\\/faculty\\\/lab\\\/ose-en-afrique-2\\\/\"]}]},{\"@type\":\"BreadcrumbList\",\"@id\":\"https:\\\/\\\/www.adalia.ac.ma\\\/fr\\\/faculty\\\/lab\\\/ose-en-afrique-2\\\/#breadcrumb\",\"itemListElement\":[{\"@type\":\"ListItem\",\"position\":1,\"name\":\"Accueil\",\"item\":\"https:\\\/\\\/www.adalia.ac.ma\\\/\"},{\"@type\":\"ListItem\",\"position\":2,\"name\":\"Accueil\",\"item\":\"https:\\\/\\\/www.adalia.ac.ma\\\/fr\\\/\"},{\"@type\":\"ListItem\",\"position\":3,\"name\":\"Facult\u00e9 et Recherche\",\"item\":\"https:\\\/\\\/www.adalia.ac.ma\\\/fr\\\/faculty\\\/\"},{\"@type\":\"ListItem\",\"position\":4,\"name\":\"Recherche et Publications\",\"item\":\"https:\\\/\\\/www.adalia.ac.ma\\\/fr\\\/faculty\\\/lab\\\/\"},{\"@type\":\"ListItem\",\"position\":5,\"name\":\"Observatoire des Soutiens \u00e0 l&rsquo;Entrepreneuriat en Afrique\"}]},{\"@type\":\"WebSite\",\"@id\":\"https:\\\/\\\/www.adalia.ac.ma\\\/#website\",\"url\":\"https:\\\/\\\/www.adalia.ac.ma\\\/\",\"name\":\"ADALIA Institute |\u00a0School of Business and Management\",\"description\":\"Thinkers &amp; Doers\",\"publisher\":{\"@id\":\"https:\\\/\\\/www.adalia.ac.ma\\\/#organization\"},\"alternateName\":\"ADALIA Institute\",\"potentialAction\":[{\"@type\":\"SearchAction\",\"target\":{\"@type\":\"EntryPoint\",\"urlTemplate\":\"https:\\\/\\\/www.adalia.ac.ma\\\/?s={search_term_string}\"},\"query-input\":{\"@type\":\"PropertyValueSpecification\",\"valueRequired\":true,\"valueName\":\"search_term_string\"}}],\"inLanguage\":\"en-US\"},{\"@type\":\"Organization\",\"@id\":\"https:\\\/\\\/www.adalia.ac.ma\\\/#organization\",\"name\":\"ADALIA Institute | School of Business and Management\",\"alternateName\":\"ADALIA Institute\",\"url\":\"https:\\\/\\\/www.adalia.ac.ma\\\/\",\"logo\":{\"@type\":\"ImageObject\",\"inLanguage\":\"en-US\",\"@id\":\"https:\\\/\\\/www.adalia.ac.ma\\\/#\\\/schema\\\/logo\\\/image\\\/\",\"url\":\"https:\\\/\\\/www.adalia.ac.ma\\\/wp-content\\\/uploads\\\/2020\\\/08\\\/adalia-icon-r-75.png\",\"contentUrl\":\"https:\\\/\\\/www.adalia.ac.ma\\\/wp-content\\\/uploads\\\/2020\\\/08\\\/adalia-icon-r-75.png\",\"width\":75,\"height\":75,\"caption\":\"ADALIA Institute | School of Business and Management\"},\"image\":{\"@id\":\"https:\\\/\\\/www.adalia.ac.ma\\\/#\\\/schema\\\/logo\\\/image\\\/\"},\"sameAs\":[\"https:\\\/\\\/www.facebook.com\\\/adalia.business.school\\\/\",\"https:\\\/\\\/www.linkedin.com\\\/company\\\/adalia-school-of-business\\\/\",\"https:\\\/\\\/www.instagram.com\\\/adalia.institute\\\/\"]}]}<\/script>\n<!-- \/ Yoast SEO plugin. -->","yoast_head_json":{"title":"Observatoire des Soutiens \u00e0 l'Entrepreneuriat en Afrique - ADALIA Institute","description":"D\u00e9couvrez l'ADALIA Institute, une \u00e9cole d'enseignement sup\u00e9rieur situ\u00e9e \u00e0 Casablanca. Nous proposons des formations en Licence, Master et Doctorat dans des domaines vari\u00e9s. Notre objectif est de former des professionnels comp\u00e9tents et innovants, pr\u00eats \u00e0 relever les d\u00e9fis du monde professionnel. D\u00e9couvrez notre programme acad\u00e9mique et nos options de financement. Inscrivez-vous d\u00e8s maintenant pour donner un coup de pouce \u00e0 votre carri\u00e8re !","robots":{"index":"index","follow":"follow","max-snippet":"max-snippet:-1","max-image-preview":"max-image-preview:large","max-video-preview":"max-video-preview:-1"},"canonical":"https:\/\/www.adalia.ac.ma\/en\/faculty\/lab\/ose-en-afrique-2\/","og_locale":"en_US","og_type":"article","og_title":"Observatoire des Soutiens \u00e0 l'Entrepreneuriat en Afrique - ADALIA Institute","og_description":"D\u00e9couvrez l'ADALIA Institute, une \u00e9cole d'enseignement sup\u00e9rieur situ\u00e9e \u00e0 Casablanca. Nous proposons des formations en Licence, Master et Doctorat dans des domaines vari\u00e9s. Notre objectif est de former des professionnels comp\u00e9tents et innovants, pr\u00eats \u00e0 relever les d\u00e9fis du monde professionnel. D\u00e9couvrez notre programme acad\u00e9mique et nos options de financement. Inscrivez-vous d\u00e8s maintenant pour donner un coup de pouce \u00e0 votre carri\u00e8re !","og_url":"https:\/\/www.adalia.ac.ma\/en\/faculty\/lab\/ose-en-afrique-2\/","og_site_name":"ADALIA Institute","article_publisher":"https:\/\/www.facebook.com\/adalia.business.school\/","article_modified_time":"2023-11-06T07:50:37+00:00","twitter_card":"summary_large_image","twitter_misc":{"Est. reading time":"3 minutes"},"schema":{"@context":"https:\/\/schema.org","@graph":[{"@type":"WebPage","@id":"https:\/\/www.adalia.ac.ma\/fr\/faculty\/lab\/ose-en-afrique-2\/","url":"https:\/\/www.adalia.ac.ma\/fr\/faculty\/lab\/ose-en-afrique-2\/","name":"Observatoire des Soutiens \u00e0 l'Entrepreneuriat en Afrique - ADALIA Institute","isPartOf":{"@id":"https:\/\/www.adalia.ac.ma\/#website"},"datePublished":"2019-01-13T12:32:54+00:00","dateModified":"2023-11-06T07:50:37+00:00","description":"D\u00e9couvrez l'ADALIA Institute, une \u00e9cole d'enseignement sup\u00e9rieur situ\u00e9e \u00e0 Casablanca. Nous proposons des formations en Licence, Master et Doctorat dans des domaines vari\u00e9s. Notre objectif est de former des professionnels comp\u00e9tents et innovants, pr\u00eats \u00e0 relever les d\u00e9fis du monde professionnel. D\u00e9couvrez notre programme acad\u00e9mique et nos options de financement. Inscrivez-vous d\u00e8s maintenant pour donner un coup de pouce \u00e0 votre carri\u00e8re !","breadcrumb":{"@id":"https:\/\/www.adalia.ac.ma\/fr\/faculty\/lab\/ose-en-afrique-2\/#breadcrumb"},"inLanguage":"en-US","potentialAction":[{"@type":"ReadAction","target":["https:\/\/www.adalia.ac.ma\/fr\/faculty\/lab\/ose-en-afrique-2\/"]}]},{"@type":"BreadcrumbList","@id":"https:\/\/www.adalia.ac.ma\/fr\/faculty\/lab\/ose-en-afrique-2\/#breadcrumb","itemListElement":[{"@type":"ListItem","position":1,"name":"Accueil","item":"https:\/\/www.adalia.ac.ma\/"},{"@type":"ListItem","position":2,"name":"Accueil","item":"https:\/\/www.adalia.ac.ma\/fr\/"},{"@type":"ListItem","position":3,"name":"Facult\u00e9 et Recherche","item":"https:\/\/www.adalia.ac.ma\/fr\/faculty\/"},{"@type":"ListItem","position":4,"name":"Recherche et Publications","item":"https:\/\/www.adalia.ac.ma\/fr\/faculty\/lab\/"},{"@type":"ListItem","position":5,"name":"Observatoire des Soutiens \u00e0 l&rsquo;Entrepreneuriat en Afrique"}]},{"@type":"WebSite","@id":"https:\/\/www.adalia.ac.ma\/#website","url":"https:\/\/www.adalia.ac.ma\/","name":"ADALIA Institute |\u00a0School of Business and Management","description":"Thinkers &amp; Doers","publisher":{"@id":"https:\/\/www.adalia.ac.ma\/#organization"},"alternateName":"ADALIA Institute","potentialAction":[{"@type":"SearchAction","target":{"@type":"EntryPoint","urlTemplate":"https:\/\/www.adalia.ac.ma\/?s={search_term_string}"},"query-input":{"@type":"PropertyValueSpecification","valueRequired":true,"valueName":"search_term_string"}}],"inLanguage":"en-US"},{"@type":"Organization","@id":"https:\/\/www.adalia.ac.ma\/#organization","name":"ADALIA Institute | School of Business and Management","alternateName":"ADALIA Institute","url":"https:\/\/www.adalia.ac.ma\/","logo":{"@type":"ImageObject","inLanguage":"en-US","@id":"https:\/\/www.adalia.ac.ma\/#\/schema\/logo\/image\/","url":"https:\/\/www.adalia.ac.ma\/wp-content\/uploads\/2020\/08\/adalia-icon-r-75.png","contentUrl":"https:\/\/www.adalia.ac.ma\/wp-content\/uploads\/2020\/08\/adalia-icon-r-75.png","width":75,"height":75,"caption":"ADALIA Institute | School of Business and Management"},"image":{"@id":"https:\/\/www.adalia.ac.ma\/#\/schema\/logo\/image\/"},"sameAs":["https:\/\/www.facebook.com\/adalia.business.school\/","https:\/\/www.linkedin.com\/company\/adalia-school-of-business\/","https:\/\/www.instagram.com\/adalia.institute\/"]}]}},"_links":{"self":[{"href":"https:\/\/www.adalia.ac.ma\/en\/wp-json\/wp\/v2\/pages\/887","targetHints":{"allow":["GET"]}}],"collection":[{"href":"https:\/\/www.adalia.ac.ma\/en\/wp-json\/wp\/v2\/pages"}],"about":[{"href":"https:\/\/www.adalia.ac.ma\/en\/wp-json\/wp\/v2\/types\/page"}],"author":[{"embeddable":true,"href":"https:\/\/www.adalia.ac.ma\/en\/wp-json\/wp\/v2\/users\/1"}],"replies":[{"embeddable":true,"href":"https:\/\/www.adalia.ac.ma\/en\/wp-json\/wp\/v2\/comments?post=887"}],"version-history":[{"count":15,"href":"https:\/\/www.adalia.ac.ma\/en\/wp-json\/wp\/v2\/pages\/887\/revisions"}],"predecessor-version":[{"id":2300,"href":"https:\/\/www.adalia.ac.ma\/en\/wp-json\/wp\/v2\/pages\/887\/revisions\/2300"}],"up":[{"embeddable":true,"href":"https:\/\/www.adalia.ac.ma\/en\/wp-json\/wp\/v2\/pages\/247"}],"wp:attachment":[{"href":"https:\/\/www.adalia.ac.ma\/en\/wp-json\/wp\/v2\/media?parent=887"}],"curies":[{"name":"wp","href":"https:\/\/api.w.org\/{rel}","templated":true}]}}