{"id":880,"date":"2019-01-13T12:23:05","date_gmt":"2019-01-13T12:23:05","guid":{"rendered":"http:\/\/www.adalia.ac.ma\/?page_id=880"},"modified":"2023-01-15T08:00:41","modified_gmt":"2023-01-15T08:00:41","slug":"innovation-deck","status":"publish","type":"page","link":"https:\/\/www.adalia.ac.ma\/en\/fr\/faculty\/events\/innovation-deck\/","title":{"rendered":"Innovation Deck\u00a9"},"content":{"rendered":"<div class=\"fusion-fullwidth fullwidth-box fusion-builder-row-1 fusion-flex-container nonhundred-percent-fullwidth non-hundred-percent-height-scrolling\" style=\"--awb-border-radius-top-left:0px;--awb-border-radius-top-right:0px;--awb-border-radius-bottom-right:0px;--awb-border-radius-bottom-left:0px;--awb-flex-wrap:wrap;\" ><div class=\"fusion-builder-row fusion-row fusion-flex-align-items-flex-start fusion-flex-content-wrap\" style=\"max-width:1144px;margin-left: calc(-4% \/ 2 );margin-right: calc(-4% \/ 2 );\"><div class=\"fusion-layout-column fusion_builder_column fusion-builder-column-0 fusion_builder_column_1_2 1_2 fusion-flex-column\" style=\"--awb-bg-size:cover;--awb-width-large:50%;--awb-margin-top-large:0px;--awb-spacing-right-large:3.84%;--awb-margin-bottom-large:20px;--awb-spacing-left-large:3.84%;--awb-width-medium:50%;--awb-spacing-right-medium:3.84%;--awb-spacing-left-medium:3.84%;--awb-width-small:100%;--awb-spacing-right-small:1.92%;--awb-spacing-left-small:1.92%;\"><div class=\"fusion-column-wrapper fusion-flex-justify-content-flex-start fusion-content-layout-column\"><div class=\"fusion-text fusion-text-1\"><h1>Innovation Deck\u00a9<\/h1>\n<p>Innovation Deck est un outil de Design Thinking d\u00e9velopp\u00e9 par ADALIA Institute &#8211; School of Business and Management qui vous permettra de r\u00e9soudre efficacement les probl\u00e8mes complexes et de concevoir des solutions innovantes.<\/p>\n<p>Cet outil est con\u00e7u pour faciliter la r\u00e9solution de probl\u00e8mes en utilisant une m\u00e9thodologie \u00e9prouv\u00e9e de Design Thinking. Il vous aidera \u00e0 comprendre les besoins des utilisateurs, \u00e0 identifier les opportunit\u00e9s d&rsquo;innovation et \u00e0 \u00e9laborer des concepts de produits ou de services. Il est \u00e9galement adapt\u00e9 pour les \u00e9quipes de travail, il peut les aider \u00e0 mieux collaborer et \u00e0 \u00e9changer des id\u00e9es.<\/p>\n<p>Innovation Deck est facile \u00e0 utiliser et \u00e0 comprendre. Il est \u00e9galement adapt\u00e9 aux personnes de tous les niveaux, que vous soyez un d\u00e9butant ou un professionnel exp\u00e9riment\u00e9 dans la r\u00e9solution de probl\u00e8mes. Il est \u00e9galement adapt\u00e9 pour les entreprises de toutes tailles et de tous les secteurs d&rsquo;activit\u00e9.<\/p>\n<p>En choisissant Innovation Deck, vous avez la garantie de b\u00e9n\u00e9ficier d&rsquo;un outil efficace qui vous aidera \u00e0 r\u00e9soudre les probl\u00e8mes complexes et \u00e0 concevoir des solutions innovantes. Il est \u00e9galement un outil p\u00e9dagogique pour les enseignants et les formateurs pour leur permettre de mieux transmettre les comp\u00e9tences de design thinking. Nous vous invitons \u00e0 d\u00e9couvrir comment Innovation Deck peut vous aider \u00e0 atteindre vos objectifs d&rsquo;innovation et de r\u00e9solution de probl\u00e8mes. Contactez-nous pour en savoir plus sur nos offres d&rsquo;utilisation et de formation.<\/p>\n<p>Jeu de 52 cartes r\u00e9parties comme suit :<\/p>\n<ul>\n<li>8 cartes d\u00e9couverte<\/li>\n<li>13 cartes d\u00e9cision<\/li>\n<li>3 cartes fabrication<\/li>\n<li>4 cartes validation<\/li>\n<li>3 cartes fondation<\/li>\n<li>21 cartes outils<\/li>\n<\/ul>\n<p>TITRE : Innovation Deck\u00a9<br \/>\nAuteur : Gr\u00e9gory GUENEAU<br \/>\nISBN : 978-9920-37-044-8<br \/>\nLangue : Fran\u00e7ais<br \/>\nEAN 9789920370448<br \/>\nDisponibilit\u00e9 : Disponible<br \/>\nNombre de pages 54 pages<br \/>\nPrix : 270 Dh<\/p>\n<\/div><\/div><\/div><div class=\"fusion-layout-column fusion_builder_column fusion-builder-column-1 fusion_builder_column_1_2 1_2 fusion-flex-column\" style=\"--awb-bg-position:center top;--awb-bg-size:cover;--awb-width-large:50%;--awb-margin-top-large:0px;--awb-spacing-right-large:3.84%;--awb-margin-bottom-large:20px;--awb-spacing-left-large:3.84%;--awb-width-medium:50%;--awb-spacing-right-medium:3.84%;--awb-spacing-left-medium:3.84%;--awb-width-small:100%;--awb-spacing-right-small:1.92%;--awb-spacing-left-small:1.92%;\"><div class=\"fusion-column-wrapper fusion-flex-justify-content-flex-start fusion-content-layout-column\"><div class=\"fusion-image-element \" style=\"--awb-caption-title-font-family:var(--h2_typography-font-family);--awb-caption-title-font-weight:var(--h2_typography-font-weight);--awb-caption-title-font-style:var(--h2_typography-font-style);--awb-caption-title-size:var(--h2_typography-font-size);--awb-caption-title-transform:var(--h2_typography-text-transform);--awb-caption-title-line-height:var(--h2_typography-line-height);--awb-caption-title-letter-spacing:var(--h2_typography-letter-spacing);\"><span class=\" fusion-imageframe imageframe-none imageframe-1 hover-type-none\"><img decoding=\"async\" width=\"1920\" height=\"1080\" title=\"InnovationDeck-2022\" src=\"http:\/\/www.adalia.ac.ma\/wp-content\/uploads\/2022\/02\/InnovationDeck-2022.jpg\" alt class=\"img-responsive wp-image-1767\" srcset=\"https:\/\/www.adalia.ac.ma\/wp-content\/uploads\/2022\/02\/InnovationDeck-2022-200x113.jpg 200w, https:\/\/www.adalia.ac.ma\/wp-content\/uploads\/2022\/02\/InnovationDeck-2022-400x225.jpg 400w, https:\/\/www.adalia.ac.ma\/wp-content\/uploads\/2022\/02\/InnovationDeck-2022-600x338.jpg 600w, https:\/\/www.adalia.ac.ma\/wp-content\/uploads\/2022\/02\/InnovationDeck-2022-800x450.jpg 800w, https:\/\/www.adalia.ac.ma\/wp-content\/uploads\/2022\/02\/InnovationDeck-2022-1200x675.jpg 1200w, https:\/\/www.adalia.ac.ma\/wp-content\/uploads\/2022\/02\/InnovationDeck-2022.jpg 1920w\" sizes=\"(max-width: 640px) 100vw, 600px\" \/><\/span><\/div><div class=\"fusion-title title fusion-title-1 fusion-sep-none fusion-title-text fusion-title-size-three\"><h3 class=\"fusion-title-heading title-heading-left\" style=\"margin:0;\">L&rsquo;outil de r\u00e9f\u00e9rence des managers et startupers<\/h3><\/div><div class=\"fusion-reading-box-container reading-box-container-1\" style=\"--awb-title-color:#333333;--awb-margin-top:0px;--awb-margin-bottom:84px;\"><div class=\"reading-box\" style=\"background-color:#f6f6f6;border-width:1px;border-color:#f6f6f6;border-left-width:3px;border-left-color:var(--primary_color);border-style:solid;\"><h2>Demandez la votre !<\/h2><div class=\"reading-box-description fusion-reading-box-additional\">Apprenez \u00e0 utiliser l'Innovation Deck\u00a9 d'ADALIA lors de s\u00e9ances de Design Thinking collectives. <\/div><div class=\"fusion-clearfix\"><\/div><\/div><\/div>[fusion_woo_shortcodes][product id=\u00a0\u00bb1337&Prime; sku=\u00a0\u00bb\u00a0\u00bb][\/fusion_woo_shortcodes]<\/div><\/div><\/div><\/div>\n","protected":false},"excerpt":{"rendered":"","protected":false},"author":1,"featured_media":0,"parent":250,"menu_order":0,"comment_status":"closed","ping_status":"closed","template":"100-width.php","meta":{"footnotes":""},"class_list":["post-880","page","type-page","status-publish","hentry"],"yoast_head":"<!-- This site is optimized with the Yoast SEO plugin v27.4 - https:\/\/yoast.com\/product\/yoast-seo-wordpress\/ -->\n<title>Innovation Deck\u00a9 - ADALIA Institute<\/title>\n<meta name=\"description\" content=\"D\u00e9couvrez l&#039;ADALIA Institute, une \u00e9cole d&#039;enseignement sup\u00e9rieur situ\u00e9e \u00e0 Casablanca. Nous proposons des formations en Licence, Master et Doctorat dans des domaines vari\u00e9s. Notre objectif est de former des professionnels comp\u00e9tents et innovants, pr\u00eats \u00e0 relever les d\u00e9fis du monde professionnel. D\u00e9couvrez notre programme acad\u00e9mique et nos options de financement. Inscrivez-vous d\u00e8s maintenant pour donner un coup de pouce \u00e0 votre carri\u00e8re !\" \/>\n<meta name=\"robots\" content=\"index, follow, max-snippet:-1, max-image-preview:large, max-video-preview:-1\" \/>\n<link rel=\"canonical\" href=\"https:\/\/www.adalia.ac.ma\/en\/faculty\/events\/innovation-deck\/\" \/>\n<meta property=\"og:locale\" content=\"en_US\" \/>\n<meta property=\"og:type\" content=\"article\" \/>\n<meta property=\"og:title\" content=\"Innovation Deck\u00a9 - ADALIA Institute\" \/>\n<meta property=\"og:description\" content=\"D\u00e9couvrez l&#039;ADALIA Institute, une \u00e9cole d&#039;enseignement sup\u00e9rieur situ\u00e9e \u00e0 Casablanca. Nous proposons des formations en Licence, Master et Doctorat dans des domaines vari\u00e9s. Notre objectif est de former des professionnels comp\u00e9tents et innovants, pr\u00eats \u00e0 relever les d\u00e9fis du monde professionnel. D\u00e9couvrez notre programme acad\u00e9mique et nos options de financement. Inscrivez-vous d\u00e8s maintenant pour donner un coup de pouce \u00e0 votre carri\u00e8re !\" \/>\n<meta property=\"og:url\" content=\"https:\/\/www.adalia.ac.ma\/en\/faculty\/events\/innovation-deck\/\" \/>\n<meta property=\"og:site_name\" content=\"ADALIA Institute\" \/>\n<meta property=\"article:publisher\" content=\"https:\/\/www.facebook.com\/adalia.business.school\/\" \/>\n<meta property=\"article:modified_time\" content=\"2023-01-15T08:00:41+00:00\" \/>\n<meta name=\"twitter:card\" content=\"summary_large_image\" \/>\n<meta name=\"twitter:label1\" content=\"Est. reading time\" \/>\n\t<meta name=\"twitter:data1\" content=\"3 minutes\" \/>\n<script type=\"application\/ld+json\" class=\"yoast-schema-graph\">{\"@context\":\"https:\\\/\\\/schema.org\",\"@graph\":[{\"@type\":\"WebPage\",\"@id\":\"https:\\\/\\\/www.adalia.ac.ma\\\/fr\\\/faculty\\\/events\\\/innovation-deck\\\/\",\"url\":\"https:\\\/\\\/www.adalia.ac.ma\\\/fr\\\/faculty\\\/events\\\/innovation-deck\\\/\",\"name\":\"Innovation Deck\u00a9 - ADALIA Institute\",\"isPartOf\":{\"@id\":\"https:\\\/\\\/www.adalia.ac.ma\\\/#website\"},\"datePublished\":\"2019-01-13T12:23:05+00:00\",\"dateModified\":\"2023-01-15T08:00:41+00:00\",\"description\":\"D\u00e9couvrez l'ADALIA Institute, une \u00e9cole d'enseignement sup\u00e9rieur situ\u00e9e \u00e0 Casablanca. Nous proposons des formations en Licence, Master et Doctorat dans des domaines vari\u00e9s. Notre objectif est de former des professionnels comp\u00e9tents et innovants, pr\u00eats \u00e0 relever les d\u00e9fis du monde professionnel. D\u00e9couvrez notre programme acad\u00e9mique et nos options de financement. Inscrivez-vous d\u00e8s maintenant pour donner un coup de pouce \u00e0 votre carri\u00e8re !\",\"breadcrumb\":{\"@id\":\"https:\\\/\\\/www.adalia.ac.ma\\\/fr\\\/faculty\\\/events\\\/innovation-deck\\\/#breadcrumb\"},\"inLanguage\":\"en-US\",\"potentialAction\":[{\"@type\":\"ReadAction\",\"target\":[\"https:\\\/\\\/www.adalia.ac.ma\\\/fr\\\/faculty\\\/events\\\/innovation-deck\\\/\"]}]},{\"@type\":\"BreadcrumbList\",\"@id\":\"https:\\\/\\\/www.adalia.ac.ma\\\/fr\\\/faculty\\\/events\\\/innovation-deck\\\/#breadcrumb\",\"itemListElement\":[{\"@type\":\"ListItem\",\"position\":1,\"name\":\"Accueil\",\"item\":\"https:\\\/\\\/www.adalia.ac.ma\\\/\"},{\"@type\":\"ListItem\",\"position\":2,\"name\":\"Accueil\",\"item\":\"https:\\\/\\\/www.adalia.ac.ma\\\/fr\\\/\"},{\"@type\":\"ListItem\",\"position\":3,\"name\":\"Facult\u00e9 et Recherche\",\"item\":\"https:\\\/\\\/www.adalia.ac.ma\\\/fr\\\/faculty\\\/\"},{\"@type\":\"ListItem\",\"position\":4,\"name\":\"Manifestations Scientifiques\",\"item\":\"https:\\\/\\\/www.adalia.ac.ma\\\/fr\\\/faculty\\\/events\\\/\"},{\"@type\":\"ListItem\",\"position\":5,\"name\":\"Innovation Deck\u00a9\"}]},{\"@type\":\"WebSite\",\"@id\":\"https:\\\/\\\/www.adalia.ac.ma\\\/#website\",\"url\":\"https:\\\/\\\/www.adalia.ac.ma\\\/\",\"name\":\"ADALIA Institute |\u00a0School of Business and Management\",\"description\":\"Thinkers &amp; Doers\",\"publisher\":{\"@id\":\"https:\\\/\\\/www.adalia.ac.ma\\\/#organization\"},\"alternateName\":\"ADALIA Institute\",\"potentialAction\":[{\"@type\":\"SearchAction\",\"target\":{\"@type\":\"EntryPoint\",\"urlTemplate\":\"https:\\\/\\\/www.adalia.ac.ma\\\/?s={search_term_string}\"},\"query-input\":{\"@type\":\"PropertyValueSpecification\",\"valueRequired\":true,\"valueName\":\"search_term_string\"}}],\"inLanguage\":\"en-US\"},{\"@type\":\"Organization\",\"@id\":\"https:\\\/\\\/www.adalia.ac.ma\\\/#organization\",\"name\":\"ADALIA Institute | School of Business and Management\",\"alternateName\":\"ADALIA Institute\",\"url\":\"https:\\\/\\\/www.adalia.ac.ma\\\/\",\"logo\":{\"@type\":\"ImageObject\",\"inLanguage\":\"en-US\",\"@id\":\"https:\\\/\\\/www.adalia.ac.ma\\\/#\\\/schema\\\/logo\\\/image\\\/\",\"url\":\"https:\\\/\\\/www.adalia.ac.ma\\\/wp-content\\\/uploads\\\/2020\\\/08\\\/adalia-icon-r-75.png\",\"contentUrl\":\"https:\\\/\\\/www.adalia.ac.ma\\\/wp-content\\\/uploads\\\/2020\\\/08\\\/adalia-icon-r-75.png\",\"width\":75,\"height\":75,\"caption\":\"ADALIA Institute | School of Business and Management\"},\"image\":{\"@id\":\"https:\\\/\\\/www.adalia.ac.ma\\\/#\\\/schema\\\/logo\\\/image\\\/\"},\"sameAs\":[\"https:\\\/\\\/www.facebook.com\\\/adalia.business.school\\\/\",\"https:\\\/\\\/www.linkedin.com\\\/company\\\/adalia-school-of-business\\\/\",\"https:\\\/\\\/www.instagram.com\\\/adalia.institute\\\/\"]}]}<\/script>\n<!-- \/ Yoast SEO plugin. -->","yoast_head_json":{"title":"Innovation Deck\u00a9 - ADALIA Institute","description":"D\u00e9couvrez l'ADALIA Institute, une \u00e9cole d'enseignement sup\u00e9rieur situ\u00e9e \u00e0 Casablanca. Nous proposons des formations en Licence, Master et Doctorat dans des domaines vari\u00e9s. Notre objectif est de former des professionnels comp\u00e9tents et innovants, pr\u00eats \u00e0 relever les d\u00e9fis du monde professionnel. D\u00e9couvrez notre programme acad\u00e9mique et nos options de financement. Inscrivez-vous d\u00e8s maintenant pour donner un coup de pouce \u00e0 votre carri\u00e8re !","robots":{"index":"index","follow":"follow","max-snippet":"max-snippet:-1","max-image-preview":"max-image-preview:large","max-video-preview":"max-video-preview:-1"},"canonical":"https:\/\/www.adalia.ac.ma\/en\/faculty\/events\/innovation-deck\/","og_locale":"en_US","og_type":"article","og_title":"Innovation Deck\u00a9 - ADALIA Institute","og_description":"D\u00e9couvrez l'ADALIA Institute, une \u00e9cole d'enseignement sup\u00e9rieur situ\u00e9e \u00e0 Casablanca. Nous proposons des formations en Licence, Master et Doctorat dans des domaines vari\u00e9s. Notre objectif est de former des professionnels comp\u00e9tents et innovants, pr\u00eats \u00e0 relever les d\u00e9fis du monde professionnel. D\u00e9couvrez notre programme acad\u00e9mique et nos options de financement. Inscrivez-vous d\u00e8s maintenant pour donner un coup de pouce \u00e0 votre carri\u00e8re !","og_url":"https:\/\/www.adalia.ac.ma\/en\/faculty\/events\/innovation-deck\/","og_site_name":"ADALIA Institute","article_publisher":"https:\/\/www.facebook.com\/adalia.business.school\/","article_modified_time":"2023-01-15T08:00:41+00:00","twitter_card":"summary_large_image","twitter_misc":{"Est. reading time":"3 minutes"},"schema":{"@context":"https:\/\/schema.org","@graph":[{"@type":"WebPage","@id":"https:\/\/www.adalia.ac.ma\/fr\/faculty\/events\/innovation-deck\/","url":"https:\/\/www.adalia.ac.ma\/fr\/faculty\/events\/innovation-deck\/","name":"Innovation Deck\u00a9 - ADALIA Institute","isPartOf":{"@id":"https:\/\/www.adalia.ac.ma\/#website"},"datePublished":"2019-01-13T12:23:05+00:00","dateModified":"2023-01-15T08:00:41+00:00","description":"D\u00e9couvrez l'ADALIA Institute, une \u00e9cole d'enseignement sup\u00e9rieur situ\u00e9e \u00e0 Casablanca. Nous proposons des formations en Licence, Master et Doctorat dans des domaines vari\u00e9s. Notre objectif est de former des professionnels comp\u00e9tents et innovants, pr\u00eats \u00e0 relever les d\u00e9fis du monde professionnel. D\u00e9couvrez notre programme acad\u00e9mique et nos options de financement. Inscrivez-vous d\u00e8s maintenant pour donner un coup de pouce \u00e0 votre carri\u00e8re !","breadcrumb":{"@id":"https:\/\/www.adalia.ac.ma\/fr\/faculty\/events\/innovation-deck\/#breadcrumb"},"inLanguage":"en-US","potentialAction":[{"@type":"ReadAction","target":["https:\/\/www.adalia.ac.ma\/fr\/faculty\/events\/innovation-deck\/"]}]},{"@type":"BreadcrumbList","@id":"https:\/\/www.adalia.ac.ma\/fr\/faculty\/events\/innovation-deck\/#breadcrumb","itemListElement":[{"@type":"ListItem","position":1,"name":"Accueil","item":"https:\/\/www.adalia.ac.ma\/"},{"@type":"ListItem","position":2,"name":"Accueil","item":"https:\/\/www.adalia.ac.ma\/fr\/"},{"@type":"ListItem","position":3,"name":"Facult\u00e9 et Recherche","item":"https:\/\/www.adalia.ac.ma\/fr\/faculty\/"},{"@type":"ListItem","position":4,"name":"Manifestations Scientifiques","item":"https:\/\/www.adalia.ac.ma\/fr\/faculty\/events\/"},{"@type":"ListItem","position":5,"name":"Innovation Deck\u00a9"}]},{"@type":"WebSite","@id":"https:\/\/www.adalia.ac.ma\/#website","url":"https:\/\/www.adalia.ac.ma\/","name":"ADALIA Institute |\u00a0School of Business and Management","description":"Thinkers &amp; Doers","publisher":{"@id":"https:\/\/www.adalia.ac.ma\/#organization"},"alternateName":"ADALIA Institute","potentialAction":[{"@type":"SearchAction","target":{"@type":"EntryPoint","urlTemplate":"https:\/\/www.adalia.ac.ma\/?s={search_term_string}"},"query-input":{"@type":"PropertyValueSpecification","valueRequired":true,"valueName":"search_term_string"}}],"inLanguage":"en-US"},{"@type":"Organization","@id":"https:\/\/www.adalia.ac.ma\/#organization","name":"ADALIA Institute | School of Business and Management","alternateName":"ADALIA Institute","url":"https:\/\/www.adalia.ac.ma\/","logo":{"@type":"ImageObject","inLanguage":"en-US","@id":"https:\/\/www.adalia.ac.ma\/#\/schema\/logo\/image\/","url":"https:\/\/www.adalia.ac.ma\/wp-content\/uploads\/2020\/08\/adalia-icon-r-75.png","contentUrl":"https:\/\/www.adalia.ac.ma\/wp-content\/uploads\/2020\/08\/adalia-icon-r-75.png","width":75,"height":75,"caption":"ADALIA Institute | School of Business and Management"},"image":{"@id":"https:\/\/www.adalia.ac.ma\/#\/schema\/logo\/image\/"},"sameAs":["https:\/\/www.facebook.com\/adalia.business.school\/","https:\/\/www.linkedin.com\/company\/adalia-school-of-business\/","https:\/\/www.instagram.com\/adalia.institute\/"]}]}},"_links":{"self":[{"href":"https:\/\/www.adalia.ac.ma\/en\/wp-json\/wp\/v2\/pages\/880","targetHints":{"allow":["GET"]}}],"collection":[{"href":"https:\/\/www.adalia.ac.ma\/en\/wp-json\/wp\/v2\/pages"}],"about":[{"href":"https:\/\/www.adalia.ac.ma\/en\/wp-json\/wp\/v2\/types\/page"}],"author":[{"embeddable":true,"href":"https:\/\/www.adalia.ac.ma\/en\/wp-json\/wp\/v2\/users\/1"}],"replies":[{"embeddable":true,"href":"https:\/\/www.adalia.ac.ma\/en\/wp-json\/wp\/v2\/comments?post=880"}],"version-history":[{"count":19,"href":"https:\/\/www.adalia.ac.ma\/en\/wp-json\/wp\/v2\/pages\/880\/revisions"}],"predecessor-version":[{"id":2158,"href":"https:\/\/www.adalia.ac.ma\/en\/wp-json\/wp\/v2\/pages\/880\/revisions\/2158"}],"up":[{"embeddable":true,"href":"https:\/\/www.adalia.ac.ma\/en\/wp-json\/wp\/v2\/pages\/250"}],"wp:attachment":[{"href":"https:\/\/www.adalia.ac.ma\/en\/wp-json\/wp\/v2\/media?parent=880"}],"curies":[{"name":"wp","href":"https:\/\/api.w.org\/{rel}","templated":true}]}}