{"id":280,"date":"2017-11-24T11:27:10","date_gmt":"2017-11-24T11:27:10","guid":{"rendered":"http:\/\/www.adalia.ac.ma\/?page_id=280"},"modified":"2023-12-27T08:04:02","modified_gmt":"2023-12-27T08:04:02","slug":"innovation","status":"publish","type":"page","link":"https:\/\/www.adalia.ac.ma\/en\/fr\/about\/innovation\/","title":{"rendered":"At the Top of the Rankings"},"content":{"rendered":"<p><div class=\"fusion-fullwidth fullwidth-box fusion-builder-row-1 fusion-flex-container has-pattern-background has-mask-background nonhundred-percent-fullwidth non-hundred-percent-height-scrolling\" style=\"--awb-border-radius-top-left:0px;--awb-border-radius-top-right:0px;--awb-border-radius-bottom-right:0px;--awb-border-radius-bottom-left:0px;--awb-background-image:linear-gradient(180deg, #662d8c 0%,#ed1e79 100%);--awb-flex-wrap:wrap;\" ><div class=\"fusion-builder-row fusion-row fusion-flex-align-items-flex-start fusion-flex-content-wrap\" style=\"max-width:1144px;margin-left: calc(-4% \/ 2 );margin-right: calc(-4% \/ 2 );\"><div class=\"fusion-layout-column fusion_builder_column fusion-builder-column-0 fusion_builder_column_1_1 1_1 fusion-flex-column\" style=\"--awb-bg-size:cover;--awb-width-large:100%;--awb-margin-top-large:0px;--awb-spacing-right-large:1.92%;--awb-margin-bottom-large:20px;--awb-spacing-left-large:1.92%;--awb-width-medium:100%;--awb-order-medium:0;--awb-spacing-right-medium:1.92%;--awb-spacing-left-medium:1.92%;--awb-width-small:100%;--awb-order-small:0;--awb-spacing-right-small:1.92%;--awb-spacing-left-small:1.92%;\"><div class=\"fusion-column-wrapper fusion-column-has-shadow fusion-flex-justify-content-flex-start fusion-content-layout-column\"><div class=\"fusion-text fusion-text-1\"><h1 class=\"entry-title\"><span style=\"color: #ffffff;\">At the Top of the Rankings<\/span><\/h1>\n<h3><span style=\"color: #ffffff;\">The school of tomorrow\u2019s leaders<\/span><\/h3>\n<\/div><\/div><\/div><\/div><\/div><div class=\"fusion-fullwidth fullwidth-box fusion-builder-row-2 fusion-flex-container nonhundred-percent-fullwidth non-hundred-percent-height-scrolling\" style=\"--awb-border-radius-top-left:0px;--awb-border-radius-top-right:0px;--awb-border-radius-bottom-right:0px;--awb-border-radius-bottom-left:0px;--awb-flex-wrap:wrap;\" ><div class=\"fusion-builder-row fusion-row fusion-flex-align-items-flex-start fusion-flex-content-wrap\" style=\"max-width:1144px;margin-left: calc(-4% \/ 2 );margin-right: calc(-4% \/ 2 );\"><div class=\"fusion-layout-column fusion_builder_column fusion-builder-column-1 fusion_builder_column_1_2 1_2 fusion-flex-column\" style=\"--awb-bg-size:cover;--awb-width-large:50%;--awb-margin-top-large:0px;--awb-spacing-right-large:3.84%;--awb-margin-bottom-large:20px;--awb-spacing-left-large:3.84%;--awb-width-medium:50%;--awb-spacing-right-medium:3.84%;--awb-spacing-left-medium:3.84%;--awb-width-small:100%;--awb-spacing-right-small:1.92%;--awb-spacing-left-small:1.92%;\"><div class=\"fusion-column-wrapper fusion-column-has-shadow fusion-flex-justify-content-flex-start fusion-content-layout-column\"><div class=\"fusion-text fusion-text-2\"><p>ADALIA quickly established itself as the reference for Management Schools in Morocco and more generally in Africa.<\/p>\n<p>In 2019, only 3 years after its first accreditation, ADALIA entered the Top 10 of Jeune Afrique magazine. Above all, it is the 3rd independent management school in Morocco, and the 1st in Entrepreneurship, Innovation and Digital on the continent.<\/p>\n<p>In 2020, the school entered the EDUNIVERSAL international ranking, in 3rd place among Moroccan business schools, and strengthened its position in the Jeune Afrique ranking, becoming the 2nd private business school.<\/p>\n<p>In 2021, ADALIA progresses in the Jeune Afrique ranking, and reaches 5th place in the Maghreb, and is now the #1 independent management school in Morocco, 1st in Africa for Innovation and Entrepreneurship.<\/p>\n<\/div><\/div><\/div><div class=\"fusion-layout-column fusion_builder_column fusion-builder-column-2 fusion_builder_column_1_2 1_2 fusion-flex-column\" style=\"--awb-bg-size:cover;--awb-width-large:50%;--awb-margin-top-large:0px;--awb-spacing-right-large:3.84%;--awb-margin-bottom-large:20px;--awb-spacing-left-large:3.84%;--awb-width-medium:50%;--awb-spacing-right-medium:3.84%;--awb-spacing-left-medium:3.84%;--awb-width-small:100%;--awb-spacing-right-small:1.92%;--awb-spacing-left-small:1.92%;\"><div class=\"fusion-column-wrapper fusion-column-has-shadow fusion-flex-justify-content-flex-start fusion-content-layout-column\"><div class=\"fusion-image-element\" style=\"--awb-caption-title-font-family:var(--h2_typography-font-family);--awb-caption-title-font-weight:var(--h2_typography-font-weight);--awb-caption-title-font-style:var(--h2_typography-font-style);--awb-caption-title-size:var(--h2_typography-font-size);--awb-caption-title-transform:var(--h2_typography-text-transform);--awb-caption-title-line-height:var(--h2_typography-line-height);--awb-caption-title-letter-spacing:var(--h2_typography-letter-spacing);\"><span class=\"fusion-imageframe imageframe-none imageframe-1 hover-type-none\"><img decoding=\"async\" width=\"300\" height=\"100\" title=\"adalia-ranked-2020\" src=\"http:\/\/www.adalia.ac.ma\/wp-content\/uploads\/2020\/12\/adalia-ranked-2020.jpg\" alt class=\"img-responsive wp-image-1449\" srcset=\"https:\/\/www.adalia.ac.ma\/wp-content\/uploads\/2020\/12\/adalia-ranked-2020-200x67.jpg 200w, https:\/\/www.adalia.ac.ma\/wp-content\/uploads\/2020\/12\/adalia-ranked-2020.jpg 300w\" sizes=\"(max-width: 640px) 100vw, 300px\" \/><\/span><\/div><div class=\"fusion-image-element\" style=\"--awb-caption-title-font-family:var(--h2_typography-font-family);--awb-caption-title-font-weight:var(--h2_typography-font-weight);--awb-caption-title-font-style:var(--h2_typography-font-style);--awb-caption-title-size:var(--h2_typography-font-size);--awb-caption-title-transform:var(--h2_typography-text-transform);--awb-caption-title-line-height:var(--h2_typography-line-height);--awb-caption-title-letter-spacing:var(--h2_typography-letter-spacing);\"><span class=\"fusion-imageframe imageframe-none imageframe-2 hover-type-none\"><img decoding=\"async\" width=\"1024\" height=\"576\" title=\"JeuneAfrique2021-classement\" src=\"https:\/\/www.adalia.ac.ma\/wp-content\/uploads\/2022\/03\/JeuneAfrique2021-classement-1-1024x576.jpg\" alt class=\"img-responsive wp-image-1881\" srcset=\"https:\/\/www.adalia.ac.ma\/wp-content\/uploads\/2022\/03\/JeuneAfrique2021-classement-1-200x113.jpg 200w, https:\/\/www.adalia.ac.ma\/wp-content\/uploads\/2022\/03\/JeuneAfrique2021-classement-1-400x225.jpg 400w, https:\/\/www.adalia.ac.ma\/wp-content\/uploads\/2022\/03\/JeuneAfrique2021-classement-1-600x338.jpg 600w, https:\/\/www.adalia.ac.ma\/wp-content\/uploads\/2022\/03\/JeuneAfrique2021-classement-1-800x450.jpg 800w, https:\/\/www.adalia.ac.ma\/wp-content\/uploads\/2022\/03\/JeuneAfrique2021-classement-1-1200x675.jpg 1200w, https:\/\/www.adalia.ac.ma\/wp-content\/uploads\/2022\/03\/JeuneAfrique2021-classement-1.jpg 1920w\" sizes=\"(max-width: 640px) 100vw, 600px\" \/><\/span><\/div><\/div><\/div><\/div><\/div><div class=\"fusion-fullwidth fullwidth-box fusion-builder-row-3 fusion-flex-container nonhundred-percent-fullwidth non-hundred-percent-height-scrolling\" style=\"--awb-border-radius-top-left:0px;--awb-border-radius-top-right:0px;--awb-border-radius-bottom-right:0px;--awb-border-radius-bottom-left:0px;--awb-flex-wrap:wrap;\" ><div class=\"fusion-builder-row fusion-row fusion-flex-align-items-flex-start fusion-flex-content-wrap\" style=\"max-width:1144px;margin-left: calc(-4% \/ 2 );margin-right: calc(-4% \/ 2 );\"><div class=\"fusion-layout-column fusion_builder_column fusion-builder-column-3 fusion_builder_column_1_3 1_3 fusion-flex-column\" style=\"--awb-bg-size:cover;--awb-width-large:33.333333333333%;--awb-margin-top-large:0px;--awb-spacing-right-large:5.76%;--awb-margin-bottom-large:20px;--awb-spacing-left-large:5.76%;--awb-width-medium:33.333333333333%;--awb-order-medium:0;--awb-spacing-right-medium:5.76%;--awb-spacing-left-medium:5.76%;--awb-width-small:100%;--awb-order-small:0;--awb-spacing-right-small:1.92%;--awb-spacing-left-small:1.92%;\"><div class=\"fusion-column-wrapper fusion-column-has-shadow fusion-flex-justify-content-flex-start fusion-content-layout-column\"><div style=\"text-align:center;\"><a class=\"fusion-button button-flat button-xlarge button-default fusion-button-default button-1 fusion-button-span-yes fusion-button-default-type\" target=\"_blank\" rel=\"noopener noreferrer\" href=\"https:\/\/www.jeuneafrique.com\/mag\/762114\/economie\/classement-ja-des-ecoles-de-commerce-vers-un-ideal-africain-en-2019\/\"><span class=\"fusion-button-text awb-button__text awb-button__text--default\">Ranking JA 2019<\/span><\/a><\/div><div class=\"fusion-text fusion-text-3\"><ul>\n<li>2nd in Innovation and Entrepreneurship<\/li>\n<li>5th Independent, 3rd independent in Morocco<\/li>\n<li>10th Maghreb<\/li>\n<\/ul>\n<\/div><\/div><\/div><div class=\"fusion-layout-column fusion_builder_column fusion-builder-column-4 fusion_builder_column_1_3 1_3 fusion-flex-column\" style=\"--awb-bg-size:cover;--awb-width-large:33.333333333333%;--awb-margin-top-large:0px;--awb-spacing-right-large:5.76%;--awb-margin-bottom-large:20px;--awb-spacing-left-large:5.76%;--awb-width-medium:33.333333333333%;--awb-order-medium:0;--awb-spacing-right-medium:5.76%;--awb-spacing-left-medium:5.76%;--awb-width-small:100%;--awb-order-small:0;--awb-spacing-right-small:1.92%;--awb-spacing-left-small:1.92%;\"><div class=\"fusion-column-wrapper fusion-column-has-shadow fusion-flex-justify-content-flex-start fusion-content-layout-column\"><div style=\"text-align:center;\"><a class=\"fusion-button button-flat button-xlarge button-default fusion-button-default button-2 fusion-button-span-yes fusion-button-default-type\" target=\"_blank\" rel=\"noopener noreferrer\" href=\"https:\/\/www.jeuneafrique.com\/mag\/1077781\/economie\/quelles-sont-les-meilleurs-ecoles-de-commerce-en-afrique-du-nord\/\"><span class=\"fusion-button-text awb-button__text awb-button__text--default\">Ranking JA 2020<\/span><\/a><\/div><div class=\"fusion-text fusion-text-4\"><ul>\n<li>1st in Innovation and Entrepreneurship<\/li>\n<li>4th Independent, 2nd Independent in Morocco<\/li>\n<li>10th Maghreb<\/li>\n<\/ul>\n<\/div><\/div><\/div><div class=\"fusion-layout-column fusion_builder_column fusion-builder-column-5 fusion_builder_column_1_3 1_3 fusion-flex-column\" style=\"--awb-bg-size:cover;--awb-width-large:33.333333333333%;--awb-margin-top-large:0px;--awb-spacing-right-large:5.76%;--awb-margin-bottom-large:20px;--awb-spacing-left-large:5.76%;--awb-width-medium:33.333333333333%;--awb-order-medium:0;--awb-spacing-right-medium:5.76%;--awb-spacing-left-medium:5.76%;--awb-width-small:100%;--awb-order-small:0;--awb-spacing-right-small:1.92%;--awb-spacing-left-small:1.92%;\"><div class=\"fusion-column-wrapper fusion-column-has-shadow fusion-flex-justify-content-flex-start fusion-content-layout-column\"><div style=\"text-align:center;\"><a class=\"fusion-button button-flat button-xlarge button-default fusion-button-default button-3 fusion-button-span-yes fusion-button-default-type\" target=\"_blank\" rel=\"noopener noreferrer\" href=\"https:\/\/www.jeuneafrique.com\/1267647\/economie\/classement-ecoles-de-commerce-au-maghreb-deux-ecoles-marocaines-et-une-tunisienne-sur-le-podium-de-jeune-afrique\/\"><span class=\"fusion-button-text awb-button__text awb-button__text--default\">Ranking JA 2021<\/span><\/a><\/div><div class=\"fusion-text fusion-text-5\"><ul>\n<li>1st in Innovation and Entrepreneurship<\/li>\n<li>1st Independent<\/li>\n<li>5th Maghreb<\/li>\n<\/ul>\n<\/div><\/div><\/div><div class=\"fusion-layout-column fusion_builder_column fusion-builder-column-6 fusion_builder_column_1_1 1_1 fusion-flex-column\" style=\"--awb-bg-size:cover;--awb-width-large:100%;--awb-margin-top-large:0px;--awb-spacing-right-large:1.92%;--awb-margin-bottom-large:20px;--awb-spacing-left-large:1.92%;--awb-width-medium:100%;--awb-spacing-right-medium:1.92%;--awb-spacing-left-medium:1.92%;--awb-width-small:100%;--awb-spacing-right-small:1.92%;--awb-spacing-left-small:1.92%;\"><div class=\"fusion-column-wrapper fusion-flex-justify-content-flex-start fusion-content-layout-column\"><div class=\"fusion-text fusion-text-6\"><div class=\"fusion-title title fusion-title-size-two\">\n<h2 class=\"title-heading-left\" data-fontsize=\"24\" data-lineheight=\"36\">The jobs of tomorrow are today!<\/h2>\n<\/div>\n<p>The professions of the future correspond to the professions most in demand by companies and the professions which will develop in the years to come: management professions combined with digital, professions linked to information systems, social networks, connected objects, to innovation, etc.<\/p>\n<p>Various activities remain current. They have continued to grow during this period, and remain attractive for businesses\u00a0(accounting, communication, sales, etc.).<\/p>\n<p>ADALIA School of Business aims to offer training that is constantly updated in relation to modern business demands and practices and thus prepare our students and participants for the strategic challenges of developing tomorrow's businesses, whether nationally or internationally.<\/p>\n<div class=\"fusion-title title fusion-title-size-two\">\n<h2 class=\"title-heading-left\" data-fontsize=\"24\" data-lineheight=\"36\">Digital inside<\/h2>\n<\/div>\n<p>Aware of these issues, our establishment has, for example, integrated the impact of digital transformation transversally into the content of all of its training.<\/p>\n<p>First of all, through the information systems infrastructures to which our students have access: online collaborative work tools, high-performance wifi network, etc.<\/p>\n<p>But it is in the very heart of our teaching that the difference is most significant, by transversally including digital in our teaching: economic intelligence, strategic choice tools, computerized management tools, financial management tools in the cloud, tools dematerialized human resources management, corporate social networks, digital simulation tools, etc.<\/p>\n<div class=\"fusion-title title fusion-title-size-two\">\n<h2 class=\"title-heading-left\" data-fontsize=\"24\" data-lineheight=\"36\">Digital in action<\/h2>\n<\/div>\n<p>Finally, we have developed specific training courses such as the Master in Innovation Management and Digital Marketing, the Labeling of innovative projects, and scientific events such as INNODAYS.<\/p>\n<\/div><\/div><\/div><\/div><\/div><\/p>","protected":false},"excerpt":{"rendered":"","protected":false},"author":1,"featured_media":0,"parent":264,"menu_order":0,"comment_status":"closed","ping_status":"closed","template":"100-width.php","meta":{"footnotes":""},"class_list":["post-280","page","type-page","status-publish","hentry"],"yoast_head":"<!-- This site is optimized with the Yoast SEO plugin v27.4 - https:\/\/yoast.com\/product\/yoast-seo-wordpress\/ -->\n<title>Au Top des Classements - ADALIA Institute<\/title>\n<meta name=\"description\" content=\"D\u00e9couvrez l&#039;ADALIA Institute, une \u00e9cole d&#039;enseignement sup\u00e9rieur situ\u00e9e \u00e0 Casablanca. Nous proposons des formations en Licence, Master et Doctorat dans des domaines vari\u00e9s. Notre objectif est de former des professionnels comp\u00e9tents et innovants, pr\u00eats \u00e0 relever les d\u00e9fis du monde professionnel. D\u00e9couvrez notre programme acad\u00e9mique et nos options de financement. Inscrivez-vous d\u00e8s maintenant pour donner un coup de pouce \u00e0 votre carri\u00e8re !\" \/>\n<meta name=\"robots\" content=\"index, follow, max-snippet:-1, max-image-preview:large, max-video-preview:-1\" \/>\n<link rel=\"canonical\" href=\"https:\/\/www.adalia.ac.ma\/en\/about\/innovation\/\" \/>\n<meta property=\"og:locale\" content=\"en_US\" \/>\n<meta property=\"og:type\" content=\"article\" \/>\n<meta property=\"og:title\" content=\"Au Top des Classements - ADALIA Institute\" \/>\n<meta property=\"og:description\" content=\"D\u00e9couvrez l&#039;ADALIA Institute, une \u00e9cole d&#039;enseignement sup\u00e9rieur situ\u00e9e \u00e0 Casablanca. Nous proposons des formations en Licence, Master et Doctorat dans des domaines vari\u00e9s. Notre objectif est de former des professionnels comp\u00e9tents et innovants, pr\u00eats \u00e0 relever les d\u00e9fis du monde professionnel. D\u00e9couvrez notre programme acad\u00e9mique et nos options de financement. Inscrivez-vous d\u00e8s maintenant pour donner un coup de pouce \u00e0 votre carri\u00e8re !\" \/>\n<meta property=\"og:url\" content=\"https:\/\/www.adalia.ac.ma\/en\/about\/innovation\/\" \/>\n<meta property=\"og:site_name\" content=\"ADALIA Institute\" \/>\n<meta property=\"article:publisher\" content=\"https:\/\/www.facebook.com\/adalia.business.school\/\" \/>\n<meta property=\"article:modified_time\" content=\"2023-12-27T08:04:02+00:00\" \/>\n<meta name=\"twitter:card\" content=\"summary_large_image\" \/>\n<meta name=\"twitter:label1\" content=\"Est. reading time\" \/>\n\t<meta name=\"twitter:data1\" content=\"3 minutes\" \/>\n<script type=\"application\/ld+json\" class=\"yoast-schema-graph\">{\"@context\":\"https:\\\/\\\/schema.org\",\"@graph\":[{\"@type\":\"WebPage\",\"@id\":\"https:\\\/\\\/www.adalia.ac.ma\\\/fr\\\/about\\\/innovation\\\/\",\"url\":\"https:\\\/\\\/www.adalia.ac.ma\\\/fr\\\/about\\\/innovation\\\/\",\"name\":\"Au Top des Classements - ADALIA Institute\",\"isPartOf\":{\"@id\":\"https:\\\/\\\/www.adalia.ac.ma\\\/#website\"},\"datePublished\":\"2017-11-24T11:27:10+00:00\",\"dateModified\":\"2023-12-27T08:04:02+00:00\",\"description\":\"D\u00e9couvrez l'ADALIA Institute, une \u00e9cole d'enseignement sup\u00e9rieur situ\u00e9e \u00e0 Casablanca. Nous proposons des formations en Licence, Master et Doctorat dans des domaines vari\u00e9s. Notre objectif est de former des professionnels comp\u00e9tents et innovants, pr\u00eats \u00e0 relever les d\u00e9fis du monde professionnel. D\u00e9couvrez notre programme acad\u00e9mique et nos options de financement. Inscrivez-vous d\u00e8s maintenant pour donner un coup de pouce \u00e0 votre carri\u00e8re !\",\"breadcrumb\":{\"@id\":\"https:\\\/\\\/www.adalia.ac.ma\\\/fr\\\/about\\\/innovation\\\/#breadcrumb\"},\"inLanguage\":\"en-US\",\"potentialAction\":[{\"@type\":\"ReadAction\",\"target\":[\"https:\\\/\\\/www.adalia.ac.ma\\\/fr\\\/about\\\/innovation\\\/\"]}]},{\"@type\":\"BreadcrumbList\",\"@id\":\"https:\\\/\\\/www.adalia.ac.ma\\\/fr\\\/about\\\/innovation\\\/#breadcrumb\",\"itemListElement\":[{\"@type\":\"ListItem\",\"position\":1,\"name\":\"Accueil\",\"item\":\"https:\\\/\\\/www.adalia.ac.ma\\\/\"},{\"@type\":\"ListItem\",\"position\":2,\"name\":\"Accueil\",\"item\":\"https:\\\/\\\/www.adalia.ac.ma\\\/fr\\\/\"},{\"@type\":\"ListItem\",\"position\":3,\"name\":\"A propos d&rsquo;ADALIA\",\"item\":\"https:\\\/\\\/www.adalia.ac.ma\\\/fr\\\/about\\\/\"},{\"@type\":\"ListItem\",\"position\":4,\"name\":\"Au Top des Classements\"}]},{\"@type\":\"WebSite\",\"@id\":\"https:\\\/\\\/www.adalia.ac.ma\\\/#website\",\"url\":\"https:\\\/\\\/www.adalia.ac.ma\\\/\",\"name\":\"ADALIA Institute |\u00a0School of Business and Management\",\"description\":\"Thinkers &amp; Doers\",\"publisher\":{\"@id\":\"https:\\\/\\\/www.adalia.ac.ma\\\/#organization\"},\"alternateName\":\"ADALIA Institute\",\"potentialAction\":[{\"@type\":\"SearchAction\",\"target\":{\"@type\":\"EntryPoint\",\"urlTemplate\":\"https:\\\/\\\/www.adalia.ac.ma\\\/?s={search_term_string}\"},\"query-input\":{\"@type\":\"PropertyValueSpecification\",\"valueRequired\":true,\"valueName\":\"search_term_string\"}}],\"inLanguage\":\"en-US\"},{\"@type\":\"Organization\",\"@id\":\"https:\\\/\\\/www.adalia.ac.ma\\\/#organization\",\"name\":\"ADALIA Institute | School of Business and Management\",\"alternateName\":\"ADALIA Institute\",\"url\":\"https:\\\/\\\/www.adalia.ac.ma\\\/\",\"logo\":{\"@type\":\"ImageObject\",\"inLanguage\":\"en-US\",\"@id\":\"https:\\\/\\\/www.adalia.ac.ma\\\/#\\\/schema\\\/logo\\\/image\\\/\",\"url\":\"https:\\\/\\\/www.adalia.ac.ma\\\/wp-content\\\/uploads\\\/2020\\\/08\\\/adalia-icon-r-75.png\",\"contentUrl\":\"https:\\\/\\\/www.adalia.ac.ma\\\/wp-content\\\/uploads\\\/2020\\\/08\\\/adalia-icon-r-75.png\",\"width\":75,\"height\":75,\"caption\":\"ADALIA Institute | School of Business and Management\"},\"image\":{\"@id\":\"https:\\\/\\\/www.adalia.ac.ma\\\/#\\\/schema\\\/logo\\\/image\\\/\"},\"sameAs\":[\"https:\\\/\\\/www.facebook.com\\\/adalia.business.school\\\/\",\"https:\\\/\\\/www.linkedin.com\\\/company\\\/adalia-school-of-business\\\/\",\"https:\\\/\\\/www.instagram.com\\\/adalia.institute\\\/\"]}]}<\/script>\n<!-- \/ Yoast SEO plugin. -->","yoast_head_json":{"title":"Au Top des Classements - ADALIA Institute","description":"D\u00e9couvrez l'ADALIA Institute, une \u00e9cole d'enseignement sup\u00e9rieur situ\u00e9e \u00e0 Casablanca. Nous proposons des formations en Licence, Master et Doctorat dans des domaines vari\u00e9s. Notre objectif est de former des professionnels comp\u00e9tents et innovants, pr\u00eats \u00e0 relever les d\u00e9fis du monde professionnel. D\u00e9couvrez notre programme acad\u00e9mique et nos options de financement. Inscrivez-vous d\u00e8s maintenant pour donner un coup de pouce \u00e0 votre carri\u00e8re !","robots":{"index":"index","follow":"follow","max-snippet":"max-snippet:-1","max-image-preview":"max-image-preview:large","max-video-preview":"max-video-preview:-1"},"canonical":"https:\/\/www.adalia.ac.ma\/en\/about\/innovation\/","og_locale":"en_US","og_type":"article","og_title":"Au Top des Classements - ADALIA Institute","og_description":"D\u00e9couvrez l'ADALIA Institute, une \u00e9cole d'enseignement sup\u00e9rieur situ\u00e9e \u00e0 Casablanca. Nous proposons des formations en Licence, Master et Doctorat dans des domaines vari\u00e9s. Notre objectif est de former des professionnels comp\u00e9tents et innovants, pr\u00eats \u00e0 relever les d\u00e9fis du monde professionnel. D\u00e9couvrez notre programme acad\u00e9mique et nos options de financement. Inscrivez-vous d\u00e8s maintenant pour donner un coup de pouce \u00e0 votre carri\u00e8re !","og_url":"https:\/\/www.adalia.ac.ma\/en\/about\/innovation\/","og_site_name":"ADALIA Institute","article_publisher":"https:\/\/www.facebook.com\/adalia.business.school\/","article_modified_time":"2023-12-27T08:04:02+00:00","twitter_card":"summary_large_image","twitter_misc":{"Est. reading time":"3 minutes"},"schema":{"@context":"https:\/\/schema.org","@graph":[{"@type":"WebPage","@id":"https:\/\/www.adalia.ac.ma\/fr\/about\/innovation\/","url":"https:\/\/www.adalia.ac.ma\/fr\/about\/innovation\/","name":"Au Top des Classements - ADALIA Institute","isPartOf":{"@id":"https:\/\/www.adalia.ac.ma\/#website"},"datePublished":"2017-11-24T11:27:10+00:00","dateModified":"2023-12-27T08:04:02+00:00","description":"D\u00e9couvrez l'ADALIA Institute, une \u00e9cole d'enseignement sup\u00e9rieur situ\u00e9e \u00e0 Casablanca. Nous proposons des formations en Licence, Master et Doctorat dans des domaines vari\u00e9s. Notre objectif est de former des professionnels comp\u00e9tents et innovants, pr\u00eats \u00e0 relever les d\u00e9fis du monde professionnel. D\u00e9couvrez notre programme acad\u00e9mique et nos options de financement. Inscrivez-vous d\u00e8s maintenant pour donner un coup de pouce \u00e0 votre carri\u00e8re !","breadcrumb":{"@id":"https:\/\/www.adalia.ac.ma\/fr\/about\/innovation\/#breadcrumb"},"inLanguage":"en-US","potentialAction":[{"@type":"ReadAction","target":["https:\/\/www.adalia.ac.ma\/fr\/about\/innovation\/"]}]},{"@type":"BreadcrumbList","@id":"https:\/\/www.adalia.ac.ma\/fr\/about\/innovation\/#breadcrumb","itemListElement":[{"@type":"ListItem","position":1,"name":"Accueil","item":"https:\/\/www.adalia.ac.ma\/"},{"@type":"ListItem","position":2,"name":"Accueil","item":"https:\/\/www.adalia.ac.ma\/fr\/"},{"@type":"ListItem","position":3,"name":"A propos d&rsquo;ADALIA","item":"https:\/\/www.adalia.ac.ma\/fr\/about\/"},{"@type":"ListItem","position":4,"name":"Au Top des Classements"}]},{"@type":"WebSite","@id":"https:\/\/www.adalia.ac.ma\/#website","url":"https:\/\/www.adalia.ac.ma\/","name":"ADALIA Institute |\u00a0School of Business and Management","description":"Thinkers &amp; Doers","publisher":{"@id":"https:\/\/www.adalia.ac.ma\/#organization"},"alternateName":"ADALIA Institute","potentialAction":[{"@type":"SearchAction","target":{"@type":"EntryPoint","urlTemplate":"https:\/\/www.adalia.ac.ma\/?s={search_term_string}"},"query-input":{"@type":"PropertyValueSpecification","valueRequired":true,"valueName":"search_term_string"}}],"inLanguage":"en-US"},{"@type":"Organization","@id":"https:\/\/www.adalia.ac.ma\/#organization","name":"ADALIA Institute | School of Business and Management","alternateName":"ADALIA Institute","url":"https:\/\/www.adalia.ac.ma\/","logo":{"@type":"ImageObject","inLanguage":"en-US","@id":"https:\/\/www.adalia.ac.ma\/#\/schema\/logo\/image\/","url":"https:\/\/www.adalia.ac.ma\/wp-content\/uploads\/2020\/08\/adalia-icon-r-75.png","contentUrl":"https:\/\/www.adalia.ac.ma\/wp-content\/uploads\/2020\/08\/adalia-icon-r-75.png","width":75,"height":75,"caption":"ADALIA Institute | School of Business and Management"},"image":{"@id":"https:\/\/www.adalia.ac.ma\/#\/schema\/logo\/image\/"},"sameAs":["https:\/\/www.facebook.com\/adalia.business.school\/","https:\/\/www.linkedin.com\/company\/adalia-school-of-business\/","https:\/\/www.instagram.com\/adalia.institute\/"]}]}},"_links":{"self":[{"href":"https:\/\/www.adalia.ac.ma\/en\/wp-json\/wp\/v2\/pages\/280","targetHints":{"allow":["GET"]}}],"collection":[{"href":"https:\/\/www.adalia.ac.ma\/en\/wp-json\/wp\/v2\/pages"}],"about":[{"href":"https:\/\/www.adalia.ac.ma\/en\/wp-json\/wp\/v2\/types\/page"}],"author":[{"embeddable":true,"href":"https:\/\/www.adalia.ac.ma\/en\/wp-json\/wp\/v2\/users\/1"}],"replies":[{"embeddable":true,"href":"https:\/\/www.adalia.ac.ma\/en\/wp-json\/wp\/v2\/comments?post=280"}],"version-history":[{"count":13,"href":"https:\/\/www.adalia.ac.ma\/en\/wp-json\/wp\/v2\/pages\/280\/revisions"}],"predecessor-version":[{"id":2534,"href":"https:\/\/www.adalia.ac.ma\/en\/wp-json\/wp\/v2\/pages\/280\/revisions\/2534"}],"up":[{"embeddable":true,"href":"https:\/\/www.adalia.ac.ma\/en\/wp-json\/wp\/v2\/pages\/264"}],"wp:attachment":[{"href":"https:\/\/www.adalia.ac.ma\/en\/wp-json\/wp\/v2\/media?parent=280"}],"curies":[{"name":"wp","href":"https:\/\/api.w.org\/{rel}","templated":true}]}}