{"id":247,"date":"2017-11-24T10:56:01","date_gmt":"2017-11-24T10:56:01","guid":{"rendered":"http:\/\/www.adalia.ac.ma\/?page_id=247"},"modified":"2018-12-03T00:21:53","modified_gmt":"2018-12-03T00:21:53","slug":"lab","status":"publish","type":"page","link":"https:\/\/www.adalia.ac.ma\/en\/fr\/faculty\/lab\/","title":{"rendered":"Research and Publications"},"content":{"rendered":"<div class=\"fusion-fullwidth fullwidth-box fusion-builder-row-1 fusion-flex-container nonhundred-percent-fullwidth non-hundred-percent-height-scrolling\" style=\"--awb-border-radius-top-left:0px;--awb-border-radius-top-right:0px;--awb-border-radius-bottom-right:0px;--awb-border-radius-bottom-left:0px;--awb-flex-wrap:wrap;\" ><div class=\"fusion-builder-row fusion-row fusion-flex-align-items-flex-start fusion-flex-content-wrap\" style=\"max-width:calc( 1100px + 0px );margin-left: calc(-0px \/ 2 );margin-right: calc(-0px \/ 2 );\"><div class=\"fusion-layout-column fusion_builder_column fusion-builder-column-0 fusion_builder_column_1_1 1_1 fusion-flex-column\" style=\"--awb-bg-size:cover;--awb-width-large:100%;--awb-margin-top-large:0px;--awb-spacing-right-large:0px;--awb-margin-bottom-large:20px;--awb-spacing-left-large:0px;--awb-width-medium:100%;--awb-spacing-right-medium:0px;--awb-spacing-left-medium:0px;--awb-width-small:100%;--awb-spacing-right-small:0px;--awb-spacing-left-small:0px;\"><div class=\"fusion-column-wrapper fusion-flex-justify-content-flex-start fusion-content-layout-column\"><div class=\"fusion-title title fusion-title-1 fusion-sep-none fusion-title-text fusion-title-size-one\"><h1 class=\"fusion-title-heading title-heading-left\" style=\"margin:0;\">Activit\u00e9s de Recherche<\/h1><\/div><div class=\"fusion-reading-box-container reading-box-container-1\" style=\"--awb-title-color:#333333;--awb-margin-top:0px;--awb-margin-bottom:84px;\"><div class=\"reading-box\" style=\"background-color:#f6f6f6;border-width:1px;border-color:#f6f6f6;border-left-width:3px;border-left-color:var(--primary_color);border-style:solid;\"><a class=\"button fusion-button button-default fusion-button-default-size button-default-size button-flat fusion-desktop-button fusion-tagline-button continue fusion-desktop-button-margin continue-right\" style=\"-webkit-box-shadow:none;-moz-box-shadow:none;box-shadow:none;border-radius:0px 0px 0px 0px\" href=\"http:\/\/www.adalia.ac.ma\/fr\/faculty\/lab\/learninglab\/\" target=\"_self\"><span>Learn More<\/span><\/a><h2>LearningLab Network<\/h2><div class=\"reading-box-description fusion-reading-box-additional\">ADALIA School of Business is committed to educational innovation within the LearningLab Network.<\/div><div class=\"fusion-clearfix\"><\/div><a class=\"button fusion-button button-default fusion-button-default-size button-default-size button-flat fusion-mobile-button continue-right\" style=\"-webkit-box-shadow:none;-moz-box-shadow:none;box-shadow:none;border-radius:0px 0px 0px 0px\" href=\"http:\/\/www.adalia.ac.ma\/fr\/faculty\/lab\/learninglab\/\" target=\"_self\"><span>Learn More<\/span><\/a><\/div><\/div><div class=\"fusion-reading-box-container reading-box-container-2\" style=\"--awb-title-color:#333333;--awb-margin-top:0px;--awb-margin-bottom:84px;\"><div class=\"reading-box\" style=\"background-color:#f6f6f6;border-width:1px;border-color:#f6f6f6;border-left-width:3px;border-left-color:var(--primary_color);border-style:solid;\"><a class=\"button fusion-button button-default fusion-button-default-size button-default-size button-flat fusion-desktop-button fusion-tagline-button continue fusion-desktop-button-margin continue-right\" style=\"-webkit-box-shadow:none;-moz-box-shadow:none;box-shadow:none;border-radius:0px 0px 0px 0px\" href=\"http:\/\/www.adalia.ac.ma\/fr\/faculty\/lab\/cxlab\/\" target=\"_self\"><span>Learn More<\/span><\/a><h2>CXLab<\/h2><div class=\"reading-box-description fusion-reading-box-additional\">Unique au Maroc, ADALIA dispose d'un laboratoire de recherche en \u00e9tude des comportements consommateur et utilisateur<\/div><div class=\"fusion-clearfix\"><\/div><a class=\"button fusion-button button-default fusion-button-default-size button-default-size button-flat fusion-mobile-button continue-right\" style=\"-webkit-box-shadow:none;-moz-box-shadow:none;box-shadow:none;border-radius:0px 0px 0px 0px\" href=\"http:\/\/www.adalia.ac.ma\/fr\/faculty\/lab\/cxlab\/\" target=\"_self\"><span>Learn More<\/span><\/a><\/div><\/div><div class=\"fusion-reading-box-container reading-box-container-3\" style=\"--awb-title-color:#333333;--awb-margin-top:0px;--awb-margin-bottom:84px;\"><div class=\"reading-box\" style=\"background-color:#f6f6f6;border-width:1px;border-color:#f6f6f6;border-left-width:3px;border-left-color:var(--primary_color);border-style:solid;\"><a class=\"button fusion-button button-default fusion-button-default-size button-default-size button-flat fusion-desktop-button fusion-tagline-button continue fusion-desktop-button-margin continue-right\" style=\"-webkit-box-shadow:none;-moz-box-shadow:none;box-shadow:none;border-radius:0px 0px 0px 0px\" href=\"http:\/\/www.adalia.ac.ma\/fr\/faculty\/lab\/cxlab\/\" target=\"_self\"><span>Learn More<\/span><\/a><h2>OSE au Maroc<\/h2><div class=\"reading-box-description fusion-reading-box-additional\">Observatoire des Soutiens \u00e0 l'Entrepreneuriat au Maroc<\/div><div class=\"fusion-clearfix\"><\/div><a class=\"button fusion-button button-default fusion-button-default-size button-default-size button-flat fusion-mobile-button continue-right\" style=\"-webkit-box-shadow:none;-moz-box-shadow:none;box-shadow:none;border-radius:0px 0px 0px 0px\" href=\"http:\/\/www.adalia.ac.ma\/fr\/faculty\/lab\/cxlab\/\" target=\"_self\"><span>Learn More<\/span><\/a><\/div><\/div><\/div><\/div><\/div><\/div>","protected":false},"excerpt":{"rendered":"","protected":false},"author":1,"featured_media":0,"parent":244,"menu_order":0,"comment_status":"closed","ping_status":"closed","template":"100-width.php","meta":{"footnotes":""},"class_list":["post-247","page","type-page","status-publish","hentry"],"yoast_head":"<!-- This site is optimized with the Yoast SEO plugin v27.4 - https:\/\/yoast.com\/product\/yoast-seo-wordpress\/ -->\n<title>Recherche et Publications - ADALIA Institute<\/title>\n<meta name=\"description\" content=\"D\u00e9couvrez l&#039;ADALIA Institute, une \u00e9cole d&#039;enseignement sup\u00e9rieur situ\u00e9e \u00e0 Casablanca. Nous proposons des formations en Licence, Master et Doctorat dans des domaines vari\u00e9s. Notre objectif est de former des professionnels comp\u00e9tents et innovants, pr\u00eats \u00e0 relever les d\u00e9fis du monde professionnel. D\u00e9couvrez notre programme acad\u00e9mique et nos options de financement. Inscrivez-vous d\u00e8s maintenant pour donner un coup de pouce \u00e0 votre carri\u00e8re !\" \/>\n<meta name=\"robots\" content=\"index, follow, max-snippet:-1, max-image-preview:large, max-video-preview:-1\" \/>\n<link rel=\"canonical\" href=\"https:\/\/www.adalia.ac.ma\/en\/faculty\/lab\/\" \/>\n<meta property=\"og:locale\" content=\"en_US\" \/>\n<meta property=\"og:type\" content=\"article\" \/>\n<meta property=\"og:title\" content=\"Recherche et Publications - ADALIA Institute\" \/>\n<meta property=\"og:description\" content=\"D\u00e9couvrez l&#039;ADALIA Institute, une \u00e9cole d&#039;enseignement sup\u00e9rieur situ\u00e9e \u00e0 Casablanca. Nous proposons des formations en Licence, Master et Doctorat dans des domaines vari\u00e9s. Notre objectif est de former des professionnels comp\u00e9tents et innovants, pr\u00eats \u00e0 relever les d\u00e9fis du monde professionnel. D\u00e9couvrez notre programme acad\u00e9mique et nos options de financement. Inscrivez-vous d\u00e8s maintenant pour donner un coup de pouce \u00e0 votre carri\u00e8re !\" \/>\n<meta property=\"og:url\" content=\"https:\/\/www.adalia.ac.ma\/en\/faculty\/lab\/\" \/>\n<meta property=\"og:site_name\" content=\"ADALIA Institute\" \/>\n<meta property=\"article:publisher\" content=\"https:\/\/www.facebook.com\/adalia.business.school\/\" \/>\n<meta property=\"article:modified_time\" content=\"2018-12-03T00:21:53+00:00\" \/>\n<meta name=\"twitter:card\" content=\"summary_large_image\" \/>\n<meta name=\"twitter:label1\" content=\"Est. reading time\" \/>\n\t<meta name=\"twitter:data1\" content=\"2 minutes\" \/>\n<script type=\"application\/ld+json\" class=\"yoast-schema-graph\">{\"@context\":\"https:\\\/\\\/schema.org\",\"@graph\":[{\"@type\":\"WebPage\",\"@id\":\"https:\\\/\\\/www.adalia.ac.ma\\\/fr\\\/faculty\\\/lab\\\/\",\"url\":\"https:\\\/\\\/www.adalia.ac.ma\\\/fr\\\/faculty\\\/lab\\\/\",\"name\":\"Recherche et Publications - ADALIA Institute\",\"isPartOf\":{\"@id\":\"https:\\\/\\\/www.adalia.ac.ma\\\/#website\"},\"datePublished\":\"2017-11-24T10:56:01+00:00\",\"dateModified\":\"2018-12-03T00:21:53+00:00\",\"description\":\"D\u00e9couvrez l'ADALIA Institute, une \u00e9cole d'enseignement sup\u00e9rieur situ\u00e9e \u00e0 Casablanca. Nous proposons des formations en Licence, Master et Doctorat dans des domaines vari\u00e9s. Notre objectif est de former des professionnels comp\u00e9tents et innovants, pr\u00eats \u00e0 relever les d\u00e9fis du monde professionnel. D\u00e9couvrez notre programme acad\u00e9mique et nos options de financement. Inscrivez-vous d\u00e8s maintenant pour donner un coup de pouce \u00e0 votre carri\u00e8re !\",\"breadcrumb\":{\"@id\":\"https:\\\/\\\/www.adalia.ac.ma\\\/fr\\\/faculty\\\/lab\\\/#breadcrumb\"},\"inLanguage\":\"en-US\",\"potentialAction\":[{\"@type\":\"ReadAction\",\"target\":[\"https:\\\/\\\/www.adalia.ac.ma\\\/fr\\\/faculty\\\/lab\\\/\"]}]},{\"@type\":\"BreadcrumbList\",\"@id\":\"https:\\\/\\\/www.adalia.ac.ma\\\/fr\\\/faculty\\\/lab\\\/#breadcrumb\",\"itemListElement\":[{\"@type\":\"ListItem\",\"position\":1,\"name\":\"Accueil\",\"item\":\"https:\\\/\\\/www.adalia.ac.ma\\\/\"},{\"@type\":\"ListItem\",\"position\":2,\"name\":\"Accueil\",\"item\":\"https:\\\/\\\/www.adalia.ac.ma\\\/fr\\\/\"},{\"@type\":\"ListItem\",\"position\":3,\"name\":\"Facult\u00e9 et Recherche\",\"item\":\"https:\\\/\\\/www.adalia.ac.ma\\\/fr\\\/faculty\\\/\"},{\"@type\":\"ListItem\",\"position\":4,\"name\":\"Recherche et Publications\"}]},{\"@type\":\"WebSite\",\"@id\":\"https:\\\/\\\/www.adalia.ac.ma\\\/#website\",\"url\":\"https:\\\/\\\/www.adalia.ac.ma\\\/\",\"name\":\"ADALIA Institute |\u00a0School of Business and Management\",\"description\":\"Thinkers &amp; Doers\",\"publisher\":{\"@id\":\"https:\\\/\\\/www.adalia.ac.ma\\\/#organization\"},\"alternateName\":\"ADALIA Institute\",\"potentialAction\":[{\"@type\":\"SearchAction\",\"target\":{\"@type\":\"EntryPoint\",\"urlTemplate\":\"https:\\\/\\\/www.adalia.ac.ma\\\/?s={search_term_string}\"},\"query-input\":{\"@type\":\"PropertyValueSpecification\",\"valueRequired\":true,\"valueName\":\"search_term_string\"}}],\"inLanguage\":\"en-US\"},{\"@type\":\"Organization\",\"@id\":\"https:\\\/\\\/www.adalia.ac.ma\\\/#organization\",\"name\":\"ADALIA Institute | School of Business and Management\",\"alternateName\":\"ADALIA Institute\",\"url\":\"https:\\\/\\\/www.adalia.ac.ma\\\/\",\"logo\":{\"@type\":\"ImageObject\",\"inLanguage\":\"en-US\",\"@id\":\"https:\\\/\\\/www.adalia.ac.ma\\\/#\\\/schema\\\/logo\\\/image\\\/\",\"url\":\"https:\\\/\\\/www.adalia.ac.ma\\\/wp-content\\\/uploads\\\/2020\\\/08\\\/adalia-icon-r-75.png\",\"contentUrl\":\"https:\\\/\\\/www.adalia.ac.ma\\\/wp-content\\\/uploads\\\/2020\\\/08\\\/adalia-icon-r-75.png\",\"width\":75,\"height\":75,\"caption\":\"ADALIA Institute | School of Business and Management\"},\"image\":{\"@id\":\"https:\\\/\\\/www.adalia.ac.ma\\\/#\\\/schema\\\/logo\\\/image\\\/\"},\"sameAs\":[\"https:\\\/\\\/www.facebook.com\\\/adalia.business.school\\\/\",\"https:\\\/\\\/www.linkedin.com\\\/company\\\/adalia-school-of-business\\\/\",\"https:\\\/\\\/www.instagram.com\\\/adalia.institute\\\/\"]}]}<\/script>\n<!-- \/ Yoast SEO plugin. -->","yoast_head_json":{"title":"Recherche et Publications - ADALIA Institute","description":"D\u00e9couvrez l'ADALIA Institute, une \u00e9cole d'enseignement sup\u00e9rieur situ\u00e9e \u00e0 Casablanca. Nous proposons des formations en Licence, Master et Doctorat dans des domaines vari\u00e9s. Notre objectif est de former des professionnels comp\u00e9tents et innovants, pr\u00eats \u00e0 relever les d\u00e9fis du monde professionnel. D\u00e9couvrez notre programme acad\u00e9mique et nos options de financement. Inscrivez-vous d\u00e8s maintenant pour donner un coup de pouce \u00e0 votre carri\u00e8re !","robots":{"index":"index","follow":"follow","max-snippet":"max-snippet:-1","max-image-preview":"max-image-preview:large","max-video-preview":"max-video-preview:-1"},"canonical":"https:\/\/www.adalia.ac.ma\/en\/faculty\/lab\/","og_locale":"en_US","og_type":"article","og_title":"Recherche et Publications - ADALIA Institute","og_description":"D\u00e9couvrez l'ADALIA Institute, une \u00e9cole d'enseignement sup\u00e9rieur situ\u00e9e \u00e0 Casablanca. Nous proposons des formations en Licence, Master et Doctorat dans des domaines vari\u00e9s. Notre objectif est de former des professionnels comp\u00e9tents et innovants, pr\u00eats \u00e0 relever les d\u00e9fis du monde professionnel. D\u00e9couvrez notre programme acad\u00e9mique et nos options de financement. Inscrivez-vous d\u00e8s maintenant pour donner un coup de pouce \u00e0 votre carri\u00e8re !","og_url":"https:\/\/www.adalia.ac.ma\/en\/faculty\/lab\/","og_site_name":"ADALIA Institute","article_publisher":"https:\/\/www.facebook.com\/adalia.business.school\/","article_modified_time":"2018-12-03T00:21:53+00:00","twitter_card":"summary_large_image","twitter_misc":{"Est. reading time":"2 minutes"},"schema":{"@context":"https:\/\/schema.org","@graph":[{"@type":"WebPage","@id":"https:\/\/www.adalia.ac.ma\/fr\/faculty\/lab\/","url":"https:\/\/www.adalia.ac.ma\/fr\/faculty\/lab\/","name":"Recherche et Publications - ADALIA Institute","isPartOf":{"@id":"https:\/\/www.adalia.ac.ma\/#website"},"datePublished":"2017-11-24T10:56:01+00:00","dateModified":"2018-12-03T00:21:53+00:00","description":"D\u00e9couvrez l'ADALIA Institute, une \u00e9cole d'enseignement sup\u00e9rieur situ\u00e9e \u00e0 Casablanca. Nous proposons des formations en Licence, Master et Doctorat dans des domaines vari\u00e9s. Notre objectif est de former des professionnels comp\u00e9tents et innovants, pr\u00eats \u00e0 relever les d\u00e9fis du monde professionnel. D\u00e9couvrez notre programme acad\u00e9mique et nos options de financement. Inscrivez-vous d\u00e8s maintenant pour donner un coup de pouce \u00e0 votre carri\u00e8re !","breadcrumb":{"@id":"https:\/\/www.adalia.ac.ma\/fr\/faculty\/lab\/#breadcrumb"},"inLanguage":"en-US","potentialAction":[{"@type":"ReadAction","target":["https:\/\/www.adalia.ac.ma\/fr\/faculty\/lab\/"]}]},{"@type":"BreadcrumbList","@id":"https:\/\/www.adalia.ac.ma\/fr\/faculty\/lab\/#breadcrumb","itemListElement":[{"@type":"ListItem","position":1,"name":"Accueil","item":"https:\/\/www.adalia.ac.ma\/"},{"@type":"ListItem","position":2,"name":"Accueil","item":"https:\/\/www.adalia.ac.ma\/fr\/"},{"@type":"ListItem","position":3,"name":"Facult\u00e9 et Recherche","item":"https:\/\/www.adalia.ac.ma\/fr\/faculty\/"},{"@type":"ListItem","position":4,"name":"Recherche et Publications"}]},{"@type":"WebSite","@id":"https:\/\/www.adalia.ac.ma\/#website","url":"https:\/\/www.adalia.ac.ma\/","name":"ADALIA Institute |\u00a0School of Business and Management","description":"Thinkers &amp; Doers","publisher":{"@id":"https:\/\/www.adalia.ac.ma\/#organization"},"alternateName":"ADALIA Institute","potentialAction":[{"@type":"SearchAction","target":{"@type":"EntryPoint","urlTemplate":"https:\/\/www.adalia.ac.ma\/?s={search_term_string}"},"query-input":{"@type":"PropertyValueSpecification","valueRequired":true,"valueName":"search_term_string"}}],"inLanguage":"en-US"},{"@type":"Organization","@id":"https:\/\/www.adalia.ac.ma\/#organization","name":"ADALIA Institute | School of Business and Management","alternateName":"ADALIA Institute","url":"https:\/\/www.adalia.ac.ma\/","logo":{"@type":"ImageObject","inLanguage":"en-US","@id":"https:\/\/www.adalia.ac.ma\/#\/schema\/logo\/image\/","url":"https:\/\/www.adalia.ac.ma\/wp-content\/uploads\/2020\/08\/adalia-icon-r-75.png","contentUrl":"https:\/\/www.adalia.ac.ma\/wp-content\/uploads\/2020\/08\/adalia-icon-r-75.png","width":75,"height":75,"caption":"ADALIA Institute | School of Business and Management"},"image":{"@id":"https:\/\/www.adalia.ac.ma\/#\/schema\/logo\/image\/"},"sameAs":["https:\/\/www.facebook.com\/adalia.business.school\/","https:\/\/www.linkedin.com\/company\/adalia-school-of-business\/","https:\/\/www.instagram.com\/adalia.institute\/"]}]}},"_links":{"self":[{"href":"https:\/\/www.adalia.ac.ma\/en\/wp-json\/wp\/v2\/pages\/247","targetHints":{"allow":["GET"]}}],"collection":[{"href":"https:\/\/www.adalia.ac.ma\/en\/wp-json\/wp\/v2\/pages"}],"about":[{"href":"https:\/\/www.adalia.ac.ma\/en\/wp-json\/wp\/v2\/types\/page"}],"author":[{"embeddable":true,"href":"https:\/\/www.adalia.ac.ma\/en\/wp-json\/wp\/v2\/users\/1"}],"replies":[{"embeddable":true,"href":"https:\/\/www.adalia.ac.ma\/en\/wp-json\/wp\/v2\/comments?post=247"}],"version-history":[{"count":6,"href":"https:\/\/www.adalia.ac.ma\/en\/wp-json\/wp\/v2\/pages\/247\/revisions"}],"predecessor-version":[{"id":808,"href":"https:\/\/www.adalia.ac.ma\/en\/wp-json\/wp\/v2\/pages\/247\/revisions\/808"}],"up":[{"embeddable":true,"href":"https:\/\/www.adalia.ac.ma\/en\/wp-json\/wp\/v2\/pages\/244"}],"wp:attachment":[{"href":"https:\/\/www.adalia.ac.ma\/en\/wp-json\/wp\/v2\/media?parent=247"}],"curies":[{"name":"wp","href":"https:\/\/api.w.org\/{rel}","templated":true}]}}