{"id":1998,"date":"2022-08-26T10:48:19","date_gmt":"2022-08-26T10:48:19","guid":{"rendered":"https:\/\/www.adalia.ac.ma\/?page_id=1998"},"modified":"2022-08-26T10:52:07","modified_gmt":"2022-08-26T10:52:07","slug":"casablanca","status":"publish","type":"page","link":"https:\/\/www.adalia.ac.ma\/en\/fr\/life\/casablanca\/","title":{"rendered":"Etudier a Casablanca"},"content":{"rendered":"<div class=\"fusion-fullwidth fullwidth-box fusion-builder-row-1 fusion-flex-container nonhundred-percent-fullwidth non-hundred-percent-height-scrolling\" style=\"--awb-border-radius-top-left:0px;--awb-border-radius-top-right:0px;--awb-border-radius-bottom-right:0px;--awb-border-radius-bottom-left:0px;--awb-flex-wrap:wrap;\" ><div class=\"fusion-builder-row fusion-row fusion-flex-align-items-flex-start fusion-flex-content-wrap\" style=\"max-width:1144px;margin-left: calc(-4% \/ 2 );margin-right: calc(-4% \/ 2 );\"><div class=\"fusion-layout-column fusion_builder_column fusion-builder-column-0 fusion_builder_column_1_1 1_1 fusion-flex-column\" style=\"--awb-bg-size:cover;--awb-width-large:100%;--awb-margin-top-large:0px;--awb-spacing-right-large:1.92%;--awb-margin-bottom-large:20px;--awb-spacing-left-large:1.92%;--awb-width-medium:100%;--awb-order-medium:0;--awb-spacing-right-medium:1.92%;--awb-spacing-left-medium:1.92%;--awb-width-small:100%;--awb-order-small:0;--awb-spacing-right-small:1.92%;--awb-spacing-left-small:1.92%;\"><div class=\"fusion-column-wrapper fusion-column-has-shadow fusion-flex-justify-content-flex-start fusion-content-layout-column\"><div class=\"fusion-title title fusion-title-1 fusion-sep-none fusion-title-text fusion-title-size-one\"><h1 class=\"fusion-title-heading title-heading-left\" style=\"margin:0;\">Etudier a Casablanca<\/h1><\/div><div class=\"fusion-text fusion-text-1\"><p>Casablanca, capitale \u00e9conomique du Maroc, ville de pr\u00e9dilection des touristes, mais pas que! En effet Casablanca c\u2019est aussi un point phare pour les \u00e9tudes sup\u00e9rieures, entre ses deux grandes universit\u00e9s Hassan II et Mohammed VI, ses nombreuses \u00e9coles sup\u00e9rieures publiques et priv\u00e9es, locales et internationales, ce ne sont pas les opportunit\u00e9s qui manquent.<\/p>\n<p>Alors pourquoi ne pas se lancer dans cette aventure ? Si vous d\u00e9cidez d\u2019opter pour Casablanca pour vos \u00e9tudes post baccalaur\u00e9at voici quelques trucs \u00e0 savoir.<\/p>\n<\/div><div class=\"accordian fusion-accordian\" style=\"--awb-border-size:1px;--awb-icon-size:16px;--awb-content-font-size:13px;--awb-icon-alignment:left;--awb-hover-color:#f9f9f9;--awb-border-color:#cccccc;--awb-background-color:#ffffff;--awb-divider-color:#e0dede;--awb-divider-hover-color:#e0dede;--awb-icon-color:#ffffff;--awb-title-color:#333333;--awb-content-color:#747474;--awb-icon-box-color:#333333;--awb-toggle-hover-accent-color:#e9a825;--awb-title-font-family:&quot;Roboto&quot;;--awb-title-font-weight:500;--awb-title-font-style:normal;--awb-title-font-size:16px;--awb-content-font-family:&quot;Roboto&quot;;--awb-content-font-style:normal;--awb-content-font-weight:300;\"><div class=\"panel-group fusion-toggle-icon-boxed\" id=\"accordion-1998-1\"><div class=\"fusion-panel panel-default panel-d0be77373915eb51b fusion-toggle-has-divider\"><div class=\"panel-heading\"><h4 class=\"panel-title toggle\" id=\"toggle_d0be77373915eb51b\"><a aria-expanded=\"false\" aria-controls=\"d0be77373915eb51b\" role=\"button\" data-toggle=\"collapse\" data-parent=\"#accordion-1998-1\" data-target=\"#d0be77373915eb51b\" href=\"#d0be77373915eb51b\"><span class=\"fusion-toggle-icon-wrapper\" aria-hidden=\"true\"><i class=\"fa-fusion-box active-icon awb-icon-minus\" aria-hidden=\"true\"><\/i><i class=\"fa-fusion-box inactive-icon awb-icon-plus\" aria-hidden=\"true\"><\/i><\/span><span class=\"fusion-toggle-heading\">Se loger<\/span><\/a><\/h4><\/div><div id=\"d0be77373915eb51b\" class=\"panel-collapse collapse\" aria-labelledby=\"toggle_d0be77373915eb51b\"><div class=\"panel-body toggle-content fusion-clearfix\">\n<p>Si vous quittez le domicile familial pour poursuivre vos \u00e9tudes sup\u00e9rieures \u00e0 Casablanca, votre premier souci sera de trouver un <strong>logement<\/strong> et pour \u00e7a vous avez un panel de choix \u00e0 votre disposition.<\/p>\n<p>Vous pouvez opter pour une <strong>chambre en r\u00e9sidence \u00e9tudiante<\/strong> qui vous co\u00fbtera en moyenne 1700 dhs par mois pour une chambre double et 2500 dhs par mois pour une chambre simple, toutes charges comprises.<\/p>\n<p>Si vous pr\u00e9f\u00e9rez \u00e9viter les contraintes li\u00e9es \u00e0 la vie en r\u00e9sidence \u00e9tudiante vous pouvez opter pour la <strong>location d\u2019un appartement ou d\u2019un studio<\/strong>, les co\u00fbts varient entre 2000 et 7000 dhs hors charges en fonction des zones, opter pour une collocation est un moyen simple et efficace pour r\u00e9duire les co\u00fbts.<\/p>\n<p>Beaucoup de nos \u00e9tudiants optent pour une colocation, ce qui r\u00e9duit les frais de location d&rsquo;autant.<\/p>\n<\/div><\/div><\/div><div class=\"fusion-panel panel-default panel-0c6e3ed7942e0d377 fusion-toggle-has-divider\"><div class=\"panel-heading\"><h4 class=\"panel-title toggle\" id=\"toggle_0c6e3ed7942e0d377\"><a aria-expanded=\"false\" aria-controls=\"0c6e3ed7942e0d377\" role=\"button\" data-toggle=\"collapse\" data-parent=\"#accordion-1998-1\" data-target=\"#0c6e3ed7942e0d377\" href=\"#0c6e3ed7942e0d377\"><span class=\"fusion-toggle-icon-wrapper\" aria-hidden=\"true\"><i class=\"fa-fusion-box active-icon awb-icon-minus\" aria-hidden=\"true\"><\/i><i class=\"fa-fusion-box inactive-icon awb-icon-plus\" aria-hidden=\"true\"><\/i><\/span><span class=\"fusion-toggle-heading\">Se d\u00e9placer<\/span><\/a><\/h4><\/div><div id=\"0c6e3ed7942e0d377\" class=\"panel-collapse collapse\" aria-labelledby=\"toggle_0c6e3ed7942e0d377\"><div class=\"panel-body toggle-content fusion-clearfix\">\n<p>Pour se d\u00e9placer dans Casablanca (et hors) plusieurs options s\u2019offrent \u00e0 vous:<\/p>\n<ul>\n<li><strong>Le train<\/strong>: le tarif minimum pour un billet de train est de 40 dhs, vous pouvez b\u00e9n\u00e9ficier de r\u00e9ductions en souscrivant au forfait \u00e9tudiant propos\u00e9 par l\u2019ONCF. Les trains repr\u00e9sentent un moyen peu co\u00fbteux et rapide d\u2019effectuer des d\u00e9placements hors de Casablanca, m\u00eame si celui-ci ne couvre pas encore la totalit\u00e9 des villes du territoire.<\/li>\n<li><strong>Le bus<\/strong>: entre 4 et 6 dhs le ticket, le bus reste l\u2019un des moyens de transport les moins chers et les plus utilis\u00e9s du territoire, puisqu\u2019il arrive \u00e0 couvrir la majorit\u00e9 des zones de la ville de Casablanca.<\/li>\n<li><strong>Petits et grands taxis<\/strong>: Parmi les moyens de transport les plus sollicit\u00e9s on retrouve bien s\u00fbr les petits et grands taxis. Les diff\u00e9rences ? La taille bien entendu, les petits taxis se limitent \u00e0 3 places pour 6 avec les grands taxis. Aussi les grands taxis suivent un itin\u00e9raire pr\u00e9\u00e9tabli alors que les petits taxis s\u2019adaptent \u00e0 votre destination. Et enfin mais pas des moindres, le tarif, les grands taxis sont relativement moins chers que les petits taxis qui fonctionnent au compteur avec un tarif minimum de 7 dhs.<\/li>\n<li><strong>Le Tram<\/strong>: le ticket de Tram co\u00fbte en moyenne 8 dhs, il repr\u00e9sente une alternative int\u00e9ressante, aux bus souvent bond\u00e9s ou aux taxis parfois trop chers.<\/li>\n<\/ul>\n<\/div><\/div><\/div><div class=\"fusion-panel panel-default panel-b4f262d0ae7325b7b fusion-toggle-has-divider\"><div class=\"panel-heading\"><h4 class=\"panel-title toggle\" id=\"toggle_b4f262d0ae7325b7b\"><a aria-expanded=\"false\" aria-controls=\"b4f262d0ae7325b7b\" role=\"button\" data-toggle=\"collapse\" data-parent=\"#accordion-1998-1\" data-target=\"#b4f262d0ae7325b7b\" href=\"#b4f262d0ae7325b7b\"><span class=\"fusion-toggle-icon-wrapper\" aria-hidden=\"true\"><i class=\"fa-fusion-box active-icon awb-icon-minus\" aria-hidden=\"true\"><\/i><i class=\"fa-fusion-box inactive-icon awb-icon-plus\" aria-hidden=\"true\"><\/i><\/span><span class=\"fusion-toggle-heading\">Se nourrir<\/span><\/a><\/h4><\/div><div id=\"b4f262d0ae7325b7b\" class=\"panel-collapse collapse\" aria-labelledby=\"toggle_b4f262d0ae7325b7b\"><div class=\"panel-body toggle-content fusion-clearfix\">\n<p>Se nourrir \u00e0 Casablanca est relativement abordable, il existe de nombreux restaurants universitaires, sans compter les cha\u00eenes de fastfood. Bien s\u00fbr si vous privil\u00e9giez les repas fait maison cela ne fera pas de mal \u00e0 votre poche non plus. Dans tous quartiers et les diff\u00e9rentes zones vous trouverez les commerces essentiels pour vous ravitailler\u00a0: boucherie, boulangerie, \u00e9picerie ou grandes surfaces, vous avez un acc\u00e8s rapide et facile \u00e0 toutes les commodit\u00e9s. Pour vous faire une id\u00e9e voici quelques exemples de prix en vigueur:<\/p>\n<ul>\n<li>Baguette de pain: 1,2 dhs<\/li>\n<li>Bouteille de gaz: 50 dhs<\/li>\n<li>Viande: 80 dhs\/kg<\/li>\n<li>Riz: 11 dhs\/kg<\/li>\n<li>Oeuf: 1,5 dhs\/l\u2019unit\u00e9<\/li>\n<\/ul>\n<\/div><\/div><\/div><div class=\"fusion-panel panel-default panel-fe02f9125f9200d56 fusion-toggle-has-divider\"><div class=\"panel-heading\"><h4 class=\"panel-title toggle\" id=\"toggle_fe02f9125f9200d56\"><a aria-expanded=\"false\" aria-controls=\"fe02f9125f9200d56\" role=\"button\" data-toggle=\"collapse\" data-parent=\"#accordion-1998-1\" data-target=\"#fe02f9125f9200d56\" href=\"#fe02f9125f9200d56\"><span class=\"fusion-toggle-icon-wrapper\" aria-hidden=\"true\"><i class=\"fa-fusion-box active-icon awb-icon-minus\" aria-hidden=\"true\"><\/i><i class=\"fa-fusion-box inactive-icon awb-icon-plus\" aria-hidden=\"true\"><\/i><\/span><span class=\"fusion-toggle-heading\">Se divertir<\/span><\/a><\/h4><\/div><div id=\"fe02f9125f9200d56\" class=\"panel-collapse collapse\" aria-labelledby=\"toggle_fe02f9125f9200d56\"><div class=\"panel-body toggle-content fusion-clearfix\">\n<p>M\u00eame s\u2019il est vrai que vous \u00eates avant tout l\u00e0 pour \u00e9tudier, il faut savoir prendre une pause et souffler. Et les endroits pour se changer les id\u00e9es \u00e0 Casablanca ce n\u2019est pas ce qui manque. Vous pouvez opter pour une journ\u00e9e au bord de l\u2019eau en vous rendant \u00e0 la corniche, ou pourquoi pas une vir\u00e9e shopping au Tajfine center ou Morroco Mall. Si votre truc c\u2019est plus les sensations fortes vous avez aussi le parc d\u2019attraction Sindibad, vous pouvez \u00e9galement pr\u00e9voir une sortie culturelle et visiter les nombreux sites touristiques dont regorge Casablanca comme la grande Mosqu\u00e9e Hassan II ou le mus\u00e9e Abderrahman Slaoui.<\/p>\n<\/div><\/div><\/div><div class=\"fusion-panel panel-default panel-d33d20edc091d591c fusion-toggle-has-divider\"><div class=\"panel-heading\"><h4 class=\"panel-title toggle\" id=\"toggle_d33d20edc091d591c\"><a aria-expanded=\"false\" aria-controls=\"d33d20edc091d591c\" role=\"button\" data-toggle=\"collapse\" data-parent=\"#accordion-1998-1\" data-target=\"#d33d20edc091d591c\" href=\"#d33d20edc091d591c\"><span class=\"fusion-toggle-icon-wrapper\" aria-hidden=\"true\"><i class=\"fa-fusion-box active-icon awb-icon-minus\" aria-hidden=\"true\"><\/i><i class=\"fa-fusion-box inactive-icon awb-icon-plus\" aria-hidden=\"true\"><\/i><\/span><span class=\"fusion-toggle-heading\">Accompagnement ADALIA Institute<\/span><\/a><\/h4><\/div><div id=\"d33d20edc091d591c\" class=\"panel-collapse collapse\" aria-labelledby=\"toggle_d33d20edc091d591c\"><div class=\"panel-body toggle-content fusion-clearfix\">\n<p>Pour nos \u00e9tudiants \u00e9trangers faisant leurs \u00e9tudes \u00e0 Casablanca, nous vous aidons de divers nature :<\/p>\n<ul>\n<li>accueil \u00e0 l&rsquo;arriv\u00e9e au Maroc<\/li>\n<li>aide \u00e0 l&rsquo;obtention d&rsquo;un logement (indication d&rsquo;un logement provisoire, aide pour trouver et n\u00e9gocier un logement)<\/li>\n<li>mise en relation\u00a0 avec \u00e9tudiants de l&rsquo;\u00e9cole pour la colocation<\/li>\n<li>organisation d&rsquo;activit\u00e9s<\/li>\n<\/ul>\n<\/div><\/div><\/div><\/div><\/div><\/div><\/div><\/div><\/div>","protected":false},"excerpt":{"rendered":"","protected":false},"author":1,"featured_media":0,"parent":166,"menu_order":0,"comment_status":"closed","ping_status":"closed","template":"","meta":{"footnotes":""},"class_list":["post-1998","page","type-page","status-publish","hentry"],"yoast_head":"<!-- This site is optimized with the Yoast SEO plugin v27.4 - https:\/\/yoast.com\/product\/yoast-seo-wordpress\/ -->\n<title>Etudier a Casablanca - ADALIA Institute<\/title>\n<meta name=\"description\" content=\"D\u00e9couvrez l&#039;ADALIA Institute, une \u00e9cole d&#039;enseignement sup\u00e9rieur situ\u00e9e \u00e0 Casablanca. Nous proposons des formations en Licence, Master et Doctorat dans des domaines vari\u00e9s. Notre objectif est de former des professionnels comp\u00e9tents et innovants, pr\u00eats \u00e0 relever les d\u00e9fis du monde professionnel. D\u00e9couvrez notre programme acad\u00e9mique et nos options de financement. Inscrivez-vous d\u00e8s maintenant pour donner un coup de pouce \u00e0 votre carri\u00e8re !\" \/>\n<meta name=\"robots\" content=\"index, follow, max-snippet:-1, max-image-preview:large, max-video-preview:-1\" \/>\n<link rel=\"canonical\" href=\"https:\/\/www.adalia.ac.ma\/en\/life\/casablanca\/\" \/>\n<meta property=\"og:locale\" content=\"en_US\" \/>\n<meta property=\"og:type\" content=\"article\" \/>\n<meta property=\"og:title\" content=\"Etudier a Casablanca - ADALIA Institute\" \/>\n<meta property=\"og:description\" content=\"D\u00e9couvrez l&#039;ADALIA Institute, une \u00e9cole d&#039;enseignement sup\u00e9rieur situ\u00e9e \u00e0 Casablanca. Nous proposons des formations en Licence, Master et Doctorat dans des domaines vari\u00e9s. Notre objectif est de former des professionnels comp\u00e9tents et innovants, pr\u00eats \u00e0 relever les d\u00e9fis du monde professionnel. D\u00e9couvrez notre programme acad\u00e9mique et nos options de financement. Inscrivez-vous d\u00e8s maintenant pour donner un coup de pouce \u00e0 votre carri\u00e8re !\" \/>\n<meta property=\"og:url\" content=\"https:\/\/www.adalia.ac.ma\/en\/life\/casablanca\/\" \/>\n<meta property=\"og:site_name\" content=\"ADALIA Institute\" \/>\n<meta property=\"article:publisher\" content=\"https:\/\/www.facebook.com\/adalia.business.school\/\" \/>\n<meta property=\"article:modified_time\" content=\"2022-08-26T10:52:07+00:00\" \/>\n<meta name=\"twitter:card\" content=\"summary_large_image\" \/>\n<meta name=\"twitter:label1\" content=\"Est. reading time\" \/>\n\t<meta name=\"twitter:data1\" content=\"6 minutes\" \/>\n<script type=\"application\/ld+json\" class=\"yoast-schema-graph\">{\"@context\":\"https:\\\/\\\/schema.org\",\"@graph\":[{\"@type\":\"WebPage\",\"@id\":\"https:\\\/\\\/www.adalia.ac.ma\\\/fr\\\/life\\\/casablanca\\\/\",\"url\":\"https:\\\/\\\/www.adalia.ac.ma\\\/fr\\\/life\\\/casablanca\\\/\",\"name\":\"Etudier a Casablanca - ADALIA Institute\",\"isPartOf\":{\"@id\":\"https:\\\/\\\/www.adalia.ac.ma\\\/#website\"},\"datePublished\":\"2022-08-26T10:48:19+00:00\",\"dateModified\":\"2022-08-26T10:52:07+00:00\",\"description\":\"D\u00e9couvrez l'ADALIA Institute, une \u00e9cole d'enseignement sup\u00e9rieur situ\u00e9e \u00e0 Casablanca. Nous proposons des formations en Licence, Master et Doctorat dans des domaines vari\u00e9s. Notre objectif est de former des professionnels comp\u00e9tents et innovants, pr\u00eats \u00e0 relever les d\u00e9fis du monde professionnel. D\u00e9couvrez notre programme acad\u00e9mique et nos options de financement. Inscrivez-vous d\u00e8s maintenant pour donner un coup de pouce \u00e0 votre carri\u00e8re !\",\"breadcrumb\":{\"@id\":\"https:\\\/\\\/www.adalia.ac.ma\\\/fr\\\/life\\\/casablanca\\\/#breadcrumb\"},\"inLanguage\":\"en-US\",\"potentialAction\":[{\"@type\":\"ReadAction\",\"target\":[\"https:\\\/\\\/www.adalia.ac.ma\\\/fr\\\/life\\\/casablanca\\\/\"]}]},{\"@type\":\"BreadcrumbList\",\"@id\":\"https:\\\/\\\/www.adalia.ac.ma\\\/fr\\\/life\\\/casablanca\\\/#breadcrumb\",\"itemListElement\":[{\"@type\":\"ListItem\",\"position\":1,\"name\":\"Accueil\",\"item\":\"https:\\\/\\\/www.adalia.ac.ma\\\/\"},{\"@type\":\"ListItem\",\"position\":2,\"name\":\"Accueil\",\"item\":\"https:\\\/\\\/www.adalia.ac.ma\\\/fr\\\/\"},{\"@type\":\"ListItem\",\"position\":3,\"name\":\"Vie Etudiante\",\"item\":\"https:\\\/\\\/www.adalia.ac.ma\\\/fr\\\/life\\\/\"},{\"@type\":\"ListItem\",\"position\":4,\"name\":\"Etudier a Casablanca\"}]},{\"@type\":\"WebSite\",\"@id\":\"https:\\\/\\\/www.adalia.ac.ma\\\/#website\",\"url\":\"https:\\\/\\\/www.adalia.ac.ma\\\/\",\"name\":\"ADALIA Institute |\u00a0School of Business and Management\",\"description\":\"Thinkers &amp; Doers\",\"publisher\":{\"@id\":\"https:\\\/\\\/www.adalia.ac.ma\\\/#organization\"},\"alternateName\":\"ADALIA Institute\",\"potentialAction\":[{\"@type\":\"SearchAction\",\"target\":{\"@type\":\"EntryPoint\",\"urlTemplate\":\"https:\\\/\\\/www.adalia.ac.ma\\\/?s={search_term_string}\"},\"query-input\":{\"@type\":\"PropertyValueSpecification\",\"valueRequired\":true,\"valueName\":\"search_term_string\"}}],\"inLanguage\":\"en-US\"},{\"@type\":\"Organization\",\"@id\":\"https:\\\/\\\/www.adalia.ac.ma\\\/#organization\",\"name\":\"ADALIA Institute | School of Business and Management\",\"alternateName\":\"ADALIA Institute\",\"url\":\"https:\\\/\\\/www.adalia.ac.ma\\\/\",\"logo\":{\"@type\":\"ImageObject\",\"inLanguage\":\"en-US\",\"@id\":\"https:\\\/\\\/www.adalia.ac.ma\\\/#\\\/schema\\\/logo\\\/image\\\/\",\"url\":\"https:\\\/\\\/www.adalia.ac.ma\\\/wp-content\\\/uploads\\\/2020\\\/08\\\/adalia-icon-r-75.png\",\"contentUrl\":\"https:\\\/\\\/www.adalia.ac.ma\\\/wp-content\\\/uploads\\\/2020\\\/08\\\/adalia-icon-r-75.png\",\"width\":75,\"height\":75,\"caption\":\"ADALIA Institute | School of Business and Management\"},\"image\":{\"@id\":\"https:\\\/\\\/www.adalia.ac.ma\\\/#\\\/schema\\\/logo\\\/image\\\/\"},\"sameAs\":[\"https:\\\/\\\/www.facebook.com\\\/adalia.business.school\\\/\",\"https:\\\/\\\/www.linkedin.com\\\/company\\\/adalia-school-of-business\\\/\",\"https:\\\/\\\/www.instagram.com\\\/adalia.institute\\\/\"]}]}<\/script>\n<!-- \/ Yoast SEO plugin. -->","yoast_head_json":{"title":"Etudier a Casablanca - ADALIA Institute","description":"D\u00e9couvrez l'ADALIA Institute, une \u00e9cole d'enseignement sup\u00e9rieur situ\u00e9e \u00e0 Casablanca. Nous proposons des formations en Licence, Master et Doctorat dans des domaines vari\u00e9s. Notre objectif est de former des professionnels comp\u00e9tents et innovants, pr\u00eats \u00e0 relever les d\u00e9fis du monde professionnel. D\u00e9couvrez notre programme acad\u00e9mique et nos options de financement. Inscrivez-vous d\u00e8s maintenant pour donner un coup de pouce \u00e0 votre carri\u00e8re !","robots":{"index":"index","follow":"follow","max-snippet":"max-snippet:-1","max-image-preview":"max-image-preview:large","max-video-preview":"max-video-preview:-1"},"canonical":"https:\/\/www.adalia.ac.ma\/en\/life\/casablanca\/","og_locale":"en_US","og_type":"article","og_title":"Etudier a Casablanca - ADALIA Institute","og_description":"D\u00e9couvrez l'ADALIA Institute, une \u00e9cole d'enseignement sup\u00e9rieur situ\u00e9e \u00e0 Casablanca. Nous proposons des formations en Licence, Master et Doctorat dans des domaines vari\u00e9s. Notre objectif est de former des professionnels comp\u00e9tents et innovants, pr\u00eats \u00e0 relever les d\u00e9fis du monde professionnel. D\u00e9couvrez notre programme acad\u00e9mique et nos options de financement. Inscrivez-vous d\u00e8s maintenant pour donner un coup de pouce \u00e0 votre carri\u00e8re !","og_url":"https:\/\/www.adalia.ac.ma\/en\/life\/casablanca\/","og_site_name":"ADALIA Institute","article_publisher":"https:\/\/www.facebook.com\/adalia.business.school\/","article_modified_time":"2022-08-26T10:52:07+00:00","twitter_card":"summary_large_image","twitter_misc":{"Est. reading time":"6 minutes"},"schema":{"@context":"https:\/\/schema.org","@graph":[{"@type":"WebPage","@id":"https:\/\/www.adalia.ac.ma\/fr\/life\/casablanca\/","url":"https:\/\/www.adalia.ac.ma\/fr\/life\/casablanca\/","name":"Etudier a Casablanca - ADALIA Institute","isPartOf":{"@id":"https:\/\/www.adalia.ac.ma\/#website"},"datePublished":"2022-08-26T10:48:19+00:00","dateModified":"2022-08-26T10:52:07+00:00","description":"D\u00e9couvrez l'ADALIA Institute, une \u00e9cole d'enseignement sup\u00e9rieur situ\u00e9e \u00e0 Casablanca. Nous proposons des formations en Licence, Master et Doctorat dans des domaines vari\u00e9s. Notre objectif est de former des professionnels comp\u00e9tents et innovants, pr\u00eats \u00e0 relever les d\u00e9fis du monde professionnel. D\u00e9couvrez notre programme acad\u00e9mique et nos options de financement. Inscrivez-vous d\u00e8s maintenant pour donner un coup de pouce \u00e0 votre carri\u00e8re !","breadcrumb":{"@id":"https:\/\/www.adalia.ac.ma\/fr\/life\/casablanca\/#breadcrumb"},"inLanguage":"en-US","potentialAction":[{"@type":"ReadAction","target":["https:\/\/www.adalia.ac.ma\/fr\/life\/casablanca\/"]}]},{"@type":"BreadcrumbList","@id":"https:\/\/www.adalia.ac.ma\/fr\/life\/casablanca\/#breadcrumb","itemListElement":[{"@type":"ListItem","position":1,"name":"Accueil","item":"https:\/\/www.adalia.ac.ma\/"},{"@type":"ListItem","position":2,"name":"Accueil","item":"https:\/\/www.adalia.ac.ma\/fr\/"},{"@type":"ListItem","position":3,"name":"Vie Etudiante","item":"https:\/\/www.adalia.ac.ma\/fr\/life\/"},{"@type":"ListItem","position":4,"name":"Etudier a Casablanca"}]},{"@type":"WebSite","@id":"https:\/\/www.adalia.ac.ma\/#website","url":"https:\/\/www.adalia.ac.ma\/","name":"ADALIA Institute |\u00a0School of Business and Management","description":"Thinkers &amp; Doers","publisher":{"@id":"https:\/\/www.adalia.ac.ma\/#organization"},"alternateName":"ADALIA Institute","potentialAction":[{"@type":"SearchAction","target":{"@type":"EntryPoint","urlTemplate":"https:\/\/www.adalia.ac.ma\/?s={search_term_string}"},"query-input":{"@type":"PropertyValueSpecification","valueRequired":true,"valueName":"search_term_string"}}],"inLanguage":"en-US"},{"@type":"Organization","@id":"https:\/\/www.adalia.ac.ma\/#organization","name":"ADALIA Institute | School of Business and Management","alternateName":"ADALIA Institute","url":"https:\/\/www.adalia.ac.ma\/","logo":{"@type":"ImageObject","inLanguage":"en-US","@id":"https:\/\/www.adalia.ac.ma\/#\/schema\/logo\/image\/","url":"https:\/\/www.adalia.ac.ma\/wp-content\/uploads\/2020\/08\/adalia-icon-r-75.png","contentUrl":"https:\/\/www.adalia.ac.ma\/wp-content\/uploads\/2020\/08\/adalia-icon-r-75.png","width":75,"height":75,"caption":"ADALIA Institute | School of Business and Management"},"image":{"@id":"https:\/\/www.adalia.ac.ma\/#\/schema\/logo\/image\/"},"sameAs":["https:\/\/www.facebook.com\/adalia.business.school\/","https:\/\/www.linkedin.com\/company\/adalia-school-of-business\/","https:\/\/www.instagram.com\/adalia.institute\/"]}]}},"_links":{"self":[{"href":"https:\/\/www.adalia.ac.ma\/en\/wp-json\/wp\/v2\/pages\/1998","targetHints":{"allow":["GET"]}}],"collection":[{"href":"https:\/\/www.adalia.ac.ma\/en\/wp-json\/wp\/v2\/pages"}],"about":[{"href":"https:\/\/www.adalia.ac.ma\/en\/wp-json\/wp\/v2\/types\/page"}],"author":[{"embeddable":true,"href":"https:\/\/www.adalia.ac.ma\/en\/wp-json\/wp\/v2\/users\/1"}],"replies":[{"embeddable":true,"href":"https:\/\/www.adalia.ac.ma\/en\/wp-json\/wp\/v2\/comments?post=1998"}],"version-history":[{"count":3,"href":"https:\/\/www.adalia.ac.ma\/en\/wp-json\/wp\/v2\/pages\/1998\/revisions"}],"predecessor-version":[{"id":2001,"href":"https:\/\/www.adalia.ac.ma\/en\/wp-json\/wp\/v2\/pages\/1998\/revisions\/2001"}],"up":[{"embeddable":true,"href":"https:\/\/www.adalia.ac.ma\/en\/wp-json\/wp\/v2\/pages\/166"}],"wp:attachment":[{"href":"https:\/\/www.adalia.ac.ma\/en\/wp-json\/wp\/v2\/media?parent=1998"}],"curies":[{"name":"wp","href":"https:\/\/api.w.org\/{rel}","templated":true}]}}