{"id":194,"date":"2017-11-24T10:13:56","date_gmt":"2017-11-24T10:13:56","guid":{"rendered":"http:\/\/www.adalia.ac.ma\/?page_id=194"},"modified":"2023-12-27T12:26:02","modified_gmt":"2023-12-27T12:26:02","slug":"sportculture","status":"publish","type":"page","link":"https:\/\/www.adalia.ac.ma\/en\/fr\/life\/sportculture\/","title":{"rendered":"Sports and Culture"},"content":{"rendered":"<p><div class=\"fusion-fullwidth fullwidth-box fusion-builder-row-1 fusion-flex-container has-pattern-background has-mask-background nonhundred-percent-fullwidth non-hundred-percent-height-scrolling\" style=\"--awb-border-radius-top-left:0px;--awb-border-radius-top-right:0px;--awb-border-radius-bottom-right:0px;--awb-border-radius-bottom-left:0px;--awb-background-image:linear-gradient(90deg, #ff5f6d 0%,#ffc371 100%);--awb-flex-wrap:wrap;\" ><div class=\"fusion-builder-row fusion-row fusion-flex-align-items-flex-start fusion-flex-content-wrap\" style=\"max-width:1144px;margin-left: calc(-4% \/ 2 );margin-right: calc(-4% \/ 2 );\"><div class=\"fusion-layout-column fusion_builder_column fusion-builder-column-0 fusion_builder_column_1_1 1_1 fusion-flex-column\" style=\"--awb-bg-size:cover;--awb-width-large:100%;--awb-margin-top-large:0px;--awb-spacing-right-large:1.92%;--awb-margin-bottom-large:20px;--awb-spacing-left-large:1.92%;--awb-width-medium:100%;--awb-spacing-right-medium:1.92%;--awb-spacing-left-medium:1.92%;--awb-width-small:100%;--awb-spacing-right-small:1.92%;--awb-spacing-left-small:1.92%;\"><div class=\"fusion-column-wrapper fusion-column-has-shadow fusion-flex-justify-content-flex-start fusion-content-layout-column\"><div class=\"fusion-text fusion-text-1\"><h1><span style=\"color: #ffffff;\">Sports and Culture<\/span><\/h1>\n<h3><span style=\"color: #ffffff;\">In the heart of Casablanca, close to everything<\/span><\/h3>\n<\/div><\/div><\/div><\/div><\/div><div class=\"fusion-fullwidth fullwidth-box fusion-builder-row-2 fusion-flex-container nonhundred-percent-fullwidth non-hundred-percent-height-scrolling\" style=\"--awb-border-radius-top-left:0px;--awb-border-radius-top-right:0px;--awb-border-radius-bottom-right:0px;--awb-border-radius-bottom-left:0px;--awb-flex-wrap:wrap;\" ><div class=\"fusion-builder-row fusion-row fusion-flex-align-items-flex-start fusion-flex-content-wrap\" style=\"max-width:1144px;margin-left: calc(-4% \/ 2 );margin-right: calc(-4% \/ 2 );\"><div class=\"fusion-layout-column fusion_builder_column fusion-builder-column-1 fusion_builder_column_1_1 1_1 fusion-flex-column\" style=\"--awb-bg-size:cover;--awb-width-large:100%;--awb-margin-top-large:0px;--awb-spacing-right-large:1.92%;--awb-margin-bottom-large:20px;--awb-spacing-left-large:1.92%;--awb-width-medium:100%;--awb-spacing-right-medium:1.92%;--awb-spacing-left-medium:1.92%;--awb-width-small:100%;--awb-spacing-right-small:1.92%;--awb-spacing-left-small:1.92%;\"><div class=\"fusion-column-wrapper fusion-column-has-shadow fusion-flex-justify-content-flex-start fusion-content-layout-column\"><div class=\"fusion-text fusion-text-2\"><p>The Indoor Bootcamp is a group commitment to high-intensity indoor training.<\/p>\n<p>It is a method of sports training with sessions broken down into several exercise cycles including muscular and cardiovascular strengthening work phases followed by short recovery phases.<\/p>\n<p>These courses are intended for seasoned athletes, intermediates and beginners, everyone will be able to enjoy them. You just need to motivate yourself to succeed in surpassing yourself.<\/p>\n<p>Classes are structured in groups of 20 students. The duration of the course is one hour.<\/p>\n<\/div><div class=\"fusion-image-element\" style=\"--awb-caption-title-font-family:var(--h2_typography-font-family);--awb-caption-title-font-weight:var(--h2_typography-font-weight);--awb-caption-title-font-style:var(--h2_typography-font-style);--awb-caption-title-size:var(--h2_typography-font-size);--awb-caption-title-transform:var(--h2_typography-text-transform);--awb-caption-title-line-height:var(--h2_typography-line-height);--awb-caption-title-letter-spacing:var(--h2_typography-letter-spacing);\"><span class=\"fusion-imageframe imageframe-none imageframe-1 hover-type-none\"><img decoding=\"async\" width=\"400\" height=\"167\" title=\"ADALIA-Site-sport-80\" src=\"http:\/\/www.adalia.ac.ma\/wp-content\/uploads\/2020\/06\/ADALIA-Site-sport-80-400x167.jpg\" alt class=\"img-responsive wp-image-1123\" srcset=\"https:\/\/www.adalia.ac.ma\/wp-content\/uploads\/2020\/06\/ADALIA-Site-sport-80-200x83.jpg 200w, https:\/\/www.adalia.ac.ma\/wp-content\/uploads\/2020\/06\/ADALIA-Site-sport-80-400x167.jpg 400w, https:\/\/www.adalia.ac.ma\/wp-content\/uploads\/2020\/06\/ADALIA-Site-sport-80-600x250.jpg 600w, https:\/\/www.adalia.ac.ma\/wp-content\/uploads\/2020\/06\/ADALIA-Site-sport-80-800x333.jpg 800w, https:\/\/www.adalia.ac.ma\/wp-content\/uploads\/2020\/06\/ADALIA-Site-sport-80-1200x500.jpg 1200w, https:\/\/www.adalia.ac.ma\/wp-content\/uploads\/2020\/06\/ADALIA-Site-sport-80.jpg 1920w\" sizes=\"(max-width: 640px) 100vw, 1200px\" \/><\/span><\/div><div class=\"fusion-video fusion-youtube\" style=\"--awb-max-width:600px;--awb-max-height:360px;\"><div class=\"video-shortcode\"><div class=\"fluid-width-video-wrapper\" style=\"padding-top:60%;\" ><iframe title=\"YouTube video player 1\" src=\"https:\/\/www.youtube.com\/embed\/m3NagLp7hpQ?wmode=transparent&autoplay=0&oida=1\" width=\"600\" height=\"360\" allowfullscreen allow=\"autoplay; clipboard-write; encrypted-media; gyroscope; picture-in-picture;\"><\/iframe><\/div><\/div><\/div><\/div><\/div><\/div><\/div><div class=\"fusion-fullwidth fullwidth-box fusion-builder-row-3 fusion-flex-container nonhundred-percent-fullwidth non-hundred-percent-height-scrolling\" style=\"--awb-border-radius-top-left:0px;--awb-border-radius-top-right:0px;--awb-border-radius-bottom-right:0px;--awb-border-radius-bottom-left:0px;--awb-flex-wrap:wrap;\" ><div class=\"fusion-builder-row fusion-row fusion-flex-align-items-flex-start fusion-flex-content-wrap\" style=\"max-width:1144px;margin-left: calc(-4% \/ 2 );margin-right: calc(-4% \/ 2 );\"><div class=\"fusion-layout-column fusion_builder_column fusion-builder-column-2 fusion_builder_column_1_1 1_1 fusion-flex-column\" style=\"--awb-bg-size:cover;--awb-width-large:100%;--awb-margin-top-large:0px;--awb-spacing-right-large:1.92%;--awb-margin-bottom-large:20px;--awb-spacing-left-large:1.92%;--awb-width-medium:100%;--awb-spacing-right-medium:1.92%;--awb-spacing-left-medium:1.92%;--awb-width-small:100%;--awb-spacing-right-small:1.92%;--awb-spacing-left-small:1.92%;\"><div class=\"fusion-column-wrapper fusion-column-has-shadow fusion-flex-justify-content-flex-start fusion-content-layout-column\"><div class=\"fusion-title title fusion-title-1 fusion-sep-none fusion-title-text fusion-title-size-one\"><h1 class=\"fusion-title-heading title-heading-left\" style=\"margin:0;\">A Cultural Campus<\/h1><\/div><div class=\"fusion-text fusion-text-3\"><p>Theater, Concerts, Humor!<\/p>\n<p>You will have the chance daily to meet artists, but also to have indoor access to shows, sometimes by free invitation, always with special conditions for our students. The ADALIA Student Card is worth gold!<\/p>\n<\/div><div class=\"fusion-image-element\" style=\"--awb-caption-title-font-family:var(--h2_typography-font-family);--awb-caption-title-font-weight:var(--h2_typography-font-weight);--awb-caption-title-font-style:var(--h2_typography-font-style);--awb-caption-title-size:var(--h2_typography-font-size);--awb-caption-title-transform:var(--h2_typography-text-transform);--awb-caption-title-line-height:var(--h2_typography-line-height);--awb-caption-title-letter-spacing:var(--h2_typography-letter-spacing);\"><span class=\"fusion-imageframe imageframe-none imageframe-2 hover-type-none\"><img decoding=\"async\" width=\"400\" height=\"167\" title=\"ADALIA-Site-amphi-80\" src=\"http:\/\/www.adalia.ac.ma\/wp-content\/uploads\/2020\/06\/ADALIA-Site-amphi-80-400x167.jpg\" alt class=\"img-responsive wp-image-1127\" srcset=\"https:\/\/www.adalia.ac.ma\/wp-content\/uploads\/2020\/06\/ADALIA-Site-amphi-80-200x83.jpg 200w, https:\/\/www.adalia.ac.ma\/wp-content\/uploads\/2020\/06\/ADALIA-Site-amphi-80-400x167.jpg 400w, https:\/\/www.adalia.ac.ma\/wp-content\/uploads\/2020\/06\/ADALIA-Site-amphi-80-600x250.jpg 600w, https:\/\/www.adalia.ac.ma\/wp-content\/uploads\/2020\/06\/ADALIA-Site-amphi-80-800x333.jpg 800w, https:\/\/www.adalia.ac.ma\/wp-content\/uploads\/2020\/06\/ADALIA-Site-amphi-80-1200x500.jpg 1200w, https:\/\/www.adalia.ac.ma\/wp-content\/uploads\/2020\/06\/ADALIA-Site-amphi-80.jpg 1920w\" sizes=\"(max-width: 640px) 100vw, 1200px\" \/><\/span><\/div><\/div><\/div><\/div><\/div><div class=\"fusion-fullwidth fullwidth-box fusion-builder-row-4 fusion-flex-container nonhundred-percent-fullwidth non-hundred-percent-height-scrolling\" style=\"--awb-border-radius-top-left:0px;--awb-border-radius-top-right:0px;--awb-border-radius-bottom-right:0px;--awb-border-radius-bottom-left:0px;--awb-background-color:#eeeeee;--awb-flex-wrap:wrap;\" ><div class=\"fusion-builder-row fusion-row fusion-flex-align-items-flex-start fusion-flex-content-wrap\" style=\"max-width:1144px;margin-left: calc(-4% \/ 2 );margin-right: calc(-4% \/ 2 );\"><div class=\"fusion-layout-column fusion_builder_column fusion-builder-column-3 fusion_builder_column_1_1 1_1 fusion-flex-column\" style=\"--awb-bg-size:cover;--awb-width-large:100%;--awb-margin-top-large:0px;--awb-spacing-right-large:1.92%;--awb-margin-bottom-large:20px;--awb-spacing-left-large:1.92%;--awb-width-medium:100%;--awb-spacing-right-medium:1.92%;--awb-spacing-left-medium:1.92%;--awb-width-small:100%;--awb-spacing-right-small:1.92%;--awb-spacing-left-small:1.92%;\"><div class=\"fusion-column-wrapper fusion-flex-justify-content-flex-start fusion-content-layout-column\"><div class=\"fusion-title title fusion-title-2 fusion-sep-none fusion-title-text fusion-title-size-one\"><h1 class=\"fusion-title-heading title-heading-left\" style=\"margin:0;\">Casablanca, city of sports<\/h1><\/div><div class=\"fusion-text fusion-text-4\"><p>Running on the beach, playing golf, horse riding, or simply benefiting from the many sports clubs of the economic capital, maintaining a healthy mind in a healthy body is practical and easy in Casablanca.<\/p>\n<\/div><\/div><\/div><\/div><\/div><div class=\"fusion-fullwidth fullwidth-box fusion-builder-row-5 fusion-flex-container nonhundred-percent-fullwidth non-hundred-percent-height-scrolling\" style=\"--awb-border-radius-top-left:0px;--awb-border-radius-top-right:0px;--awb-border-radius-bottom-right:0px;--awb-border-radius-bottom-left:0px;--awb-background-color:#eeeeee;--awb-flex-wrap:wrap;\" ><div class=\"fusion-builder-row fusion-row fusion-flex-align-items-flex-start fusion-flex-content-wrap\" style=\"max-width:1144px;margin-left: calc(-4% \/ 2 );margin-right: calc(-4% \/ 2 );\"><div class=\"fusion-layout-column fusion_builder_column fusion-builder-column-4 fusion_builder_column_1_1 1_1 fusion-flex-column\" style=\"--awb-bg-size:cover;--awb-width-large:100%;--awb-margin-top-large:0px;--awb-spacing-right-large:1.92%;--awb-margin-bottom-large:20px;--awb-spacing-left-large:1.92%;--awb-width-medium:100%;--awb-spacing-right-medium:1.92%;--awb-spacing-left-medium:1.92%;--awb-width-small:100%;--awb-spacing-right-small:1.92%;--awb-spacing-left-small:1.92%;\"><div class=\"fusion-column-wrapper fusion-flex-justify-content-flex-start fusion-content-layout-column\"><div class=\"fusion-title title fusion-title-3 fusion-sep-none fusion-title-text fusion-title-size-one\"><h1 class=\"fusion-title-heading title-heading-left\" style=\"margin:0;\">Casablanca, city of entertainment<\/h1><\/div><div class=\"fusion-text fusion-text-5\"><p>With its numerous cinemas and groups performing in various establishments, festivals and concerts, Casablanca is not left out when it comes to cultural activity.<\/p>\n<\/div><\/div><\/div><\/div><\/div><\/p>","protected":false},"excerpt":{"rendered":"","protected":false},"author":1,"featured_media":0,"parent":166,"menu_order":0,"comment_status":"closed","ping_status":"closed","template":"100-width.php","meta":{"footnotes":""},"class_list":["post-194","page","type-page","status-publish","hentry"],"yoast_head":"<!-- This site is optimized with the Yoast SEO plugin v27.3 - https:\/\/yoast.com\/product\/yoast-seo-wordpress\/ -->\n<title>Sport et Culture - ADALIA Institute<\/title>\n<meta name=\"description\" content=\"D\u00e9couvrez l&#039;ADALIA Institute, une \u00e9cole d&#039;enseignement sup\u00e9rieur situ\u00e9e \u00e0 Casablanca. Nous proposons des formations en Licence, Master et Doctorat dans des domaines vari\u00e9s. Notre objectif est de former des professionnels comp\u00e9tents et innovants, pr\u00eats \u00e0 relever les d\u00e9fis du monde professionnel. D\u00e9couvrez notre programme acad\u00e9mique et nos options de financement. Inscrivez-vous d\u00e8s maintenant pour donner un coup de pouce \u00e0 votre carri\u00e8re !\" \/>\n<meta name=\"robots\" content=\"index, follow, max-snippet:-1, max-image-preview:large, max-video-preview:-1\" \/>\n<link rel=\"canonical\" href=\"https:\/\/www.adalia.ac.ma\/en\/life\/sportculture\/\" \/>\n<meta property=\"og:locale\" content=\"en_US\" \/>\n<meta property=\"og:type\" content=\"article\" \/>\n<meta property=\"og:title\" content=\"Sport et Culture - ADALIA Institute\" \/>\n<meta property=\"og:description\" content=\"D\u00e9couvrez l&#039;ADALIA Institute, une \u00e9cole d&#039;enseignement sup\u00e9rieur situ\u00e9e \u00e0 Casablanca. Nous proposons des formations en Licence, Master et Doctorat dans des domaines vari\u00e9s. Notre objectif est de former des professionnels comp\u00e9tents et innovants, pr\u00eats \u00e0 relever les d\u00e9fis du monde professionnel. D\u00e9couvrez notre programme acad\u00e9mique et nos options de financement. Inscrivez-vous d\u00e8s maintenant pour donner un coup de pouce \u00e0 votre carri\u00e8re !\" \/>\n<meta property=\"og:url\" content=\"https:\/\/www.adalia.ac.ma\/en\/life\/sportculture\/\" \/>\n<meta property=\"og:site_name\" content=\"ADALIA Institute\" \/>\n<meta property=\"article:publisher\" content=\"https:\/\/www.facebook.com\/adalia.business.school\/\" \/>\n<meta property=\"article:modified_time\" content=\"2023-12-27T12:26:02+00:00\" \/>\n<meta name=\"twitter:card\" content=\"summary_large_image\" \/>\n<meta name=\"twitter:label1\" content=\"Est. reading time\" \/>\n\t<meta name=\"twitter:data1\" content=\"2 minutes\" \/>\n<script type=\"application\/ld+json\" class=\"yoast-schema-graph\">{\"@context\":\"https:\\\/\\\/schema.org\",\"@graph\":[{\"@type\":\"WebPage\",\"@id\":\"https:\\\/\\\/www.adalia.ac.ma\\\/fr\\\/life\\\/sportculture\\\/\",\"url\":\"https:\\\/\\\/www.adalia.ac.ma\\\/fr\\\/life\\\/sportculture\\\/\",\"name\":\"Sport et Culture - ADALIA Institute\",\"isPartOf\":{\"@id\":\"https:\\\/\\\/www.adalia.ac.ma\\\/#website\"},\"datePublished\":\"2017-11-24T10:13:56+00:00\",\"dateModified\":\"2023-12-27T12:26:02+00:00\",\"description\":\"D\u00e9couvrez l'ADALIA Institute, une \u00e9cole d'enseignement sup\u00e9rieur situ\u00e9e \u00e0 Casablanca. Nous proposons des formations en Licence, Master et Doctorat dans des domaines vari\u00e9s. Notre objectif est de former des professionnels comp\u00e9tents et innovants, pr\u00eats \u00e0 relever les d\u00e9fis du monde professionnel. D\u00e9couvrez notre programme acad\u00e9mique et nos options de financement. Inscrivez-vous d\u00e8s maintenant pour donner un coup de pouce \u00e0 votre carri\u00e8re !\",\"breadcrumb\":{\"@id\":\"https:\\\/\\\/www.adalia.ac.ma\\\/fr\\\/life\\\/sportculture\\\/#breadcrumb\"},\"inLanguage\":\"en-US\",\"potentialAction\":[{\"@type\":\"ReadAction\",\"target\":[\"https:\\\/\\\/www.adalia.ac.ma\\\/fr\\\/life\\\/sportculture\\\/\"]}]},{\"@type\":\"BreadcrumbList\",\"@id\":\"https:\\\/\\\/www.adalia.ac.ma\\\/fr\\\/life\\\/sportculture\\\/#breadcrumb\",\"itemListElement\":[{\"@type\":\"ListItem\",\"position\":1,\"name\":\"Accueil\",\"item\":\"https:\\\/\\\/www.adalia.ac.ma\\\/\"},{\"@type\":\"ListItem\",\"position\":2,\"name\":\"Accueil\",\"item\":\"https:\\\/\\\/www.adalia.ac.ma\\\/fr\\\/\"},{\"@type\":\"ListItem\",\"position\":3,\"name\":\"Vie Etudiante\",\"item\":\"https:\\\/\\\/www.adalia.ac.ma\\\/fr\\\/life\\\/\"},{\"@type\":\"ListItem\",\"position\":4,\"name\":\"Sport et Culture\"}]},{\"@type\":\"WebSite\",\"@id\":\"https:\\\/\\\/www.adalia.ac.ma\\\/#website\",\"url\":\"https:\\\/\\\/www.adalia.ac.ma\\\/\",\"name\":\"ADALIA Institute |\u00a0School of Business and Management\",\"description\":\"Thinkers &amp; Doers\",\"publisher\":{\"@id\":\"https:\\\/\\\/www.adalia.ac.ma\\\/#organization\"},\"alternateName\":\"ADALIA Institute\",\"potentialAction\":[{\"@type\":\"SearchAction\",\"target\":{\"@type\":\"EntryPoint\",\"urlTemplate\":\"https:\\\/\\\/www.adalia.ac.ma\\\/?s={search_term_string}\"},\"query-input\":{\"@type\":\"PropertyValueSpecification\",\"valueRequired\":true,\"valueName\":\"search_term_string\"}}],\"inLanguage\":\"en-US\"},{\"@type\":\"Organization\",\"@id\":\"https:\\\/\\\/www.adalia.ac.ma\\\/#organization\",\"name\":\"ADALIA Institute | School of Business and Management\",\"alternateName\":\"ADALIA Institute\",\"url\":\"https:\\\/\\\/www.adalia.ac.ma\\\/\",\"logo\":{\"@type\":\"ImageObject\",\"inLanguage\":\"en-US\",\"@id\":\"https:\\\/\\\/www.adalia.ac.ma\\\/#\\\/schema\\\/logo\\\/image\\\/\",\"url\":\"https:\\\/\\\/www.adalia.ac.ma\\\/wp-content\\\/uploads\\\/2020\\\/08\\\/adalia-icon-r-75.png\",\"contentUrl\":\"https:\\\/\\\/www.adalia.ac.ma\\\/wp-content\\\/uploads\\\/2020\\\/08\\\/adalia-icon-r-75.png\",\"width\":75,\"height\":75,\"caption\":\"ADALIA Institute | School of Business and Management\"},\"image\":{\"@id\":\"https:\\\/\\\/www.adalia.ac.ma\\\/#\\\/schema\\\/logo\\\/image\\\/\"},\"sameAs\":[\"https:\\\/\\\/www.facebook.com\\\/adalia.business.school\\\/\",\"https:\\\/\\\/www.linkedin.com\\\/company\\\/adalia-school-of-business\\\/\",\"https:\\\/\\\/www.instagram.com\\\/adalia.institute\\\/\"]}]}<\/script>\n<!-- \/ Yoast SEO plugin. -->","yoast_head_json":{"title":"Sport et Culture - ADALIA Institute","description":"D\u00e9couvrez l'ADALIA Institute, une \u00e9cole d'enseignement sup\u00e9rieur situ\u00e9e \u00e0 Casablanca. Nous proposons des formations en Licence, Master et Doctorat dans des domaines vari\u00e9s. Notre objectif est de former des professionnels comp\u00e9tents et innovants, pr\u00eats \u00e0 relever les d\u00e9fis du monde professionnel. D\u00e9couvrez notre programme acad\u00e9mique et nos options de financement. Inscrivez-vous d\u00e8s maintenant pour donner un coup de pouce \u00e0 votre carri\u00e8re !","robots":{"index":"index","follow":"follow","max-snippet":"max-snippet:-1","max-image-preview":"max-image-preview:large","max-video-preview":"max-video-preview:-1"},"canonical":"https:\/\/www.adalia.ac.ma\/en\/life\/sportculture\/","og_locale":"en_US","og_type":"article","og_title":"Sport et Culture - ADALIA Institute","og_description":"D\u00e9couvrez l'ADALIA Institute, une \u00e9cole d'enseignement sup\u00e9rieur situ\u00e9e \u00e0 Casablanca. Nous proposons des formations en Licence, Master et Doctorat dans des domaines vari\u00e9s. Notre objectif est de former des professionnels comp\u00e9tents et innovants, pr\u00eats \u00e0 relever les d\u00e9fis du monde professionnel. D\u00e9couvrez notre programme acad\u00e9mique et nos options de financement. Inscrivez-vous d\u00e8s maintenant pour donner un coup de pouce \u00e0 votre carri\u00e8re !","og_url":"https:\/\/www.adalia.ac.ma\/en\/life\/sportculture\/","og_site_name":"ADALIA Institute","article_publisher":"https:\/\/www.facebook.com\/adalia.business.school\/","article_modified_time":"2023-12-27T12:26:02+00:00","twitter_card":"summary_large_image","twitter_misc":{"Est. reading time":"2 minutes"},"schema":{"@context":"https:\/\/schema.org","@graph":[{"@type":"WebPage","@id":"https:\/\/www.adalia.ac.ma\/fr\/life\/sportculture\/","url":"https:\/\/www.adalia.ac.ma\/fr\/life\/sportculture\/","name":"Sport et Culture - ADALIA Institute","isPartOf":{"@id":"https:\/\/www.adalia.ac.ma\/#website"},"datePublished":"2017-11-24T10:13:56+00:00","dateModified":"2023-12-27T12:26:02+00:00","description":"D\u00e9couvrez l'ADALIA Institute, une \u00e9cole d'enseignement sup\u00e9rieur situ\u00e9e \u00e0 Casablanca. Nous proposons des formations en Licence, Master et Doctorat dans des domaines vari\u00e9s. Notre objectif est de former des professionnels comp\u00e9tents et innovants, pr\u00eats \u00e0 relever les d\u00e9fis du monde professionnel. D\u00e9couvrez notre programme acad\u00e9mique et nos options de financement. Inscrivez-vous d\u00e8s maintenant pour donner un coup de pouce \u00e0 votre carri\u00e8re !","breadcrumb":{"@id":"https:\/\/www.adalia.ac.ma\/fr\/life\/sportculture\/#breadcrumb"},"inLanguage":"en-US","potentialAction":[{"@type":"ReadAction","target":["https:\/\/www.adalia.ac.ma\/fr\/life\/sportculture\/"]}]},{"@type":"BreadcrumbList","@id":"https:\/\/www.adalia.ac.ma\/fr\/life\/sportculture\/#breadcrumb","itemListElement":[{"@type":"ListItem","position":1,"name":"Accueil","item":"https:\/\/www.adalia.ac.ma\/"},{"@type":"ListItem","position":2,"name":"Accueil","item":"https:\/\/www.adalia.ac.ma\/fr\/"},{"@type":"ListItem","position":3,"name":"Vie Etudiante","item":"https:\/\/www.adalia.ac.ma\/fr\/life\/"},{"@type":"ListItem","position":4,"name":"Sport et Culture"}]},{"@type":"WebSite","@id":"https:\/\/www.adalia.ac.ma\/#website","url":"https:\/\/www.adalia.ac.ma\/","name":"ADALIA Institute |\u00a0School of Business and Management","description":"Thinkers &amp; Doers","publisher":{"@id":"https:\/\/www.adalia.ac.ma\/#organization"},"alternateName":"ADALIA Institute","potentialAction":[{"@type":"SearchAction","target":{"@type":"EntryPoint","urlTemplate":"https:\/\/www.adalia.ac.ma\/?s={search_term_string}"},"query-input":{"@type":"PropertyValueSpecification","valueRequired":true,"valueName":"search_term_string"}}],"inLanguage":"en-US"},{"@type":"Organization","@id":"https:\/\/www.adalia.ac.ma\/#organization","name":"ADALIA Institute | School of Business and Management","alternateName":"ADALIA Institute","url":"https:\/\/www.adalia.ac.ma\/","logo":{"@type":"ImageObject","inLanguage":"en-US","@id":"https:\/\/www.adalia.ac.ma\/#\/schema\/logo\/image\/","url":"https:\/\/www.adalia.ac.ma\/wp-content\/uploads\/2020\/08\/adalia-icon-r-75.png","contentUrl":"https:\/\/www.adalia.ac.ma\/wp-content\/uploads\/2020\/08\/adalia-icon-r-75.png","width":75,"height":75,"caption":"ADALIA Institute | School of Business and Management"},"image":{"@id":"https:\/\/www.adalia.ac.ma\/#\/schema\/logo\/image\/"},"sameAs":["https:\/\/www.facebook.com\/adalia.business.school\/","https:\/\/www.linkedin.com\/company\/adalia-school-of-business\/","https:\/\/www.instagram.com\/adalia.institute\/"]}]}},"_links":{"self":[{"href":"https:\/\/www.adalia.ac.ma\/en\/wp-json\/wp\/v2\/pages\/194","targetHints":{"allow":["GET"]}}],"collection":[{"href":"https:\/\/www.adalia.ac.ma\/en\/wp-json\/wp\/v2\/pages"}],"about":[{"href":"https:\/\/www.adalia.ac.ma\/en\/wp-json\/wp\/v2\/types\/page"}],"author":[{"embeddable":true,"href":"https:\/\/www.adalia.ac.ma\/en\/wp-json\/wp\/v2\/users\/1"}],"replies":[{"embeddable":true,"href":"https:\/\/www.adalia.ac.ma\/en\/wp-json\/wp\/v2\/comments?post=194"}],"version-history":[{"count":7,"href":"https:\/\/www.adalia.ac.ma\/en\/wp-json\/wp\/v2\/pages\/194\/revisions"}],"predecessor-version":[{"id":2563,"href":"https:\/\/www.adalia.ac.ma\/en\/wp-json\/wp\/v2\/pages\/194\/revisions\/2563"}],"up":[{"embeddable":true,"href":"https:\/\/www.adalia.ac.ma\/en\/wp-json\/wp\/v2\/pages\/166"}],"wp:attachment":[{"href":"https:\/\/www.adalia.ac.ma\/en\/wp-json\/wp\/v2\/media?parent=194"}],"curies":[{"name":"wp","href":"https:\/\/api.w.org\/{rel}","templated":true}]}}