{"id":142,"date":"2017-11-15T01:22:48","date_gmt":"2017-11-15T01:22:48","guid":{"rendered":"http:\/\/www.adalia.ac.ma\/?page_id=142"},"modified":"2024-07-15T11:49:05","modified_gmt":"2024-07-15T11:49:05","slug":"fees","status":"publish","type":"page","link":"https:\/\/www.adalia.ac.ma\/en\/fr\/admissions\/fees\/","title":{"rendered":"Fees and Financing"},"content":{"rendered":"<p><div class=\"fusion-fullwidth fullwidth-box fusion-builder-row-1 fusion-flex-container has-pattern-background has-mask-background fusion-parallax-none nonhundred-percent-fullwidth non-hundred-percent-height-scrolling\" style=\"--awb-border-radius-top-left:0px;--awb-border-radius-top-right:0px;--awb-border-radius-bottom-right:0px;--awb-border-radius-bottom-left:0px;--awb-background-image:url(&quot;https:\/\/www.adalia.ac.ma\/wp-content\/uploads\/2023\/12\/Ramadan.jpg&quot;);--awb-background-size:cover;--awb-flex-wrap:wrap;\" ><div class=\"fusion-builder-row fusion-row fusion-flex-align-items-flex-start fusion-flex-content-wrap\" style=\"max-width:calc( 1100px + 0px );margin-left: calc(-0px \/ 2 );margin-right: calc(-0px \/ 2 );\"><div class=\"fusion-layout-column fusion_builder_column fusion-builder-column-0 fusion_builder_column_1_1 1_1 fusion-flex-column\" style=\"--awb-bg-size:cover;--awb-width-large:100%;--awb-margin-top-large:0px;--awb-spacing-right-large:0px;--awb-margin-bottom-large:20px;--awb-spacing-left-large:0px;--awb-width-medium:100%;--awb-order-medium:0;--awb-spacing-right-medium:0px;--awb-spacing-left-medium:0px;--awb-width-small:100%;--awb-order-small:0;--awb-spacing-right-small:0px;--awb-spacing-left-small:0px;\"><div class=\"fusion-column-wrapper fusion-column-has-shadow fusion-flex-justify-content-flex-start fusion-content-layout-column\"><div class=\"fusion-text fusion-text-1\"><h1><span style=\"color: #ffffff;\">Fees and Financing<\/span><\/h1>\n<h3><span style=\"color: #ffffff;\">Making Your Studies Possible<\/span><\/h3>\n<\/div><\/div><\/div><\/div><\/div><div class=\"fusion-fullwidth fullwidth-box fusion-builder-row-2 fusion-flex-container nonhundred-percent-fullwidth non-hundred-percent-height-scrolling\" style=\"--awb-border-radius-top-left:0px;--awb-border-radius-top-right:0px;--awb-border-radius-bottom-right:0px;--awb-border-radius-bottom-left:0px;--awb-flex-wrap:wrap;\" ><div class=\"fusion-builder-row fusion-row fusion-flex-align-items-flex-start fusion-flex-content-wrap\" style=\"max-width:calc( 1100px + 0px );margin-left: calc(-0px \/ 2 );margin-right: calc(-0px \/ 2 );\"><div class=\"fusion-layout-column fusion_builder_column fusion-builder-column-1 fusion_builder_column_1_1 1_1 fusion-flex-column\" style=\"--awb-bg-size:cover;--awb-width-large:100%;--awb-margin-top-large:0px;--awb-spacing-right-large:0px;--awb-margin-bottom-large:20px;--awb-spacing-left-large:0px;--awb-width-medium:100%;--awb-spacing-right-medium:0px;--awb-spacing-left-medium:0px;--awb-width-small:100%;--awb-spacing-right-small:0px;--awb-spacing-left-small:0px;\"><div class=\"fusion-column-wrapper fusion-flex-justify-content-flex-start fusion-content-layout-column\"><div class=\"fusion-text fusion-text-2\"><p>The purpose of Student Financial Services is to facilitate your education for all programs. Our staff will work with you to review financing options, determine eligibility for specific programs, and help you choose the best options to fund your degree.<\/p>\n<\/div><div class=\"fusion-alert alert success alert-success fusion-alert-center awb-alert-native-link-color alert-dismissable awb-alert-close-boxed\" role=\"alert\"><div class=\"fusion-alert-content-wrapper\"><span class=\"alert-icon\"><i class=\"awb-icon-check-circle\" aria-hidden=\"true\"><\/i><\/span><span class=\"fusion-alert-content\"><h4 style=\"text-align: left;\"><strong>Scholarships for Bachelor's and Master's Students<\/strong><\/h4>\n<ul style=\"text-align: left;\">\n<li>Up to 5 deserving students can receive a scholarship reducing by -<strong>75% of their tuition fees<\/strong> (based on merit and income conditions)<\/li>\n<li>Subject to the review of your application, and for the first 50 <span style=\"text-decoration: underline;\">on-site registrants<\/span>, you can receive:\n<ul>\n<li>for the first 15 registrants, scholarships of <strong>-40% reduction in tuition fees<\/strong><\/li>\n<li>for the next 15 registrants, scholarships of <strong>-20% reduction in tuition fees<\/strong><\/li>\n<li>pour les 20 inscrits suivants, bourse de <strong>-10% reduction in tuition fees<\/strong><\/li>\n<\/ul>\n<\/li>\n<\/ul>\n<p style=\"text-align: left;\">Demandez des informations et conditions au moment de l&rsquo;admission. D\u00e9marrez votre admission ici : https:\/\/www.adalia.ac.ma\/fr\/admissions\/pre-inscription\/<\/p><\/span><\/div><button type=\"button\" class=\"close toggle-alert\" data-dismiss=\"alert\" aria-label=\"Close\">&times;<\/button><\/div><\/div><\/div><\/div><\/div><div class=\"fusion-fullwidth fullwidth-box fusion-builder-row-3 fusion-flex-container nonhundred-percent-fullwidth non-hundred-percent-height-scrolling\" style=\"--awb-border-radius-top-left:0px;--awb-border-radius-top-right:0px;--awb-border-radius-bottom-right:0px;--awb-border-radius-bottom-left:0px;--awb-flex-wrap:wrap;\" ><div class=\"fusion-builder-row fusion-row fusion-flex-align-items-flex-start fusion-flex-content-wrap\" style=\"max-width:1144px;margin-left: calc(-4% \/ 2 );margin-right: calc(-4% \/ 2 );\"><div class=\"fusion-layout-column fusion_builder_column fusion-builder-column-2 fusion_builder_column_1_1 1_1 fusion-flex-column\" style=\"--awb-bg-size:cover;--awb-width-large:100%;--awb-margin-top-large:0px;--awb-spacing-right-large:1.92%;--awb-margin-bottom-large:20px;--awb-spacing-left-large:1.92%;--awb-width-medium:100%;--awb-spacing-right-medium:1.92%;--awb-spacing-left-medium:1.92%;--awb-width-small:100%;--awb-spacing-right-small:1.92%;--awb-spacing-left-small:1.92%;\"><div class=\"fusion-column-wrapper fusion-flex-justify-content-flex-start fusion-content-layout-column\"><div class=\"fusion-title title fusion-title-1 sep-underline sep-solid fusion-title-text fusion-title-size-one\"><h1 class=\"fusion-title-heading title-heading-left\" style=\"margin:0;\">Financing Your Studies<\/h1><\/div><div class=\"fusion-text fusion-text-3\"><p>Thanks to our partnerships with Soci\u00e9t\u00e9 G\u00e9n\u00e9rale du Maroc and BMCE, our students benefit from exceptional financing conditions. To learn more, contact our admissions team.<\/p>\n<\/div><\/div><\/div><\/div><\/div><div class=\"fusion-fullwidth fullwidth-box fusion-builder-row-4 fusion-flex-container nonhundred-percent-fullwidth non-hundred-percent-height-scrolling\" style=\"--awb-border-radius-top-left:0px;--awb-border-radius-top-right:0px;--awb-border-radius-bottom-right:0px;--awb-border-radius-bottom-left:0px;--awb-flex-wrap:wrap;\" ><div class=\"fusion-builder-row fusion-row fusion-flex-align-items-flex-start fusion-flex-content-wrap\" style=\"max-width:calc( 1100px + 0px );margin-left: calc(-0px \/ 2 );margin-right: calc(-0px \/ 2 );\"><div class=\"fusion-layout-column fusion_builder_column fusion-builder-column-3 fusion_builder_column_1_1 1_1 fusion-flex-column\" style=\"--awb-bg-size:cover;--awb-width-large:100%;--awb-margin-top-large:0px;--awb-spacing-right-large:0px;--awb-margin-bottom-large:20px;--awb-spacing-left-large:0px;--awb-width-medium:100%;--awb-spacing-right-medium:0px;--awb-spacing-left-medium:0px;--awb-width-small:100%;--awb-spacing-right-small:0px;--awb-spacing-left-small:0px;\"><div class=\"fusion-column-wrapper fusion-flex-justify-content-flex-start fusion-content-layout-column\"><div class=\"fusion-text fusion-text-4\"><p class=\"p1\">Choosing to study at ADALIA Institute means accessing excellent programs available to all deserving students, based on admission conditions.<\/p>\n<p class=\"p1\">Below are the applicable fees for all students for the 2024 academic year.<\/p>\n<\/div>\n<div class=\"table-1\">\n<table width=\"100%\">\n<thead>\n<tr>\n<th align=\"left\">Program<\/th>\n<th align=\"left\">Annual Registration Fees<\/th>\n<th align=\"left\">Frais d&rsquo;Etudes ou de Scolarit\u00e9 annuel<\/th>\n<\/tr>\n<\/thead>\n<tbody>\n<tr>\n<td align=\"left\"><a href=\"https:\/\/www.adalia.ac.ma\/fr\/programmes\/daeu\/\">DAEU<\/a> on-site registrants<\/td>\n<td align=\"left\">5.000 Dh (or 300 000 fCFA, or 500\u20ac)<\/td>\n<td align=\"left\">20.000 Dhs (or 1.250.000 fCA, or1.900 \u20ac)<\/td>\n<\/tr>\n<tr>\n<td align=\"left\"><a href=\"https:\/\/www.adalia.ac.ma\/fr\/programmes\/daeu\/\">DAEU<\/a> online*<\/td>\n<td align=\"left\">5.000 Dh (or 300 000 fCFA, or 500\u20ac)<\/td>\n<td align=\"left\">10.000 Dhs (or 650.000 fCFA, or 950 \u20ac)<\/td>\n<\/tr>\n<tr>\n<td align=\"left\"><a href=\"https:\/\/www.adalia.ac.ma\/fr\/programmes\/licence\/aain\/\">Bac+3<\/a> On-site Bachelor's Degree<\/td>\n<td align=\"left\">5.000 Dh (or 300 000 fCFA, or 500\u20ac)<\/td>\n<td align=\"left\">31.000 Dhs (or 1.950.000 fCFA, or 2.950 \u20ac)<\/td>\n<\/tr>\n<tr>\n<td align=\"left\"><a href=\"https:\/\/www.adalia.ac.ma\/fr\/programmes\/licence\/aain\/\">Bac+3<\/a> Online* Bachelor's Degree<\/td>\n<td align=\"left\">5.000 Dh (or 300 000 fCFA, or 500\u20ac)<\/td>\n<td align=\"left\">12. 000\u00a0 Dhs (or 750.000 fCFA, or 1.150 \u20ac)<\/td>\n<\/tr>\n<tr>\n<td align=\"left\"><a href=\"https:\/\/www.adalia.ac.ma\/fr\/programmes\/master\/msm\/\">Bac+5<\/a> On-Site Master's Degree<\/td>\n<td align=\"left\">5.000 Dh (or 300 000 fCFA, or 500\u20ac)<\/td>\n<td align=\"left\">45.000 Dhs (or 2.800.000 fCFA, or 4.250 \u20ac)<\/td>\n<\/tr>\n<tr>\n<td align=\"left\"><a href=\"https:\/\/www.adalia.ac.ma\/fr\/programmes\/master\/msm\/\">Bac+5<\/a> Online Master's Degree<\/td>\n<td align=\"left\">5.000 Dh (or 300 000 fCFA, or 500\u20ac)<\/td>\n<td align=\"left\">25.000 Dhs(or 1.550.000 fCFA, or 2.350 \u20ac)<\/td>\n<\/tr>\n<\/tbody>\n<\/table>\n<\/div>\n<div class=\"fusion-text fusion-text-5\"><p class=\"p1\">In case of withdrawal before the end of the first semester, the tuition fees for the uncommitted months will be refunded on a pro-rata basis.<\/p>\n<p>The reference fees indicated above are in Moroccan Dirhams. The amounts in CFA Francs or Euros are based on the average exchange rate in 2024. If the exchange rate changes significantly, please refer to the amount in Moroccan Dirhams for the conversion of your currency.<\/p>\n<p>* en cas de formation en ligne, seules les modalit\u00e9s de paiement en 1 ou 2 fois sont accept\u00e9es, et les conditions de dipl\u00f4mation sont sp\u00e9cifiques (voir avec le service admission), les bourses ne sont pas applicables aux formation en ligne.<\/p>\n<p>Full payment of your tuition fees before August 30 of the academic year qualifies for a 5% discount. Otherwise, the payment options are as follows:<\/p>\n<ul>\n<li>Registration fees are due no later than 30 days after admission, and by August 30 of the current year at the latest.<\/li>\n<li>Tuition fees are due in full at the start of classes, with the following payment conditions available:\n<ul>\n<li>Payment in 2 installments: 50% of your tuition fees before the start of classes, and 50% before January 5<\/li>\n<li>Payment in 4 installments: 25% of your tuition fees before the start of classes, and 25% on November 5, January 5, and March 5<\/li>\n<\/ul>\n<\/li>\n<li>Please note, failure to comply with these payment conditions may result in denial of access to classes and exams<\/li>\n<\/ul>\n<\/div><div style=\"text-align:center;\"><a class=\"fusion-button button-flat button-large button-green fusion-button-green button-1 fusion-button-span-yes\" target=\"_blank\" rel=\"noopener noreferrer\" href=\"https:\/\/docs.google.com\/document\/d\/150bMZ67PR22j-oxoIjYjkis4gA7o8iw_XgzFKu4GpdI\/edit?usp=sharing\"><span class=\"fusion-button-text awb-button__text awb-button__text--default\">Rules for Studies and Exams (in french)<\/span><\/a><\/div><div class=\"fusion-text fusion-text-6\"><p>Our Bank Account is established at CIH:<\/p>\n<ul>\n<li>Bank : CIH<\/li>\n<li>Account Name : ADALIA Institute<\/li>\n<li>IBAN : MA64 2307 8047 7088 4221 0095 0018<\/li>\n<li>Account Number (Morocco) : 230 780 477 088 4 2210 095 00 18<\/li>\n<li>SWIFT : CIHMMAMCA<\/li>\n<\/ul>\n<\/div><\/div><\/div><\/div><\/div><\/p>","protected":false},"excerpt":{"rendered":"","protected":false},"author":1,"featured_media":0,"parent":136,"menu_order":0,"comment_status":"closed","ping_status":"closed","template":"100-width.php","meta":{"footnotes":""},"class_list":["post-142","page","type-page","status-publish","hentry"],"yoast_head":"<!-- This site is optimized with the Yoast SEO plugin v27.4 - https:\/\/yoast.com\/product\/yoast-seo-wordpress\/ -->\n<title>Frais et Financement - ADALIA Institute<\/title>\n<meta name=\"description\" content=\"ADALIA Institute | School of Business and Management - Licence, Bachelor et Master \u00e0 prix \u00e9tudi\u00e9 et sponsoris\u00e9 !\" \/>\n<meta name=\"robots\" content=\"index, follow, max-snippet:-1, max-image-preview:large, max-video-preview:-1\" \/>\n<link rel=\"canonical\" href=\"https:\/\/www.adalia.ac.ma\/en\/admissions\/fees\/\" \/>\n<meta property=\"og:locale\" content=\"en_US\" \/>\n<meta property=\"og:type\" content=\"article\" \/>\n<meta property=\"og:title\" content=\"Frais et Financement - ADALIA Institute\" \/>\n<meta property=\"og:description\" content=\"ADALIA Institute | School of Business and Management - Licence, Bachelor et Master \u00e0 prix \u00e9tudi\u00e9 et sponsoris\u00e9 !\" \/>\n<meta property=\"og:url\" content=\"https:\/\/www.adalia.ac.ma\/en\/admissions\/fees\/\" \/>\n<meta property=\"og:site_name\" content=\"ADALIA Institute\" \/>\n<meta property=\"article:publisher\" content=\"https:\/\/www.facebook.com\/adalia.business.school\/\" \/>\n<meta property=\"article:modified_time\" content=\"2024-07-15T11:49:05+00:00\" \/>\n<meta name=\"twitter:card\" content=\"summary_large_image\" \/>\n<meta name=\"twitter:label1\" content=\"Est. reading time\" \/>\n\t<meta name=\"twitter:data1\" content=\"4 minutes\" \/>\n<script type=\"application\/ld+json\" class=\"yoast-schema-graph\">{\"@context\":\"https:\\\/\\\/schema.org\",\"@graph\":[{\"@type\":\"WebPage\",\"@id\":\"https:\\\/\\\/www.adalia.ac.ma\\\/fr\\\/admissions\\\/fees\\\/\",\"url\":\"https:\\\/\\\/www.adalia.ac.ma\\\/fr\\\/admissions\\\/fees\\\/\",\"name\":\"Frais et Financement - ADALIA Institute\",\"isPartOf\":{\"@id\":\"https:\\\/\\\/www.adalia.ac.ma\\\/#website\"},\"datePublished\":\"2017-11-15T01:22:48+00:00\",\"dateModified\":\"2024-07-15T11:49:05+00:00\",\"description\":\"ADALIA Institute | School of Business and Management - Licence, Bachelor et Master \u00e0 prix \u00e9tudi\u00e9 et sponsoris\u00e9 !\",\"breadcrumb\":{\"@id\":\"https:\\\/\\\/www.adalia.ac.ma\\\/fr\\\/admissions\\\/fees\\\/#breadcrumb\"},\"inLanguage\":\"en-US\",\"potentialAction\":[{\"@type\":\"ReadAction\",\"target\":[\"https:\\\/\\\/www.adalia.ac.ma\\\/fr\\\/admissions\\\/fees\\\/\"]}]},{\"@type\":\"BreadcrumbList\",\"@id\":\"https:\\\/\\\/www.adalia.ac.ma\\\/fr\\\/admissions\\\/fees\\\/#breadcrumb\",\"itemListElement\":[{\"@type\":\"ListItem\",\"position\":1,\"name\":\"Accueil\",\"item\":\"https:\\\/\\\/www.adalia.ac.ma\\\/\"},{\"@type\":\"ListItem\",\"position\":2,\"name\":\"Accueil\",\"item\":\"https:\\\/\\\/www.adalia.ac.ma\\\/fr\\\/\"},{\"@type\":\"ListItem\",\"position\":3,\"name\":\"Admissions\",\"item\":\"https:\\\/\\\/www.adalia.ac.ma\\\/fr\\\/admissions\\\/\"},{\"@type\":\"ListItem\",\"position\":4,\"name\":\"Frais et Financement\"}]},{\"@type\":\"WebSite\",\"@id\":\"https:\\\/\\\/www.adalia.ac.ma\\\/#website\",\"url\":\"https:\\\/\\\/www.adalia.ac.ma\\\/\",\"name\":\"ADALIA Institute |\u00a0School of Business and Management\",\"description\":\"Thinkers &amp; Doers\",\"publisher\":{\"@id\":\"https:\\\/\\\/www.adalia.ac.ma\\\/#organization\"},\"alternateName\":\"ADALIA Institute\",\"potentialAction\":[{\"@type\":\"SearchAction\",\"target\":{\"@type\":\"EntryPoint\",\"urlTemplate\":\"https:\\\/\\\/www.adalia.ac.ma\\\/?s={search_term_string}\"},\"query-input\":{\"@type\":\"PropertyValueSpecification\",\"valueRequired\":true,\"valueName\":\"search_term_string\"}}],\"inLanguage\":\"en-US\"},{\"@type\":\"Organization\",\"@id\":\"https:\\\/\\\/www.adalia.ac.ma\\\/#organization\",\"name\":\"ADALIA Institute | School of Business and Management\",\"alternateName\":\"ADALIA Institute\",\"url\":\"https:\\\/\\\/www.adalia.ac.ma\\\/\",\"logo\":{\"@type\":\"ImageObject\",\"inLanguage\":\"en-US\",\"@id\":\"https:\\\/\\\/www.adalia.ac.ma\\\/#\\\/schema\\\/logo\\\/image\\\/\",\"url\":\"https:\\\/\\\/www.adalia.ac.ma\\\/wp-content\\\/uploads\\\/2020\\\/08\\\/adalia-icon-r-75.png\",\"contentUrl\":\"https:\\\/\\\/www.adalia.ac.ma\\\/wp-content\\\/uploads\\\/2020\\\/08\\\/adalia-icon-r-75.png\",\"width\":75,\"height\":75,\"caption\":\"ADALIA Institute | School of Business and Management\"},\"image\":{\"@id\":\"https:\\\/\\\/www.adalia.ac.ma\\\/#\\\/schema\\\/logo\\\/image\\\/\"},\"sameAs\":[\"https:\\\/\\\/www.facebook.com\\\/adalia.business.school\\\/\",\"https:\\\/\\\/www.linkedin.com\\\/company\\\/adalia-school-of-business\\\/\",\"https:\\\/\\\/www.instagram.com\\\/adalia.institute\\\/\"]}]}<\/script>\n<!-- \/ Yoast SEO plugin. -->","yoast_head_json":{"title":"Frais et Financement - ADALIA Institute","description":"ADALIA Institute | School of Business and Management - Licence, Bachelor et Master \u00e0 prix \u00e9tudi\u00e9 et sponsoris\u00e9 !","robots":{"index":"index","follow":"follow","max-snippet":"max-snippet:-1","max-image-preview":"max-image-preview:large","max-video-preview":"max-video-preview:-1"},"canonical":"https:\/\/www.adalia.ac.ma\/en\/admissions\/fees\/","og_locale":"en_US","og_type":"article","og_title":"Frais et Financement - ADALIA Institute","og_description":"ADALIA Institute | School of Business and Management - Licence, Bachelor et Master \u00e0 prix \u00e9tudi\u00e9 et sponsoris\u00e9 !","og_url":"https:\/\/www.adalia.ac.ma\/en\/admissions\/fees\/","og_site_name":"ADALIA Institute","article_publisher":"https:\/\/www.facebook.com\/adalia.business.school\/","article_modified_time":"2024-07-15T11:49:05+00:00","twitter_card":"summary_large_image","twitter_misc":{"Est. reading time":"4 minutes"},"schema":{"@context":"https:\/\/schema.org","@graph":[{"@type":"WebPage","@id":"https:\/\/www.adalia.ac.ma\/fr\/admissions\/fees\/","url":"https:\/\/www.adalia.ac.ma\/fr\/admissions\/fees\/","name":"Frais et Financement - ADALIA Institute","isPartOf":{"@id":"https:\/\/www.adalia.ac.ma\/#website"},"datePublished":"2017-11-15T01:22:48+00:00","dateModified":"2024-07-15T11:49:05+00:00","description":"ADALIA Institute | School of Business and Management - Licence, Bachelor et Master \u00e0 prix \u00e9tudi\u00e9 et sponsoris\u00e9 !","breadcrumb":{"@id":"https:\/\/www.adalia.ac.ma\/fr\/admissions\/fees\/#breadcrumb"},"inLanguage":"en-US","potentialAction":[{"@type":"ReadAction","target":["https:\/\/www.adalia.ac.ma\/fr\/admissions\/fees\/"]}]},{"@type":"BreadcrumbList","@id":"https:\/\/www.adalia.ac.ma\/fr\/admissions\/fees\/#breadcrumb","itemListElement":[{"@type":"ListItem","position":1,"name":"Accueil","item":"https:\/\/www.adalia.ac.ma\/"},{"@type":"ListItem","position":2,"name":"Accueil","item":"https:\/\/www.adalia.ac.ma\/fr\/"},{"@type":"ListItem","position":3,"name":"Admissions","item":"https:\/\/www.adalia.ac.ma\/fr\/admissions\/"},{"@type":"ListItem","position":4,"name":"Frais et Financement"}]},{"@type":"WebSite","@id":"https:\/\/www.adalia.ac.ma\/#website","url":"https:\/\/www.adalia.ac.ma\/","name":"ADALIA Institute |\u00a0School of Business and Management","description":"Thinkers &amp; Doers","publisher":{"@id":"https:\/\/www.adalia.ac.ma\/#organization"},"alternateName":"ADALIA Institute","potentialAction":[{"@type":"SearchAction","target":{"@type":"EntryPoint","urlTemplate":"https:\/\/www.adalia.ac.ma\/?s={search_term_string}"},"query-input":{"@type":"PropertyValueSpecification","valueRequired":true,"valueName":"search_term_string"}}],"inLanguage":"en-US"},{"@type":"Organization","@id":"https:\/\/www.adalia.ac.ma\/#organization","name":"ADALIA Institute | School of Business and Management","alternateName":"ADALIA Institute","url":"https:\/\/www.adalia.ac.ma\/","logo":{"@type":"ImageObject","inLanguage":"en-US","@id":"https:\/\/www.adalia.ac.ma\/#\/schema\/logo\/image\/","url":"https:\/\/www.adalia.ac.ma\/wp-content\/uploads\/2020\/08\/adalia-icon-r-75.png","contentUrl":"https:\/\/www.adalia.ac.ma\/wp-content\/uploads\/2020\/08\/adalia-icon-r-75.png","width":75,"height":75,"caption":"ADALIA Institute | School of Business and Management"},"image":{"@id":"https:\/\/www.adalia.ac.ma\/#\/schema\/logo\/image\/"},"sameAs":["https:\/\/www.facebook.com\/adalia.business.school\/","https:\/\/www.linkedin.com\/company\/adalia-school-of-business\/","https:\/\/www.instagram.com\/adalia.institute\/"]}]}},"_links":{"self":[{"href":"https:\/\/www.adalia.ac.ma\/en\/wp-json\/wp\/v2\/pages\/142","targetHints":{"allow":["GET"]}}],"collection":[{"href":"https:\/\/www.adalia.ac.ma\/en\/wp-json\/wp\/v2\/pages"}],"about":[{"href":"https:\/\/www.adalia.ac.ma\/en\/wp-json\/wp\/v2\/types\/page"}],"author":[{"embeddable":true,"href":"https:\/\/www.adalia.ac.ma\/en\/wp-json\/wp\/v2\/users\/1"}],"replies":[{"embeddable":true,"href":"https:\/\/www.adalia.ac.ma\/en\/wp-json\/wp\/v2\/comments?post=142"}],"version-history":[{"count":65,"href":"https:\/\/www.adalia.ac.ma\/en\/wp-json\/wp\/v2\/pages\/142\/revisions"}],"predecessor-version":[{"id":2757,"href":"https:\/\/www.adalia.ac.ma\/en\/wp-json\/wp\/v2\/pages\/142\/revisions\/2757"}],"up":[{"embeddable":true,"href":"https:\/\/www.adalia.ac.ma\/en\/wp-json\/wp\/v2\/pages\/136"}],"wp:attachment":[{"href":"https:\/\/www.adalia.ac.ma\/en\/wp-json\/wp\/v2\/media?parent=142"}],"curies":[{"name":"wp","href":"https:\/\/api.w.org\/{rel}","templated":true}]}}