{"id":1276,"date":"2020-09-21T10:21:03","date_gmt":"2020-09-21T10:21:03","guid":{"rendered":"http:\/\/www.adalia.ac.ma\/?page_id=1276"},"modified":"2020-09-21T10:53:06","modified_gmt":"2020-09-21T10:53:06","slug":"store","status":"publish","type":"page","link":"https:\/\/www.adalia.ac.ma\/en\/fr\/life\/store\/","title":{"rendered":"Store"},"content":{"rendered":"<div class=\"fusion-fullwidth fullwidth-box fusion-builder-row-1 fusion-flex-container nonhundred-percent-fullwidth non-hundred-percent-height-scrolling\" style=\"--awb-border-radius-top-left:0px;--awb-border-radius-top-right:0px;--awb-border-radius-bottom-right:0px;--awb-border-radius-bottom-left:0px;--awb-flex-wrap:wrap;\" ><div class=\"fusion-builder-row fusion-row fusion-flex-align-items-flex-start fusion-flex-content-wrap\" style=\"max-width:1144px;margin-left: calc(-4% \/ 2 );margin-right: calc(-4% \/ 2 );\"><div class=\"fusion-layout-column fusion_builder_column fusion-builder-column-0 fusion_builder_column_1_1 1_1 fusion-flex-column\" style=\"--awb-bg-size:cover;--awb-width-large:100%;--awb-margin-top-large:0px;--awb-spacing-right-large:1.92%;--awb-margin-bottom-large:20px;--awb-spacing-left-large:1.92%;--awb-width-medium:100%;--awb-order-medium:0;--awb-spacing-right-medium:1.92%;--awb-spacing-left-medium:1.92%;--awb-width-small:100%;--awb-order-small:0;--awb-spacing-right-small:1.92%;--awb-spacing-left-small:1.92%;\"><div class=\"fusion-column-wrapper fusion-column-has-shadow fusion-flex-justify-content-flex-start fusion-content-layout-column\">[fusion_products_slider picture_size=\u00a0\u00bbfixed\u00a0\u00bb cat_slug=\u00a0\u00bbobjet,outfit\u00a0\u00bb number_posts=\u00a0\u00bb5&Prime; carousel_layout=\u00a0\u00bbtitle_on_rollover\u00a0\u00bb autoplay=\u00a0\u00bbno\u00a0\u00bb columns=\u00a0\u00bb5&Prime; column_spacing=\u00a0\u00bb13&Prime; scroll_items=\u00a0\u00bb\u00a0\u00bb show_nav=\u00a0\u00bbyes\u00a0\u00bb mouse_scroll=\u00a0\u00bbno\u00a0\u00bb show_cats=\u00a0\u00bbyes\u00a0\u00bb show_price=\u00a0\u00bbyes\u00a0\u00bb show_buttons=\u00a0\u00bbyes\u00a0\u00bb hide_on_mobile=\u00a0\u00bbsmall-visibility,medium-visibility,large-visibility\u00a0\u00bb class=\u00a0\u00bb\u00a0\u00bb id=\u00a0\u00bb\u00a0\u00bb \/]<\/div><\/div><\/div><\/div>\n","protected":false},"excerpt":{"rendered":"","protected":false},"author":1,"featured_media":0,"parent":166,"menu_order":0,"comment_status":"closed","ping_status":"closed","template":"","meta":{"footnotes":""},"class_list":["post-1276","page","type-page","status-publish","hentry"],"yoast_head":"<!-- This site is optimized with the Yoast SEO plugin v27.5 - https:\/\/yoast.com\/product\/yoast-seo-wordpress\/ -->\n<title>Store - ADALIA Institute<\/title>\n<meta name=\"description\" content=\"D\u00e9couvrez l&#039;ADALIA Institute, une \u00e9cole d&#039;enseignement sup\u00e9rieur situ\u00e9e \u00e0 Casablanca. Nous proposons des formations en Licence, Master et Doctorat dans des domaines vari\u00e9s. Notre objectif est de former des professionnels comp\u00e9tents et innovants, pr\u00eats \u00e0 relever les d\u00e9fis du monde professionnel. D\u00e9couvrez notre programme acad\u00e9mique et nos options de financement. Inscrivez-vous d\u00e8s maintenant pour donner un coup de pouce \u00e0 votre carri\u00e8re !\" \/>\n<meta name=\"robots\" content=\"index, follow, max-snippet:-1, max-image-preview:large, max-video-preview:-1\" \/>\n<link rel=\"canonical\" href=\"https:\/\/www.adalia.ac.ma\/en\/life\/store\/\" \/>\n<meta property=\"og:locale\" content=\"en_US\" \/>\n<meta property=\"og:type\" content=\"article\" \/>\n<meta property=\"og:title\" content=\"Store - ADALIA Institute\" \/>\n<meta property=\"og:description\" content=\"D\u00e9couvrez l&#039;ADALIA Institute, une \u00e9cole d&#039;enseignement sup\u00e9rieur situ\u00e9e \u00e0 Casablanca. Nous proposons des formations en Licence, Master et Doctorat dans des domaines vari\u00e9s. Notre objectif est de former des professionnels comp\u00e9tents et innovants, pr\u00eats \u00e0 relever les d\u00e9fis du monde professionnel. D\u00e9couvrez notre programme acad\u00e9mique et nos options de financement. Inscrivez-vous d\u00e8s maintenant pour donner un coup de pouce \u00e0 votre carri\u00e8re !\" \/>\n<meta property=\"og:url\" content=\"https:\/\/www.adalia.ac.ma\/en\/life\/store\/\" \/>\n<meta property=\"og:site_name\" content=\"ADALIA Institute\" \/>\n<meta property=\"article:publisher\" content=\"https:\/\/www.facebook.com\/adalia.business.school\/\" \/>\n<meta property=\"article:modified_time\" content=\"2020-09-21T10:53:06+00:00\" \/>\n<meta name=\"twitter:card\" content=\"summary_large_image\" \/>\n<meta name=\"twitter:label1\" content=\"Est. reading time\" \/>\n\t<meta name=\"twitter:data1\" content=\"3 minutes\" \/>\n<script type=\"application\/ld+json\" class=\"yoast-schema-graph\">{\"@context\":\"https:\\\/\\\/schema.org\",\"@graph\":[{\"@type\":\"WebPage\",\"@id\":\"https:\\\/\\\/www.adalia.ac.ma\\\/fr\\\/life\\\/store\\\/\",\"url\":\"https:\\\/\\\/www.adalia.ac.ma\\\/fr\\\/life\\\/store\\\/\",\"name\":\"Store - ADALIA Institute\",\"isPartOf\":{\"@id\":\"https:\\\/\\\/www.adalia.ac.ma\\\/#website\"},\"datePublished\":\"2020-09-21T10:21:03+00:00\",\"dateModified\":\"2020-09-21T10:53:06+00:00\",\"description\":\"D\u00e9couvrez l'ADALIA Institute, une \u00e9cole d'enseignement sup\u00e9rieur situ\u00e9e \u00e0 Casablanca. Nous proposons des formations en Licence, Master et Doctorat dans des domaines vari\u00e9s. Notre objectif est de former des professionnels comp\u00e9tents et innovants, pr\u00eats \u00e0 relever les d\u00e9fis du monde professionnel. D\u00e9couvrez notre programme acad\u00e9mique et nos options de financement. Inscrivez-vous d\u00e8s maintenant pour donner un coup de pouce \u00e0 votre carri\u00e8re !\",\"breadcrumb\":{\"@id\":\"https:\\\/\\\/www.adalia.ac.ma\\\/fr\\\/life\\\/store\\\/#breadcrumb\"},\"inLanguage\":\"en-US\",\"potentialAction\":[{\"@type\":\"ReadAction\",\"target\":[\"https:\\\/\\\/www.adalia.ac.ma\\\/fr\\\/life\\\/store\\\/\"]}]},{\"@type\":\"BreadcrumbList\",\"@id\":\"https:\\\/\\\/www.adalia.ac.ma\\\/fr\\\/life\\\/store\\\/#breadcrumb\",\"itemListElement\":[{\"@type\":\"ListItem\",\"position\":1,\"name\":\"Accueil\",\"item\":\"https:\\\/\\\/www.adalia.ac.ma\\\/\"},{\"@type\":\"ListItem\",\"position\":2,\"name\":\"Accueil\",\"item\":\"https:\\\/\\\/www.adalia.ac.ma\\\/fr\\\/\"},{\"@type\":\"ListItem\",\"position\":3,\"name\":\"Vie Etudiante\",\"item\":\"https:\\\/\\\/www.adalia.ac.ma\\\/fr\\\/life\\\/\"},{\"@type\":\"ListItem\",\"position\":4,\"name\":\"Store\"}]},{\"@type\":\"WebSite\",\"@id\":\"https:\\\/\\\/www.adalia.ac.ma\\\/#website\",\"url\":\"https:\\\/\\\/www.adalia.ac.ma\\\/\",\"name\":\"ADALIA Institute |\u00a0School of Business and Management\",\"description\":\"Thinkers &amp; Doers\",\"publisher\":{\"@id\":\"https:\\\/\\\/www.adalia.ac.ma\\\/#organization\"},\"alternateName\":\"ADALIA Institute\",\"potentialAction\":[{\"@type\":\"SearchAction\",\"target\":{\"@type\":\"EntryPoint\",\"urlTemplate\":\"https:\\\/\\\/www.adalia.ac.ma\\\/?s={search_term_string}\"},\"query-input\":{\"@type\":\"PropertyValueSpecification\",\"valueRequired\":true,\"valueName\":\"search_term_string\"}}],\"inLanguage\":\"en-US\"},{\"@type\":\"Organization\",\"@id\":\"https:\\\/\\\/www.adalia.ac.ma\\\/#organization\",\"name\":\"ADALIA Institute | School of Business and Management\",\"alternateName\":\"ADALIA Institute\",\"url\":\"https:\\\/\\\/www.adalia.ac.ma\\\/\",\"logo\":{\"@type\":\"ImageObject\",\"inLanguage\":\"en-US\",\"@id\":\"https:\\\/\\\/www.adalia.ac.ma\\\/#\\\/schema\\\/logo\\\/image\\\/\",\"url\":\"https:\\\/\\\/www.adalia.ac.ma\\\/wp-content\\\/uploads\\\/2020\\\/08\\\/adalia-icon-r-75.png\",\"contentUrl\":\"https:\\\/\\\/www.adalia.ac.ma\\\/wp-content\\\/uploads\\\/2020\\\/08\\\/adalia-icon-r-75.png\",\"width\":75,\"height\":75,\"caption\":\"ADALIA Institute | School of Business and Management\"},\"image\":{\"@id\":\"https:\\\/\\\/www.adalia.ac.ma\\\/#\\\/schema\\\/logo\\\/image\\\/\"},\"sameAs\":[\"https:\\\/\\\/www.facebook.com\\\/adalia.business.school\\\/\",\"https:\\\/\\\/www.linkedin.com\\\/company\\\/adalia-school-of-business\\\/\",\"https:\\\/\\\/www.instagram.com\\\/adalia.institute\\\/\"]}]}<\/script>\n<!-- \/ Yoast SEO plugin. -->","yoast_head_json":{"title":"Store - ADALIA Institute","description":"D\u00e9couvrez l'ADALIA Institute, une \u00e9cole d'enseignement sup\u00e9rieur situ\u00e9e \u00e0 Casablanca. Nous proposons des formations en Licence, Master et Doctorat dans des domaines vari\u00e9s. Notre objectif est de former des professionnels comp\u00e9tents et innovants, pr\u00eats \u00e0 relever les d\u00e9fis du monde professionnel. D\u00e9couvrez notre programme acad\u00e9mique et nos options de financement. Inscrivez-vous d\u00e8s maintenant pour donner un coup de pouce \u00e0 votre carri\u00e8re !","robots":{"index":"index","follow":"follow","max-snippet":"max-snippet:-1","max-image-preview":"max-image-preview:large","max-video-preview":"max-video-preview:-1"},"canonical":"https:\/\/www.adalia.ac.ma\/en\/life\/store\/","og_locale":"en_US","og_type":"article","og_title":"Store - ADALIA Institute","og_description":"D\u00e9couvrez l'ADALIA Institute, une \u00e9cole d'enseignement sup\u00e9rieur situ\u00e9e \u00e0 Casablanca. Nous proposons des formations en Licence, Master et Doctorat dans des domaines vari\u00e9s. Notre objectif est de former des professionnels comp\u00e9tents et innovants, pr\u00eats \u00e0 relever les d\u00e9fis du monde professionnel. D\u00e9couvrez notre programme acad\u00e9mique et nos options de financement. Inscrivez-vous d\u00e8s maintenant pour donner un coup de pouce \u00e0 votre carri\u00e8re !","og_url":"https:\/\/www.adalia.ac.ma\/en\/life\/store\/","og_site_name":"ADALIA Institute","article_publisher":"https:\/\/www.facebook.com\/adalia.business.school\/","article_modified_time":"2020-09-21T10:53:06+00:00","twitter_card":"summary_large_image","twitter_misc":{"Est. reading time":"3 minutes"},"schema":{"@context":"https:\/\/schema.org","@graph":[{"@type":"WebPage","@id":"https:\/\/www.adalia.ac.ma\/fr\/life\/store\/","url":"https:\/\/www.adalia.ac.ma\/fr\/life\/store\/","name":"Store - ADALIA Institute","isPartOf":{"@id":"https:\/\/www.adalia.ac.ma\/#website"},"datePublished":"2020-09-21T10:21:03+00:00","dateModified":"2020-09-21T10:53:06+00:00","description":"D\u00e9couvrez l'ADALIA Institute, une \u00e9cole d'enseignement sup\u00e9rieur situ\u00e9e \u00e0 Casablanca. Nous proposons des formations en Licence, Master et Doctorat dans des domaines vari\u00e9s. Notre objectif est de former des professionnels comp\u00e9tents et innovants, pr\u00eats \u00e0 relever les d\u00e9fis du monde professionnel. D\u00e9couvrez notre programme acad\u00e9mique et nos options de financement. Inscrivez-vous d\u00e8s maintenant pour donner un coup de pouce \u00e0 votre carri\u00e8re !","breadcrumb":{"@id":"https:\/\/www.adalia.ac.ma\/fr\/life\/store\/#breadcrumb"},"inLanguage":"en-US","potentialAction":[{"@type":"ReadAction","target":["https:\/\/www.adalia.ac.ma\/fr\/life\/store\/"]}]},{"@type":"BreadcrumbList","@id":"https:\/\/www.adalia.ac.ma\/fr\/life\/store\/#breadcrumb","itemListElement":[{"@type":"ListItem","position":1,"name":"Accueil","item":"https:\/\/www.adalia.ac.ma\/"},{"@type":"ListItem","position":2,"name":"Accueil","item":"https:\/\/www.adalia.ac.ma\/fr\/"},{"@type":"ListItem","position":3,"name":"Vie Etudiante","item":"https:\/\/www.adalia.ac.ma\/fr\/life\/"},{"@type":"ListItem","position":4,"name":"Store"}]},{"@type":"WebSite","@id":"https:\/\/www.adalia.ac.ma\/#website","url":"https:\/\/www.adalia.ac.ma\/","name":"ADALIA Institute |\u00a0School of Business and Management","description":"Thinkers &amp; Doers","publisher":{"@id":"https:\/\/www.adalia.ac.ma\/#organization"},"alternateName":"ADALIA Institute","potentialAction":[{"@type":"SearchAction","target":{"@type":"EntryPoint","urlTemplate":"https:\/\/www.adalia.ac.ma\/?s={search_term_string}"},"query-input":{"@type":"PropertyValueSpecification","valueRequired":true,"valueName":"search_term_string"}}],"inLanguage":"en-US"},{"@type":"Organization","@id":"https:\/\/www.adalia.ac.ma\/#organization","name":"ADALIA Institute | School of Business and Management","alternateName":"ADALIA Institute","url":"https:\/\/www.adalia.ac.ma\/","logo":{"@type":"ImageObject","inLanguage":"en-US","@id":"https:\/\/www.adalia.ac.ma\/#\/schema\/logo\/image\/","url":"https:\/\/www.adalia.ac.ma\/wp-content\/uploads\/2020\/08\/adalia-icon-r-75.png","contentUrl":"https:\/\/www.adalia.ac.ma\/wp-content\/uploads\/2020\/08\/adalia-icon-r-75.png","width":75,"height":75,"caption":"ADALIA Institute | School of Business and Management"},"image":{"@id":"https:\/\/www.adalia.ac.ma\/#\/schema\/logo\/image\/"},"sameAs":["https:\/\/www.facebook.com\/adalia.business.school\/","https:\/\/www.linkedin.com\/company\/adalia-school-of-business\/","https:\/\/www.instagram.com\/adalia.institute\/"]}]}},"_links":{"self":[{"href":"https:\/\/www.adalia.ac.ma\/en\/wp-json\/wp\/v2\/pages\/1276","targetHints":{"allow":["GET"]}}],"collection":[{"href":"https:\/\/www.adalia.ac.ma\/en\/wp-json\/wp\/v2\/pages"}],"about":[{"href":"https:\/\/www.adalia.ac.ma\/en\/wp-json\/wp\/v2\/types\/page"}],"author":[{"embeddable":true,"href":"https:\/\/www.adalia.ac.ma\/en\/wp-json\/wp\/v2\/users\/1"}],"replies":[{"embeddable":true,"href":"https:\/\/www.adalia.ac.ma\/en\/wp-json\/wp\/v2\/comments?post=1276"}],"version-history":[{"count":3,"href":"https:\/\/www.adalia.ac.ma\/en\/wp-json\/wp\/v2\/pages\/1276\/revisions"}],"predecessor-version":[{"id":1286,"href":"https:\/\/www.adalia.ac.ma\/en\/wp-json\/wp\/v2\/pages\/1276\/revisions\/1286"}],"up":[{"embeddable":true,"href":"https:\/\/www.adalia.ac.ma\/en\/wp-json\/wp\/v2\/pages\/166"}],"wp:attachment":[{"href":"https:\/\/www.adalia.ac.ma\/en\/wp-json\/wp\/v2\/media?parent=1276"}],"curies":[{"name":"wp","href":"https:\/\/api.w.org\/{rel}","templated":true}]}}